{"id":22948,"date":"2024-10-29T10:09:15","date_gmt":"2024-10-29T08:09:15","guid":{"rendered":"https:\/\/www.go4dogs.de\/?post_type=product&#038;p=22948"},"modified":"2025-11-28T23:03:15","modified_gmt":"2025-11-28T21:03:15","slug":"annyx-fun-geschirr-limited-edition-zaubernuss","status":"publish","type":"product","link":"https:\/\/www.go4dogs.de\/?product=annyx-fun-geschirr-limited-edition-zaubernuss","title":{"rendered":"Annyx-Fun-Geschirr Limited Edition Zaubernuss"},"content":{"rendered":"<p>Annyx-Fun-Geschirr\u00a0 Limited Edition Zaubernuss<\/p>\n<p><!--more--><\/p>\n<p>Das gepolsterte (vollunterlegte) Geschirr Fun ist im Hals- und Brustbereich individuell einstellbar und zwei bis zu 70kg Zugbelastung ausgerichtete Steckschnallen (ab Gr. M) sorgen f\u00fcr einen bequemen Einstieg.<\/p>\n<p>Das Geschirr ist so aufgebaut, dass es sich dem K\u00f6rperbau des Hundes ergonomisch anpasst, dadurch entsteht eine optimale Zugverteilung, die den R\u00fccken Ihres Hundes schont.<\/p>\n<p>Die umlaufenden Gurte im Brustbereich bilden dank des langen Unterbruststegs einen bewegungsfreundlichen Abstand zu den Vorderbeinen, so dass die Achseln geschont werden.<\/p>\n<p>Das Gurtband ist in der kleinsten Einstellung komplett mit luftdurchl\u00e4ssigen Schaumstoff gepolstert und dieser wiederum ist mit Cordura (hoch abriebfestes Material) eingefasst.<\/p>\n<h3 class=\"panel-title\">Pflegehinweis<\/h3>\n<div class=\"panel-body\">\n<div class=\"tab-content-wrapper\">Wir empfehlen eine Maschinenw\u00e4sche bei<\/div>\n<div class=\"tab-content-wrapper\">30\u00b0C Schonwaschgang<\/div>\n<div class=\"tab-content-wrapper\">geringen Schleudertouren (800 Umdrehungen)<\/div>\n<div class=\"tab-content-wrapper\">geringer Trommelf\u00fcllung<\/div>\n<div class=\"tab-content-wrapper\">ohne\u00a0Weichsp\u00fcler<\/div>\n<div class=\"tab-content-wrapper\">in einem W\u00e4schesack und<\/div>\n<div class=\"tab-content-wrapper\">\n<p>ohne Trockner.<\/p>\n<p><strong>Bitte legen Sie das Geschirr zum Trocknen nicht auf die Heizung!<\/strong><\/p>\n<\/div>\n<\/div>\n<div id=\"tab3-name\" class=\"panel panel-default\">\n<div class=\"panel-heading\" data-target=\"#tab3-name\" data-parent=\"#article-tabs\">\n<h3 class=\"panel-title\">Messanleitung und Ma\u00dftabelle<\/h3>\n<\/div>\n<div class=\"panel-body\">\n<div class=\"tab-content-wrapper\">So ermitteln Sie die richtigen Ma\u00dfe f\u00fcr unsere Brustgeschirre: siehe Ma\u00dftabelle und Messanleitung\u00a0in den Fotos!<\/div>\n<div class=\"tab-content-wrapper\">Die Bruststegl\u00e4nge k\u00f6nnen Sie bei Ihrem Hund ganz einfach messen:<br \/>\nLegen Sie das Ma\u00dfband am Beginn des Brustbeines an und f\u00fchren es zwischen den Vorderbeinen hindurch nach hinten.<br \/>\nSollten Sie vorher die Gr\u00f6\u00dfe S in Erw\u00e4gung gezogen haben, dann m\u00fcssten die 23cm hinter der breitesten Stelle des Brustkorbes und vor dem letzten Rippenbogen enden.<\/div>\n<\/div>\n<\/div>\n","protected":false},"excerpt":{"rendered":"<p>Annyx-Fun-Geschirr\u00a0 Limited Edition Zaubernuss<\/p>\n","protected":false},"featured_media":0,"comment_status":"closed","ping_status":"closed","template":"","meta":[],"product_brand":[],"product_cat":[206],"product_tag":[],"class_list":{"0":"post-22948","1":"product","2":"type-product","3":"status-publish","5":"product_cat-fun-geschirre","6":"tm-no-options","8":"first","9":"outofstock","10":"taxable","11":"shipping-taxable","12":"product-type-variable"},"supplier_id":null,"supplier_sku":"","barcode":null,"atum_controlled":true,"out_stock_date":null,"out_stock_threshold":null,"inheritable":true,"inbound_stock":0,"stock_on_hold":0,"sold_today":1,"sales_last_days":2,"reserved_stock":0,"customer_returns":0,"warehouse_damage":0,"lost_in_post":0,"other_logs":0,"out_stock_days":null,"lost_sales":0,"has_location":false,"update_date":"2025-12-20T08:41:45","atum_locations":[],"atum_stock_status":"outofstock","restock_status":false,"low_stock_amount":"","sales_update_date":"2025-01-22T15:23:15","calc_backorders":null,"jetpack_sharing_enabled":true,"_links":{"self":[{"href":"https:\/\/www.go4dogs.de\/index.php?rest_route=\/wp\/v2\/product\/22948","targetHints":{"allow":["GET"]}}],"collection":[{"href":"https:\/\/www.go4dogs.de\/index.php?rest_route=\/wp\/v2\/product"}],"about":[{"href":"https:\/\/www.go4dogs.de\/index.php?rest_route=\/wp\/v2\/types\/product"}],"replies":[{"embeddable":true,"href":"https:\/\/www.go4dogs.de\/index.php?rest_route=%2Fwp%2Fv2%2Fcomments&post=22948"}],"wp:attachment":[{"href":"https:\/\/www.go4dogs.de\/index.php?rest_route=%2Fwp%2Fv2%2Fmedia&parent=22948"}],"wp:term":[{"taxonomy":"product_brand","embeddable":true,"href":"https:\/\/www.go4dogs.de\/index.php?rest_route=%2Fwp%2Fv2%2Fproduct_brand&post=22948"},{"taxonomy":"product_cat","embeddable":true,"href":"https:\/\/www.go4dogs.de\/index.php?rest_route=%2Fwp%2Fv2%2Fproduct_cat&post=22948"},{"taxonomy":"product_tag","embeddable":true,"href":"https:\/\/www.go4dogs.de\/index.php?rest_route=%2Fwp%2Fv2%2Fproduct_tag&post=22948"}],"curies":[{"name":"wp","href":"https:\/\/api.w.org\/{rel}","templated":true}]}}