{"id":22921,"date":"2024-10-28T17:09:40","date_gmt":"2024-10-28T15:09:40","guid":{"rendered":"https:\/\/www.go4dogs.de\/?post_type=product&#038;p=22921"},"modified":"2024-10-28T17:12:35","modified_gmt":"2024-10-28T15:12:35","slug":"garden-bites-vegan-bones-groesse-s-8-stueck","status":"publish","type":"product","link":"https:\/\/www.go4dogs.de\/?product=garden-bites-vegan-bones-groesse-s-8-stueck","title":{"rendered":"Garden Bites Vegan Bones &#8211; Gr\u00f6\u00dfe S &#8211; 8 St\u00fcck"},"content":{"rendered":"<div class=\"product--description\">\n<div class=\"product--description\">\n<p>Diese leckeren\u00a0<strong>Garden Bites Bones<\/strong>\u00a0Gem\u00fcse-Knochen erinnern vielleicht ein wenig an Tierhaut, sind aber zu 100% pflanzlich. Sie stecken voller wichtiger Vitamine und N\u00e4hrstoffe und schmecken au\u00dferdem unwiderstehlich lecker. Die Rezeptur ist vegan und glutenfrei, wovon vor allem allergische und ern\u00e4hrungssensible Hunde profitieren. Sie k\u00f6nnen die bunten Kauknochen in der wiederverschlie\u00dfbaren 3er- oder 8er- Packung oder als lose Ware ohne Umverpackung und Kennzeichnung erhalten. Hunde-Kauknochen ohne Verpackung schonen unsere Umwelt, da Ressourcen eingespart werden.<\/p>\n<h2>Garden Bites \u201eVegan Bones&#8221; Hunde\u00a0Gem\u00fcse-Knochen<\/h2>\n<ul>\n<li>leckere vegane Kauknochen f\u00fcr Hunde, ideal als Belohnung oder Leckerli<\/li>\n<li>die Bones sind glutenfrei: leicht verdaulich, geeignet f\u00fcr Hunde mit Allergien<\/li>\n<li>Garden Bites sind stets\u00a0kalorienarm<\/li>\n<li>pflegt die Z\u00e4hne: durch die spezielle Form wird das Zahnfleisch massiert und die Z\u00e4hne gereinigt<\/li>\n<li>nat\u00fcrliches Minz\u00f6l sorgt beim Vierbeiner f\u00fcr frischen Maulgeruch<\/li>\n<li>reich an Vitaminen und Mineralstoffen<\/li>\n<li>Gr\u00f6\u00dfe S: je ~ 11 cm lang &amp; 42 g<\/li>\n<li>Gr\u00f6\u00dfe L: je ~ 14,5 cm lang &amp; 90 g<\/li>\n<\/ul>\n<h3>\u201eVegan Bones\u201c von Garden Bites sind n\u00e4hrstoffreich<\/h3>\n<p>Dieser rein vegane Gem\u00fcseknochen besteht zu 55% aus S\u00fc\u00dfkartoffeln, welche bekanntlich zu den ges\u00fcndesten und n\u00e4hrstoffreichsten Gem\u00fcsearten geh\u00f6rt. Vitamin A und Betacarotin, welche f\u00fcr ein starkes Immunsystem eine wichtige Rolle spielen, sind in ihr am reichhaltigsten vorhanden. Aber auch wichtige Mineralstoffe wie Kalium (wichtig f\u00fcr ein gesundes Herz), Magnesium (st\u00e4rkt die Muskeln und Nerven) und Calcium (h\u00e4lt Knochen und Z\u00e4hne stabil) sind in hoher Konzentration vorhanden. Der hohe Anteil an Antioxidantien machen sie zu dem entz\u00fcndungshemmend und sch\u00fctzend vor freien Radikalen. Ein weiterer Spitzenreiter unter den Gem\u00fcsesorten ist Brokkoli. Auch er ist in den &#8220;Garden Bites Vegan Bones&#8221; enthalten und verf\u00fcgt \u00fcber Vitamine in besonders hoher Konzentration. Davon am meisten Vitamin C (verbessert die Eisenaufnahme, wichtig f\u00fcr das Immunsystem), Vitamin K (f\u00fcr die Bildung von Blutgerinnungsfaktoren wichtig) und Betacarotin (sch\u00fctzt vor Krebs und Arteriosklerose). Sie sind teilweise in so hohen Mengen vorhanden, dass sie mehr als den gesamten Tagesbedarf abdecken. Au\u00dferdem sind Calcium, Eisen (essentiell f\u00fcr den Sauerstofftransport im K\u00f6rper) und Kupfer (ist beteiligt an der Bildung von Bindegewebe und Blut) vertreten. Der gr\u00fcne Kohl kann bei regelm\u00e4\u00dfigem Verzehr vor Herz-Kreislauf-Erkrankungen und diversen Krebsarten sch\u00fctzen. Auch die Paprika liefert neben bereits erw\u00e4hnten Vitaminen und Mineralstoffen zus\u00e4tzlich Vitamin B6 (st\u00e4rkt das Nerven- und Immunsystem) und Fols\u00e4ure (ist beteiligt an der Produktion von Gl\u00fcckshormonen). Doch nicht nur die gesunden Zutaten tun Ihrem Hund etwas Gutes, sondern auch die Knochenform \u00a0der &#8220;Garden Bites Vegan Bones&#8221;\u00a0pflegt die Z\u00e4hne und das Zahnfleisch Ihres Lieblings. Die veganen Gem\u00fcseknochen f\u00fcr Hunde sind nicht zu hart, sie zeichnen sich durch eine flexible Konsistenz aus und laden dadurch zum Kauen ein. Zus\u00e4tzlich f\u00f6rdern sie beim Kauen den Speichelfluss an. Dieser f\u00f6rdert die Reinigung der Mundh\u00f6hle. Die \u201eVegan Bones\u201c von Garden Bites sind rundum ein gesunder Gem\u00fcsesnack, der mit gutem Gewissen t\u00e4glich als Leckerli oder Belohnung gegeben werden kann.<\/p>\n<h3>Vegan Bones &#8211; Zahnpflege f\u00fcr Hunde mit dem Gem\u00fcseknochen von Garden Bites<\/h3>\n<p>Etwa 80% der ausgewachsenen Hunde leiden unter Zahnproblemen. Dies liegt daran, dass viele Hundebesitzerinnen und Hundebesitzer unwissend die Zahnpflege vernachl\u00e4ssigen. Doch auch die Z\u00e4hne unserer Vierbeiner k\u00f6nnen ohne Pflege zu Problemen im Mundraum, aber auch zu lebensbedrohlicheren Gesundheitsproblemen wie Herz-, Leber- und Nierenkrankheiten f\u00fchren. Zahnprobleme erkennen Sie an verf\u00e4rbten Z\u00e4hnen, entz\u00fcndetem Zahnfleisch und\/oder schlechtem Atem. Mit nur einem Gem\u00fcseknochen t\u00e4glich k\u00f6nnen Sie Zahnstein, Zahnbelag und Maulgeruch vorbeugen und so Ihren Hund vor den zuvor erw\u00e4hnten Krankheiten sch\u00fctzen. Die &#8220;Garden Bites Vegan Bones\u201c k\u00f6nnen Ihren Hund Dank ihrer speziellen Form und Konsistenz bei der t\u00e4glichen Zahnhygiene unterst\u00fctzen.<\/p>\n<h3>\u201eGarden Bites Vegan Bones\u201c Herstellung &#8211; denn der Gem\u00fcseknochen w\u00e4chst nicht auf dem Feld<\/h3>\n<p>Der erste Schritt in der Produktion dieser Gem\u00fcseknochen f\u00fcr Hunde besteht aus dem Abwiegen s\u00e4mtlicher Rohstoffe entsprechend der Rezeptur. Im weiteren Verlauf wird alles zusammen f\u00fcr 5-10 Minuten vermengt. Die gemischte Masse wird daraufhin auf bis zu 145 Grad erhitzt und anschlie\u00dfend in die &#8220;Knochenform&#8221; gef\u00fcllt. Darauf folgen 6 Stunden Trocknung und weitere 2 Stunden K\u00fchlung. Sind die \u201eVegan Bones\u201c fertig, werden sie in der ersten Pr\u00fcfung von einem maschinellen Metalldetektor kontrolliert, um etwaige R\u00fcckst\u00e4nde aus der Produktion zu identifizieren. Die zweite Pr\u00fcfung erfolgt anhand einer Checkliste manuell. Haben die Garden Bites Vegan Bones\u00a0diese Pr\u00fcfungen bestanden, werden sie in die entsprechende Verpackung abgef\u00fcllt, sofern es sich nicht um unverpackte Ware handelt. Fertig verpackt werden die Gem\u00fcseknochen noch einmal optisch \u00fcberpr\u00fcft, bevor sie f\u00fcr den Verkauf zur Verf\u00fcgnung stehen.<\/p>\n<\/div>\n<div class=\"product--attr\">\n<div class=\"recomandation\">\n<h2>F\u00fctterungsempfehlung<\/h2>\n<p>Gr\u00f6\u00dfe S (Gewicht vom Hund\/St\u00fcck pro Tag): 3-7 kg (1), 7-12 kg (2), &gt;12 kg (4).<br \/>\nGr\u00f6\u00dfe L (Gewicht vom Hund\/St\u00fcck pro Tag): 3-7 kg (1\/8), 7-12 kg (1\/4), &gt;12 kg (1\/2).<\/p><\/div>\n<div class=\"ingredients\">\n<h2>Zutaten<\/h2>\n<p>Gem\u00fcse (55% S\u00fc\u00dfkartoffel, 4,5% Brokkoli, 4,5% Paprika), pflanzliche Nebenerzeugnisse, Mineralstoffe, Hefe, \u00d6le und Fette (0,1% nat\u00fcrliches Minz\u00f6l).<\/p><\/div>\n<div class=\"ingredients\">\n<h2>Analyse<\/h2>\n<p>Rohprotein 4,8%, Rohfett 3,1%, Rohfaser 1,0%, Rohasche 4,5%, Feuchtigkeit 15%.<\/p><\/div>\n<\/div>\n<\/div>\n","protected":false},"excerpt":{"rendered":"<p>Diese leckeren\u00a0Garden Bites Bones\u00a0Gem\u00fcse-Knochen erinnern vielleicht ein wenig an Tierhaut, sind aber zu 100% pflanzlich. Sie stecken voller wichtiger Vitamine und N\u00e4hrstoffe und schmecken au\u00dferdem unwiderstehlich lecker. Die Rezeptur ist vegan und glutenfrei, wovon vor allem allergische und ern\u00e4hrungssensible Hunde profitieren. Sie k\u00f6nnen die bunten Kauknochen in der wiederverschlie\u00dfbaren 3er- oder 8er- Packung oder als [&hellip;]<\/p>\n","protected":false},"featured_media":22923,"comment_status":"closed","ping_status":"closed","template":"","meta":[],"product_brand":[],"product_cat":[241],"product_tag":[],"class_list":{"0":"post-22921","1":"product","2":"type-product","3":"status-publish","4":"has-post-thumbnail","6":"product_cat-kauspass","7":"tm-no-options","9":"first","10":"instock","11":"taxable","12":"shipping-taxable","13":"product-type-simple"},"supplier_id":null,"supplier_sku":"","barcode":null,"atum_controlled":true,"out_stock_date":null,"out_stock_threshold":null,"inheritable":false,"inbound_stock":0,"stock_on_hold":0,"sold_today":0,"sales_last_days":0,"reserved_stock":0,"customer_returns":0,"warehouse_damage":0,"lost_in_post":0,"other_logs":0,"out_stock_days":0,"lost_sales":0,"has_location":false,"update_date":"2025-01-09T14:44:18","atum_locations":[],"atum_stock_status":"instock","restock_status":false,"low_stock_amount":"","sales_update_date":"2025-01-09T14:44:18","calc_backorders":null,"jetpack_sharing_enabled":true,"_links":{"self":[{"href":"https:\/\/www.go4dogs.de\/index.php?rest_route=\/wp\/v2\/product\/22921","targetHints":{"allow":["GET"]}}],"collection":[{"href":"https:\/\/www.go4dogs.de\/index.php?rest_route=\/wp\/v2\/product"}],"about":[{"href":"https:\/\/www.go4dogs.de\/index.php?rest_route=\/wp\/v2\/types\/product"}],"replies":[{"embeddable":true,"href":"https:\/\/www.go4dogs.de\/index.php?rest_route=%2Fwp%2Fv2%2Fcomments&post=22921"}],"wp:featuredmedia":[{"embeddable":true,"href":"https:\/\/www.go4dogs.de\/index.php?rest_route=\/wp\/v2\/media\/22923"}],"wp:attachment":[{"href":"https:\/\/www.go4dogs.de\/index.php?rest_route=%2Fwp%2Fv2%2Fmedia&parent=22921"}],"wp:term":[{"taxonomy":"product_brand","embeddable":true,"href":"https:\/\/www.go4dogs.de\/index.php?rest_route=%2Fwp%2Fv2%2Fproduct_brand&post=22921"},{"taxonomy":"product_cat","embeddable":true,"href":"https:\/\/www.go4dogs.de\/index.php?rest_route=%2Fwp%2Fv2%2Fproduct_cat&post=22921"},{"taxonomy":"product_tag","embeddable":true,"href":"https:\/\/www.go4dogs.de\/index.php?rest_route=%2Fwp%2Fv2%2Fproduct_tag&post=22921"}],"curies":[{"name":"wp","href":"https:\/\/api.w.org\/{rel}","templated":true}]}}