{"id":22919,"date":"2024-10-28T17:01:16","date_gmt":"2024-10-28T15:01:16","guid":{"rendered":"https:\/\/www.go4dogs.de\/?post_type=product&#038;p=22919"},"modified":"2024-10-28T17:09:00","modified_gmt":"2024-10-28T15:09:00","slug":"garden-bites-dental-sticks-groesse-l-14-stueck","status":"publish","type":"product","link":"https:\/\/www.go4dogs.de\/?product=garden-bites-dental-sticks-groesse-l-14-stueck","title":{"rendered":"Garden Bites Dental Sticks &#8211; Gr\u00f6\u00dfe L &#8211; 14 St\u00fcck"},"content":{"rendered":"<div class=\"product--description\">\n<p>Diese bunten sternf\u00f6rmigen Kaustangen\u00a0<strong>Garden Bites Dental Sticks<\/strong>\u00a0f\u00fcr die Zahnpflege sind reich an Vitaminen und N\u00e4hrstoffen und schmecken dazu noch unwiderstehlich gut! Durch die vegan und glutenfreie Rezeptur sind die Zahnsnacks auch f\u00fcr allergische und ern\u00e4hrungssensible Hunde eine echte Alternative. Sie k\u00f6nnen die \u201eDental Sticks\u201c von Garden Bites in einer wiederverschlie\u00dfbaren Packung mit 14 oder 28 St\u00fcck\u00a0oder als lose Ware einzeln ohne Umverpackung und Kennzeichnung als Beitrag zur Umweltentlastung bestellen.<\/p>\n<h2>Garden Bites \u201eDental Sticks\u201c &#8211; veganer Zahnsnack f\u00fcr Hunde<\/h2>\n<ul>\n<li>geschmackvoller veganer Hundesnack, ideal als Belohnung oder Leckerli<\/li>\n<li>glutenfrei: leicht verdaulich, geeignet bei Allergien und Unvertr\u00e4glichkeiten<\/li>\n<li>kalorienarmer Zahnsnack von Garden Bites<\/li>\n<li>Zahngesundheit: durch die sonderbare Form wird das Zahnfleisch massiert und die Z\u00e4hne gereinigt<\/li>\n<li>nat\u00fcrliches Minz\u00f6l sorgt f\u00fcr frischen Hundeatem<\/li>\n<li>Hundekaustange reich an Vitaminen und Mineralstoffen<\/li>\n<li>Gr\u00f6\u00dfe L: 14 Stk. je ~ 16 cm lang &amp; 30g<\/li>\n<\/ul>\n<h3>\u201eDental Sticks\u201c &#8211; diese veganen Inhalsstoffe verarbeitet Garden Bites<\/h3>\n<p>Die veganen Dental Sticks Hundkaustangen von Garden Bites\u00a0bestehen aus 55% S\u00fc\u00dfkartoffeln, was diese Zahnsnacks so unfassbar reich an Vitaminen und wichtigen N\u00e4hrstoffen macht. S\u00fc\u00dfkartoffeln gelten als eine der ges\u00fcndesten und n\u00e4hrstoffreichsten Gem\u00fcsearten. Besonders reichhaltig sind sie an Vitamin A und Betacarotin. Beide sind f\u00fcr ein starkes Immunsystem relevant. Mineralstoffe wie Kalium (wichtig f\u00fcr ein gesundes Herz), Magnesium (st\u00e4rkt die Muskeln und Nerven) und Calcium (h\u00e4lt Z\u00e4hne und Knochen stabil) sind in hoher Konzentration vorhanden. S\u00fc\u00dfkartoffeln besitzen einen hohen Anteil an Antioxidantien, welche entz\u00fcndungshemmend wirken und vor freien Radikalen sch\u00fctzen. Die n\u00e4chste Zutat der\u00a0Dental Sticks von Garden Bites\u00a0geh\u00f6rt auch zu den Spitzenreitern unter den Gem\u00fcsesorten: Brokkoli. Der gr\u00fcne Kohl verf\u00fcgt \u00fcber Vitamine in besonders hoher Konzentration. Vor allem Vitamin C (verbessert die Eisenaufnahme, wichtig f\u00fcr das Immunsystem), Vitamin K (f\u00fcr die Bildung von Blutgerinnungsfaktoren wichtig) und Betacarotin (sch\u00fctzt vor Krebs und Arteriosklerose) sind in so hohen Mengen vorhanden, dass sie teilweise mehr als den gesamten Tagesbedarf abdecken. Doch nicht nur das, auch wertvolle Mineralstoffe wie Calcium, Eisen (ist essentiell f\u00fcr den Sauerstofftransport im K\u00f6rper) und Kupfer (ist beteiligt an der Bildung von Bindegewebe und Blut) sind vertreten. Bei regelm\u00e4\u00dfigem Verzehr kann Brokkoli vor Herz-Kreislauf-Erkrankungen und diversen Krebsarten sch\u00fctzen. Die Paprika macht das Gem\u00fcsetrio komplett. Sie liefert zus\u00e4tzlich noch Vitamin B6 (st\u00e4rkt das Nerven- und Immunsystem) und Fols\u00e4ure (ist beteiligt an der Produktion von Gl\u00fcckshormonen). Die \u201eDental Sticks\u201c von Garden Bites versorgen Ihren Hund mit vielen wichtigen N\u00e4hrstoffen, doch auch das sternf\u00f6rmige Aussehen der Zahnsnacks hat eine wirksame Funktion. Durch sie wird das Zahnfleisch massiert und die Z\u00e4hne gereinigt. Das zugef\u00fcgte Minz\u00f6l in den Hundekaustangen sorgt f\u00fcr einen frischen Atem. Zusammengefasst l\u00e4sst sich sagen: die Garden Bites Dental Sticks\u00a0k\u00f6nnen Sie Ihrem Vierbeiner mit gutem Gewissen als Leckerli zwischendrin oder als Belohnung t\u00e4glich geben.<\/p>\n<h3>Zahnpflege mit den Zahnsnacks &#8220;Dental Sticks von Garden Bites&#8221;<\/h3>\n<p>Ungepflegte Z\u00e4hne k\u00f6nnen auch bei unseren Hunden zu Zahnschmerzen, aber auch zu lebensbedrohlichen Gesundheitsproblemen wie Herz-, Leber- und Nierenkrankheiten f\u00fchren. Zahnprobleme bei Ihrem Vierbeiner k\u00f6nnen Sie an verf\u00e4rbten Z\u00e4hnen, entz\u00fcndetem Zahnfleisch und\/oder schlechtem Atem erkennen. Zahnpflege beim Hund ist gar nicht so kompliziert: mit nur einem Zahnsnack t\u00e4glich kann Zahnbelag, Zahnstein, Maulgeruch und somit auch den zuvor erw\u00e4hnten Gesundheitsproblemen vorgebeugt werden. Die Hundekaustangen &#8220;Garden Bites Dental Sticks\u201c helfen Ihrem Vierbeiner Dank der speziellen Form bei der t\u00e4glichen Zahnhygiene.<\/p>\n<h3>So stellt Garden Bites die \u201eDental Sticks\u201c her<\/h3>\n<p>Bevor die Verarbeitung starten kann werden zun\u00e4chst alle ben\u00f6tigten Rohstoffe f\u00fcr die &#8220;Garden Bites\u00a0Dental Sticks&#8221;\u00a0entsprechend der Rezeptur abgewogen. Danach wird alles zusammen f\u00fcr 5-10 Minuten\u00a0gemixt. Die gemischte Masse wird daraufhin auf bis zu 145 Grad erhitzt und anschlie\u00dfend in die &#8220;Stern-Formen&#8221; gef\u00fcllt. Darauf folgen 6 Stunden Trocknung und weitere 2 Stunden K\u00fchlung der Hundekaustangen. Sind die Zahnsnacks fertig, werden sie zun\u00e4chst von einem maschinellen Metalldetektor kontrolliert, um etwaige R\u00fcckst\u00e4nde aus der Produktion zu identifizieren. Die zweite Pr\u00fcfung erfolgt anhand einer Checkliste manuell. Haben Zahnsnacks diese Pr\u00fcfungen bestanden, werden sie in die\u00a0Garden Bites Dental Sticks\u00a0Verpackung abgef\u00fcllt, sofern es sich nicht um unverpackte Ware handelt. Fertig verpackt werden die Hundekaustangen von Garden Bites noch einmal optisch \u00fcberpr\u00fcft, bevor dier Dental Sticks\u00a0dann versandfertig sind.<\/p>\n<\/div>\n<div class=\"product--attr\">\n<div class=\"recomandation\">\n<h2>F\u00fctterungsempfehlung<\/h2>\n<p>Gr\u00f6\u00dfe L (Gewicht vom Hund\/St\u00fcck pro Tag): 3-7 kg (1\/8), 7-12 kg (1\/4), &gt;12 kg (1\/2).<\/p><\/div>\n<div class=\"ingredients\">\n<h2>Zutaten<\/h2>\n<p>Gem\u00fcse (55% S\u00fc\u00dfkartoffel, 4,5% Brokkoli, 4,5% Paprika), pflanzliche Nebenerzeugnisse, Mineralstoffe, Hefe, \u00d6le und Fette (0,1% nat\u00fcrliches Minz\u00f6l). Enth\u00e4lt in der EU zugelassene Farbstoffe und Konservierungsmittel.<\/p><\/div>\n<div class=\"ingredients\">\n<h2>Analyse<\/h2>\n<p>Rohprotein 4,8%, Rohfett 3,1%, Rohfaser 1,0%, Rohasche 4,5%, Feuchtigkeit 15%.<\/p><\/div>\n<\/div>\n","protected":false},"excerpt":{"rendered":"<p>Diese bunten sternf\u00f6rmigen Kaustangen\u00a0Garden Bites Dental Sticks\u00a0f\u00fcr die Zahnpflege sind reich an Vitaminen und N\u00e4hrstoffen und schmecken dazu noch unwiderstehlich gut! Durch die vegan und glutenfreie Rezeptur sind die Zahnsnacks auch f\u00fcr allergische und ern\u00e4hrungssensible Hunde eine echte Alternative. Sie k\u00f6nnen die \u201eDental Sticks\u201c von Garden Bites in einer wiederverschlie\u00dfbaren Packung mit 14 oder 28 [&hellip;]<\/p>\n","protected":false},"featured_media":22920,"comment_status":"closed","ping_status":"closed","template":"","meta":[],"product_brand":[],"product_cat":[241],"product_tag":[],"class_list":{"0":"post-22919","1":"product","2":"type-product","3":"status-publish","4":"has-post-thumbnail","6":"product_cat-kauspass","7":"tm-no-options","9":"first","10":"instock","11":"taxable","12":"shipping-taxable","13":"product-type-simple"},"supplier_id":null,"supplier_sku":"","barcode":null,"atum_controlled":true,"out_stock_date":null,"out_stock_threshold":null,"inheritable":false,"inbound_stock":0,"stock_on_hold":0,"sold_today":0,"sales_last_days":0,"reserved_stock":0,"customer_returns":0,"warehouse_damage":0,"lost_in_post":0,"other_logs":0,"out_stock_days":0,"lost_sales":0,"has_location":false,"update_date":"2025-01-09T14:44:18","atum_locations":[],"atum_stock_status":"instock","restock_status":false,"low_stock_amount":"","sales_update_date":"2025-01-09T14:44:18","calc_backorders":null,"jetpack_sharing_enabled":true,"_links":{"self":[{"href":"https:\/\/www.go4dogs.de\/index.php?rest_route=\/wp\/v2\/product\/22919","targetHints":{"allow":["GET"]}}],"collection":[{"href":"https:\/\/www.go4dogs.de\/index.php?rest_route=\/wp\/v2\/product"}],"about":[{"href":"https:\/\/www.go4dogs.de\/index.php?rest_route=\/wp\/v2\/types\/product"}],"replies":[{"embeddable":true,"href":"https:\/\/www.go4dogs.de\/index.php?rest_route=%2Fwp%2Fv2%2Fcomments&post=22919"}],"wp:featuredmedia":[{"embeddable":true,"href":"https:\/\/www.go4dogs.de\/index.php?rest_route=\/wp\/v2\/media\/22920"}],"wp:attachment":[{"href":"https:\/\/www.go4dogs.de\/index.php?rest_route=%2Fwp%2Fv2%2Fmedia&parent=22919"}],"wp:term":[{"taxonomy":"product_brand","embeddable":true,"href":"https:\/\/www.go4dogs.de\/index.php?rest_route=%2Fwp%2Fv2%2Fproduct_brand&post=22919"},{"taxonomy":"product_cat","embeddable":true,"href":"https:\/\/www.go4dogs.de\/index.php?rest_route=%2Fwp%2Fv2%2Fproduct_cat&post=22919"},{"taxonomy":"product_tag","embeddable":true,"href":"https:\/\/www.go4dogs.de\/index.php?rest_route=%2Fwp%2Fv2%2Fproduct_tag&post=22919"}],"curies":[{"name":"wp","href":"https:\/\/api.w.org\/{rel}","templated":true}]}}