{"id":22851,"date":"2024-09-04T16:57:45","date_gmt":"2024-09-04T14:57:45","guid":{"rendered":"https:\/\/www.go4dogs.de\/?post_type=product&#038;p=22851"},"modified":"2024-10-26T11:12:51","modified_gmt":"2024-10-26T09:12:51","slug":"coockoo-larry","status":"publish","type":"product","link":"https:\/\/www.go4dogs.de\/?product=coockoo-larry","title":{"rendered":"Coockoo Larry"},"content":{"rendered":"<h3 class=\"h5 mb-3\">Stimulierendes Hundespielzeug in Form einer Raupe<\/h3>\n<p>Das farbenfrohe Coockoo Larry Hundespielzeug ist eine multifunktionale Raupe aus strapazierf\u00e4higem Naturkautschuk in Kombination mit zwei Nylonantennen. Sein K\u00f6rper besteht aus vier separaten Gummiringen, in die Sie Leckerli hineinschieben k\u00f6nnen, damit Ihr Hund eine herausfordernde Aufgabe oder einfach eine zus\u00e4tzliche Besch\u00e4ftigung hat. Nylonantennen sind ideal zum Kauen oder Packen des Spielzeugs. Larry garantiert stundenlangen Spielspa\u00df bei der Zahnpflege Ihres Hundes.<\/p>\n","protected":false},"excerpt":{"rendered":"<p>Stimulierendes Hundespielzeug in Form einer Raupe Das farbenfrohe Coockoo Larry Hundespielzeug ist eine multifunktionale Raupe aus strapazierf\u00e4higem Naturkautschuk in Kombination mit zwei Nylonantennen. Sein K\u00f6rper besteht aus vier separaten Gummiringen, in die Sie Leckerli hineinschieben k\u00f6nnen, damit Ihr Hund eine herausfordernde Aufgabe oder einfach eine zus\u00e4tzliche Besch\u00e4ftigung hat. Nylonantennen sind ideal zum Kauen oder Packen [&hellip;]<\/p>\n","protected":false},"featured_media":22855,"comment_status":"closed","ping_status":"closed","template":"","meta":[],"product_brand":[],"product_cat":[218,219],"product_tag":[],"class_list":{"0":"post-22851","1":"product","2":"type-product","3":"status-publish","4":"has-post-thumbnail","6":"product_cat-zum-werfen-zerren-jagen","7":"product_cat-zum-beschaeftigen","8":"tm-no-options","10":"first","11":"instock","12":"taxable","13":"shipping-taxable","14":"product-type-variable"},"supplier_id":null,"supplier_sku":"","barcode":null,"atum_controlled":true,"out_stock_date":null,"out_stock_threshold":null,"inheritable":true,"inbound_stock":0,"stock_on_hold":0,"sold_today":null,"sales_last_days":null,"reserved_stock":0,"customer_returns":0,"warehouse_damage":0,"lost_in_post":0,"other_logs":0,"out_stock_days":null,"lost_sales":null,"has_location":false,"update_date":"2024-11-12T16:29:17","atum_locations":[],"atum_stock_status":"instock","restock_status":false,"low_stock_amount":"","sales_update_date":"2024-11-12T16:29:17","calc_backorders":null,"jetpack_sharing_enabled":true,"_links":{"self":[{"href":"https:\/\/www.go4dogs.de\/index.php?rest_route=\/wp\/v2\/product\/22851","targetHints":{"allow":["GET"]}}],"collection":[{"href":"https:\/\/www.go4dogs.de\/index.php?rest_route=\/wp\/v2\/product"}],"about":[{"href":"https:\/\/www.go4dogs.de\/index.php?rest_route=\/wp\/v2\/types\/product"}],"replies":[{"embeddable":true,"href":"https:\/\/www.go4dogs.de\/index.php?rest_route=%2Fwp%2Fv2%2Fcomments&post=22851"}],"wp:featuredmedia":[{"embeddable":true,"href":"https:\/\/www.go4dogs.de\/index.php?rest_route=\/wp\/v2\/media\/22855"}],"wp:attachment":[{"href":"https:\/\/www.go4dogs.de\/index.php?rest_route=%2Fwp%2Fv2%2Fmedia&parent=22851"}],"wp:term":[{"taxonomy":"product_brand","embeddable":true,"href":"https:\/\/www.go4dogs.de\/index.php?rest_route=%2Fwp%2Fv2%2Fproduct_brand&post=22851"},{"taxonomy":"product_cat","embeddable":true,"href":"https:\/\/www.go4dogs.de\/index.php?rest_route=%2Fwp%2Fv2%2Fproduct_cat&post=22851"},{"taxonomy":"product_tag","embeddable":true,"href":"https:\/\/www.go4dogs.de\/index.php?rest_route=%2Fwp%2Fv2%2Fproduct_tag&post=22851"}],"curies":[{"name":"wp","href":"https:\/\/api.w.org\/{rel}","templated":true}]}}