{"id":22842,"date":"2024-09-04T14:03:33","date_gmt":"2024-09-04T12:03:33","guid":{"rendered":"https:\/\/www.go4dogs.de\/?post_type=product&#038;p=22842"},"modified":"2024-11-13T20:27:12","modified_gmt":"2024-11-13T18:27:12","slug":"west-paw-zogoflex-hundespielzeug-toppl","status":"publish","type":"product","link":"https:\/\/www.go4dogs.de\/?product=west-paw-zogoflex-hundespielzeug-toppl","title":{"rendered":"West Paw Zogoflex Hundespielzeug Toppl"},"content":{"rendered":"<p><b>West Paw Zogoflex Hundespielzeug Toppl<\/b><\/p>\n<p>Mit dem Zogoflex Toppl Hundespielzeug von West Paw hat man einfach jede Menge Spa\u00df. Jeder wei\u00df, das Hunde gerne schn\u00fcffeln, schlecken und kauen, meist vorzugsweise am Zaun zum Nachbarn, an Herrchens bestem Ausgehschuh oder der Couch.<\/p>\n<p>Bieten Sie ihrem Hund doch einfach etwas an, da\u00df ihm jede Menge Spiel- und Kauspa\u00df bietet und dabei maul- und gebissfreundlich und um ein vielfaches kaust\u00e4rker ist! Der Toppl ist ein harter, robuster Becher und er ist in verschiedenen Gr\u00f6\u00dfen erh\u00e4ltlich, auch f\u00fcr kleinere Rassen. Er ist schwimmf\u00e4hig und kann gefahrlos in der Sp\u00fclmaschine gereinigt werden.<\/p>\n<p>Der Toppl wird aus recyclebarem Zogoflex-Material hergestellt und ist somit zu 100% recyclebar.<\/p>\n<p>Toppl ist wie ein Becher geformt und die kleinen &#8220;Fingerchen&#8221; im Inneren sind ein perfekter Ort, um kleine Snacks dazwischen zu klemmen oder ein bisschen Leberwurst hinein zu streichen. Geben Sie ihrem Hund etwas Zeit, herauszufinden wie man das Leckerchen da raus bekommt! (Bei den ersten Versuchen kann man ruhig ein wenig helfen, damit kein Frust entsteht!). Ist das verstanden, kann man das Spiel je nach Lust, Laune und Veranlagung des Hundes erweitern: Ob ein Leckerli oder auch eine ganze Mahlzeit oder im Sommer gefroren und im Winter mit leckeren Keksen &#8211; hier kann man seiner Fantasie freien lauf lassen.<\/p>\n<p><b>TIPP &#8211; Toppl klein und gro\u00df zusammen verwenden:<\/b><br \/>\nToppl gro\u00df und klein bef\u00fcllen und anschlie\u00dfend zusammen stecken&#8230; im n\u00e4chsten Schritt ganz fest &#8220;verschrauben&#8221;&#8230; und die K\u00f6nigsdisziplin: Toppl gro\u00df und klein bef\u00fcllt, fest verbunden und die L\u00f6cher (mit Sticks o.\u00e4.) verstopfen. Dein Hund wird einen enormen Ehrgeiz entwickeln und dieses Spiel wird ihn sehr auslasten.<\/p>\n<p>&#8211; Perfekt zum verstecken von s\u00e4mtlichen Leckereien<br \/>\n&#8211; Sp\u00fclmaschinenfest<br \/>\n&#8211; Schwimmf\u00e4hig<br \/>\n&#8211; BPA-frei, latexfrei und FDA-konform<br \/>\n&#8211; F\u00fcr noch mehr Herausforderung greifen klein und gro\u00df ineinander<br \/>\n&#8211; Fl\u00fcssige Snacks k\u00f6nnen auch eingefroren werden<br \/>\n&#8211; Hergestellt aus 100% recyclebarem Zogoflex-Material<\/p>\n<p>&nbsp;<\/p>\n<p>&nbsp;<\/p>\n","protected":false},"excerpt":{"rendered":"<p>West Paw Zogoflex Hundespielzeug Toppl Mit dem Zogoflex Toppl Hundespielzeug von West Paw hat man einfach jede Menge Spa\u00df. Jeder wei\u00df, das Hunde gerne schn\u00fcffeln, schlecken und kauen, meist vorzugsweise am Zaun zum Nachbarn, an Herrchens bestem Ausgehschuh oder der Couch. Bieten Sie ihrem Hund doch einfach etwas an, da\u00df ihm jede Menge Spiel- und [&hellip;]<\/p>\n","protected":false},"featured_media":22843,"comment_status":"closed","ping_status":"closed","template":"","meta":[],"product_brand":[],"product_cat":[219],"product_tag":[],"class_list":{"0":"post-22842","1":"product","2":"type-product","3":"status-publish","4":"has-post-thumbnail","6":"product_cat-zum-beschaeftigen","7":"tm-no-options","9":"first","10":"instock","11":"taxable","12":"shipping-taxable","13":"product-type-variable"},"supplier_id":null,"supplier_sku":"","barcode":null,"atum_controlled":true,"out_stock_date":null,"out_stock_threshold":null,"inheritable":true,"inbound_stock":0,"stock_on_hold":0,"sold_today":0,"sales_last_days":1,"reserved_stock":0,"customer_returns":0,"warehouse_damage":0,"lost_in_post":0,"other_logs":0,"out_stock_days":null,"lost_sales":0,"has_location":false,"update_date":"2025-07-10T10:30:44","atum_locations":[],"atum_stock_status":"instock","restock_status":false,"low_stock_amount":"","sales_update_date":"2024-11-12T16:29:17","calc_backorders":null,"jetpack_sharing_enabled":true,"_links":{"self":[{"href":"https:\/\/www.go4dogs.de\/index.php?rest_route=\/wp\/v2\/product\/22842","targetHints":{"allow":["GET"]}}],"collection":[{"href":"https:\/\/www.go4dogs.de\/index.php?rest_route=\/wp\/v2\/product"}],"about":[{"href":"https:\/\/www.go4dogs.de\/index.php?rest_route=\/wp\/v2\/types\/product"}],"replies":[{"embeddable":true,"href":"https:\/\/www.go4dogs.de\/index.php?rest_route=%2Fwp%2Fv2%2Fcomments&post=22842"}],"wp:featuredmedia":[{"embeddable":true,"href":"https:\/\/www.go4dogs.de\/index.php?rest_route=\/wp\/v2\/media\/22843"}],"wp:attachment":[{"href":"https:\/\/www.go4dogs.de\/index.php?rest_route=%2Fwp%2Fv2%2Fmedia&parent=22842"}],"wp:term":[{"taxonomy":"product_brand","embeddable":true,"href":"https:\/\/www.go4dogs.de\/index.php?rest_route=%2Fwp%2Fv2%2Fproduct_brand&post=22842"},{"taxonomy":"product_cat","embeddable":true,"href":"https:\/\/www.go4dogs.de\/index.php?rest_route=%2Fwp%2Fv2%2Fproduct_cat&post=22842"},{"taxonomy":"product_tag","embeddable":true,"href":"https:\/\/www.go4dogs.de\/index.php?rest_route=%2Fwp%2Fv2%2Fproduct_tag&post=22842"}],"curies":[{"name":"wp","href":"https:\/\/api.w.org\/{rel}","templated":true}]}}