{"id":22694,"date":"2024-07-11T17:58:36","date_gmt":"2024-07-11T15:58:36","guid":{"rendered":"https:\/\/www.go4dogs.de\/?post_type=product&#038;p=22694"},"modified":"2024-12-01T20:57:25","modified_gmt":"2024-12-01T18:57:25","slug":"kong-fill-or-freeze-tray","status":"publish","type":"product","link":"https:\/\/www.go4dogs.de\/?product=kong-fill-or-freeze-tray","title":{"rendered":"KONG Fill or Freeze Tray"},"content":{"rendered":"<div><strong>KONG Fill or Freeze Tray<\/strong><\/div>\n<div><\/div>\n<div>Mit dem KONG Fill or Freeze Tray k\u00f6nnen Sie ganz einfach mehrere KONG-Spielzeuge gleichzeitig f\u00fcllen, k\u00fchlen und einfrieren, sodass Sie immer ein oder zwei bereit haben, wenn es Zeit f\u00fcr eine leckere, kaubare und instinktbefriedigende Bereicherung ist. Speziell geformte L\u00f6cher verf\u00fcgen \u00fcber einzigartige Silikonklappen, die KONGs sicher aufrecht halten und ein sauberes Bef\u00fcllen erm\u00f6glichen. Hergestellt f\u00fcr alle Gr\u00f6\u00dfen von KONG-Spielzeugen der Kategorien Classic, Puppy, Extreme und Senior.<\/div>\n<ul>\n<li>\n<div>Silikonklappen halten 3 KONGs sicher aufrecht in den L\u00f6chern und erm\u00f6glichen einfaches, sauberes Bef\u00fcllen, K\u00fchlen und Einfrieren.<\/div>\n<\/li>\n<li>\n<div>Die robuste F\u00fcllstation erleichtert das Bef\u00fcllen von KONG<\/div>\n<\/li>\n<li>\n<div>Die Klappen halten die KONGs aufrecht und erm\u00f6glichen ein problemloses Bef\u00fcllen, K\u00fchlen und Einfrieren<\/div>\n<\/li>\n<li>\n<div>F\u00fcr alle Gr\u00f6\u00dfen von KONG-Spielzeugen der Kategorien Classic, Puppy, Extreme und Senior<\/div>\n<\/li>\n<li>\n<div>Nur Handw\u00e4sche<\/div>\n<\/li>\n<\/ul>\n<p><u>Gr\u00f6\u00dfe:<\/u><\/p>\n<ul>\n<li>13,34 x 34,93 x 6,99 cm<\/li>\n<\/ul>\n","protected":false},"excerpt":{"rendered":"<p>KONG Fill or Freeze Tray Mit dem KONG Fill or Freeze Tray k\u00f6nnen Sie ganz einfach mehrere KONG-Spielzeuge gleichzeitig f\u00fcllen, k\u00fchlen und einfrieren, sodass Sie immer ein oder zwei bereit haben, wenn es Zeit f\u00fcr eine leckere, kaubare und instinktbefriedigende Bereicherung ist. Speziell geformte L\u00f6cher verf\u00fcgen \u00fcber einzigartige Silikonklappen, die KONGs sicher aufrecht halten und [&hellip;]<\/p>\n","protected":false},"featured_media":22698,"comment_status":"closed","ping_status":"closed","template":"","meta":[],"product_brand":[],"product_cat":[219],"product_tag":[],"class_list":{"0":"post-22694","1":"product","2":"type-product","3":"status-publish","4":"has-post-thumbnail","6":"product_cat-zum-beschaeftigen","7":"tm-no-options","9":"first","10":"instock","11":"taxable","12":"shipping-taxable","13":"product-type-simple"},"supplier_id":null,"supplier_sku":"","barcode":null,"atum_controlled":true,"out_stock_date":null,"out_stock_threshold":null,"inheritable":false,"inbound_stock":0,"stock_on_hold":0,"sold_today":0,"sales_last_days":0,"reserved_stock":0,"customer_returns":0,"warehouse_damage":0,"lost_in_post":0,"other_logs":0,"out_stock_days":0,"lost_sales":0,"has_location":false,"update_date":"2024-12-01T18:57:29","atum_locations":[],"atum_stock_status":"instock","restock_status":false,"low_stock_amount":"","sales_update_date":"2024-11-12T16:29:17","calc_backorders":null,"jetpack_sharing_enabled":true,"_links":{"self":[{"href":"https:\/\/www.go4dogs.de\/index.php?rest_route=\/wp\/v2\/product\/22694","targetHints":{"allow":["GET"]}}],"collection":[{"href":"https:\/\/www.go4dogs.de\/index.php?rest_route=\/wp\/v2\/product"}],"about":[{"href":"https:\/\/www.go4dogs.de\/index.php?rest_route=\/wp\/v2\/types\/product"}],"replies":[{"embeddable":true,"href":"https:\/\/www.go4dogs.de\/index.php?rest_route=%2Fwp%2Fv2%2Fcomments&post=22694"}],"wp:featuredmedia":[{"embeddable":true,"href":"https:\/\/www.go4dogs.de\/index.php?rest_route=\/wp\/v2\/media\/22698"}],"wp:attachment":[{"href":"https:\/\/www.go4dogs.de\/index.php?rest_route=%2Fwp%2Fv2%2Fmedia&parent=22694"}],"wp:term":[{"taxonomy":"product_brand","embeddable":true,"href":"https:\/\/www.go4dogs.de\/index.php?rest_route=%2Fwp%2Fv2%2Fproduct_brand&post=22694"},{"taxonomy":"product_cat","embeddable":true,"href":"https:\/\/www.go4dogs.de\/index.php?rest_route=%2Fwp%2Fv2%2Fproduct_cat&post=22694"},{"taxonomy":"product_tag","embeddable":true,"href":"https:\/\/www.go4dogs.de\/index.php?rest_route=%2Fwp%2Fv2%2Fproduct_tag&post=22694"}],"curies":[{"name":"wp","href":"https:\/\/api.w.org\/{rel}","templated":true}]}}