{"id":22655,"date":"2024-07-11T15:45:48","date_gmt":"2024-07-11T13:45:48","guid":{"rendered":"https:\/\/www.go4dogs.de\/?post_type=product&#038;p=22655"},"modified":"2024-11-12T18:21:12","modified_gmt":"2024-11-12T16:21:12","slug":"tauleine-zum-annyx-sommerfarbe-lavendel-lila-tau","status":"publish","type":"product","link":"https:\/\/www.go4dogs.de\/?product=tauleine-zum-annyx-sommerfarbe-lavendel-lila-tau","title":{"rendered":"Tauleine zum AnnyX &#8211; Sommerfarbe Lavendel (lila Tau)"},"content":{"rendered":"<p style=\"text-align: left;\"><span style=\"color: #000000; font-family: Book Antiqua,Palatino;\"><strong><span style=\"font-size: 12pt;\">Hier findest du die passende Tauleine zum AnnyX in der Sommerfarbe Lavendel!<\/span><\/strong><\/span><\/p>\n<p><span style=\"color: #000000; font-family: Book Antiqua,Palatino; font-size: 12pt;\">Unsere Tauleine besteht aus lilanem PPM-Tau und fliederfarbenem Takel!<\/span><br \/>\n<span style=\"color: #000000; font-family: Book Antiqua,Palatino; font-size: 12pt;\">Je nach Leine wurden Ringe, Karabiner und Endkappen in silber verarbeitet.<\/span><\/p>\n<ul>\n<li><span style=\"color: #000000; font-family: Book Antiqua,Palatino; font-size: 12pt;\">verstellbare F\u00fchrleine in 2m-L\u00e4nge mit drei verstellbaren Ringen<\/span><\/li>\n<li><span style=\"color: #000000; font-family: Book Antiqua,Palatino; font-size: 12pt;\">F\u00fchrleine in 1,20m-L\u00e4nge mit Handschlaufe)<\/span><\/li>\n<li><span style=\"color: #000000; font-family: Book Antiqua,Palatino; font-size: 12pt;\">Retrieverleine mit verstellbarem Halsung \u2013 die mitwachsende Leine. Durch die Knoten ist eine Verstellung auf die Halsgr\u00f6\u00dfe eures Hundes m\u00f6glich. Ideal auch f\u00fcr Welpen \u2013 die Leine w\u00e4chst mit dem heranwachsenden Hund mit.\u00a0<\/span><\/li>\n<\/ul>\n<p><span style=\"color: #000000; font-family: Book Antiqua,Palatino; font-size: 12pt;\">H\u00e4ttest du diese Leine gerne abgewandelt bzgl. der Karabinerfarben oder Takelfarben gehe bitte \u00fcber die entsprechende Taufarbe in den Wunschleinen.<\/span><\/p>\n<p>Waschbar in der Waschmaschine bei 30 Grad. Ein W\u00e4sches\u00e4ckchen empfehlen wir dir.<\/p>\n<p>Dieses Produkt wird nach deiner Bestellung speziell f\u00fcr dich per Hand gefertigt. Es ist daher von der R\u00fcckgabe ausgeschlossen.<\/p>\n","protected":false},"excerpt":{"rendered":"<p>Hier findest du die passende Tauleine zum AnnyX in der Sommerfarbe Lavendel! Unsere Tauleine besteht aus lilanem PPM-Tau und fliederfarbenem Takel! Je nach Leine wurden Ringe, Karabiner und Endkappen in silber verarbeitet. verstellbare F\u00fchrleine in 2m-L\u00e4nge mit drei verstellbaren Ringen F\u00fchrleine in 1,20m-L\u00e4nge mit Handschlaufe) Retrieverleine mit verstellbarem Halsung \u2013 die mitwachsende Leine. Durch die [&hellip;]<\/p>\n","protected":false},"featured_media":22668,"comment_status":"closed","ping_status":"closed","template":"","meta":[],"product_brand":[],"product_cat":[213,274],"product_tag":[],"class_list":{"0":"post-22655","1":"product","2":"type-product","3":"status-publish","4":"has-post-thumbnail","6":"product_cat-deine-tauprodukte-zum-annyx","7":"product_cat-tauleinen-zum-annyx","8":"tm-has-options","10":"first","11":"instock","12":"taxable","13":"shipping-taxable","14":"product-type-simple"},"supplier_id":null,"supplier_sku":"","barcode":null,"atum_controlled":true,"out_stock_date":null,"out_stock_threshold":null,"inheritable":false,"inbound_stock":0,"stock_on_hold":0,"sold_today":0,"sales_last_days":1,"reserved_stock":0,"customer_returns":0,"warehouse_damage":0,"lost_in_post":0,"other_logs":0,"out_stock_days":0,"lost_sales":0,"has_location":false,"update_date":"2025-10-23T09:08:42","atum_locations":[],"atum_stock_status":"instock","restock_status":false,"low_stock_amount":"","sales_update_date":"2025-10-23T09:08:42","calc_backorders":null,"jetpack_sharing_enabled":true,"_links":{"self":[{"href":"https:\/\/www.go4dogs.de\/index.php?rest_route=\/wp\/v2\/product\/22655","targetHints":{"allow":["GET"]}}],"collection":[{"href":"https:\/\/www.go4dogs.de\/index.php?rest_route=\/wp\/v2\/product"}],"about":[{"href":"https:\/\/www.go4dogs.de\/index.php?rest_route=\/wp\/v2\/types\/product"}],"replies":[{"embeddable":true,"href":"https:\/\/www.go4dogs.de\/index.php?rest_route=%2Fwp%2Fv2%2Fcomments&post=22655"}],"wp:featuredmedia":[{"embeddable":true,"href":"https:\/\/www.go4dogs.de\/index.php?rest_route=\/wp\/v2\/media\/22668"}],"wp:attachment":[{"href":"https:\/\/www.go4dogs.de\/index.php?rest_route=%2Fwp%2Fv2%2Fmedia&parent=22655"}],"wp:term":[{"taxonomy":"product_brand","embeddable":true,"href":"https:\/\/www.go4dogs.de\/index.php?rest_route=%2Fwp%2Fv2%2Fproduct_brand&post=22655"},{"taxonomy":"product_cat","embeddable":true,"href":"https:\/\/www.go4dogs.de\/index.php?rest_route=%2Fwp%2Fv2%2Fproduct_cat&post=22655"},{"taxonomy":"product_tag","embeddable":true,"href":"https:\/\/www.go4dogs.de\/index.php?rest_route=%2Fwp%2Fv2%2Fproduct_tag&post=22655"}],"curies":[{"name":"wp","href":"https:\/\/api.w.org\/{rel}","templated":true}]}}