{"id":22534,"date":"2024-04-18T14:02:34","date_gmt":"2024-04-18T12:02:34","guid":{"rendered":"https:\/\/www.go4dogs.de\/?post_type=product&#038;p=22534"},"modified":"2024-04-18T14:02:34","modified_gmt":"2024-04-18T12:02:34","slug":"tug-life-spielseil-2-schlaufen-blau-extra-large","status":"publish","type":"product","link":"https:\/\/www.go4dogs.de\/?product=tug-life-spielseil-2-schlaufen-blau-extra-large","title":{"rendered":"TUG LIFE Spielseil 2 Schlaufen blau extra large"},"content":{"rendered":"<p>Wer ist der oder die St\u00e4rkste zuhause? Das Spielzeug TUG LIFE von Bite me ist perfekt zum Tauziehen! Das gedrehte Baumwollseil mit 2 Schlaufen ist sehr stark und eignet sich daher perfekt f\u00fcr Spiele zum Ziehen und Apportieren. Ihr Hund wird es lieben, auf dem Baumwollseil zu kauen. Das Kauen auf einem Seil tr\u00e4gt auch zu gesunden Z\u00e4hnen und Zahnfleisch bei. Au\u00dferdem macht die Mischung der blauen Farben das Spielzeug noch eleganter! FLOSS LIKE A BOSS verf\u00fcgt \u00fcber die hochwertigen Baumwoll-Spielseile von Bite me.<\/p>\n<p>&nbsp;<\/p>\n<ul class=\"list-check mb-4 mb-lg-5\">\n<li class=\"productDetailSpecification specificationColor{$color} fontScalingMobile\">Mit 2 Schlaufen zum Ziehen<\/li>\n<li class=\"productDetailSpecification specificationColor{$color} fontScalingMobile\">Fest gedrehtes Baumwollseil<\/li>\n<li class=\"productDetailSpecification specificationColor{$color} fontScalingMobile\">Mischung aus blauen Farben<\/li>\n<li class=\"productDetailSpecification specificationColor{$color} fontScalingMobile\">Qualit\u00e4t bis zum letzten Detail<\/li>\n<li class=\"productDetailSpecification specificationColor{$color} fontScalingMobile\">Tr\u00e4gt zu gesunden Z\u00e4hnen und Zahnfleisch bei<\/li>\n<li>Gr\u00f6\u00dfe: 64x14x14cm<\/li>\n<\/ul>\n","protected":false},"excerpt":{"rendered":"<p>Wer ist der oder die St\u00e4rkste zuhause? Das Spielzeug TUG LIFE von Bite me ist perfekt zum Tauziehen! Das gedrehte Baumwollseil mit 2 Schlaufen ist sehr stark und eignet sich daher perfekt f\u00fcr Spiele zum Ziehen und Apportieren. Ihr Hund wird es lieben, auf dem Baumwollseil zu kauen. Das Kauen auf einem Seil tr\u00e4gt auch [&hellip;]<\/p>\n","protected":false},"featured_media":22538,"comment_status":"closed","ping_status":"closed","template":"","meta":[],"product_brand":[],"product_cat":[218],"product_tag":[],"class_list":{"0":"post-22534","1":"product","2":"type-product","3":"status-publish","4":"has-post-thumbnail","6":"product_cat-zum-werfen-zerren-jagen","7":"tm-no-options","9":"first","10":"instock","11":"taxable","12":"shipping-taxable","13":"purchasable","14":"product-type-simple"},"supplier_id":null,"supplier_sku":"","barcode":null,"atum_controlled":true,"out_stock_date":null,"out_stock_threshold":null,"inheritable":false,"inbound_stock":0,"stock_on_hold":0,"sold_today":0,"sales_last_days":0,"reserved_stock":0,"customer_returns":0,"warehouse_damage":0,"lost_in_post":0,"other_logs":0,"out_stock_days":0,"lost_sales":0,"has_location":false,"update_date":"2024-08-28T13:00:51","atum_locations":[],"atum_stock_status":"instock","restock_status":false,"low_stock_amount":"","sales_update_date":"2024-08-28T13:00:51","calc_backorders":null,"jetpack_sharing_enabled":true,"_links":{"self":[{"href":"https:\/\/www.go4dogs.de\/index.php?rest_route=\/wp\/v2\/product\/22534","targetHints":{"allow":["GET"]}}],"collection":[{"href":"https:\/\/www.go4dogs.de\/index.php?rest_route=\/wp\/v2\/product"}],"about":[{"href":"https:\/\/www.go4dogs.de\/index.php?rest_route=\/wp\/v2\/types\/product"}],"replies":[{"embeddable":true,"href":"https:\/\/www.go4dogs.de\/index.php?rest_route=%2Fwp%2Fv2%2Fcomments&post=22534"}],"wp:featuredmedia":[{"embeddable":true,"href":"https:\/\/www.go4dogs.de\/index.php?rest_route=\/wp\/v2\/media\/22538"}],"wp:attachment":[{"href":"https:\/\/www.go4dogs.de\/index.php?rest_route=%2Fwp%2Fv2%2Fmedia&parent=22534"}],"wp:term":[{"taxonomy":"product_brand","embeddable":true,"href":"https:\/\/www.go4dogs.de\/index.php?rest_route=%2Fwp%2Fv2%2Fproduct_brand&post=22534"},{"taxonomy":"product_cat","embeddable":true,"href":"https:\/\/www.go4dogs.de\/index.php?rest_route=%2Fwp%2Fv2%2Fproduct_cat&post=22534"},{"taxonomy":"product_tag","embeddable":true,"href":"https:\/\/www.go4dogs.de\/index.php?rest_route=%2Fwp%2Fv2%2Fproduct_tag&post=22534"}],"curies":[{"name":"wp","href":"https:\/\/api.w.org\/{rel}","templated":true}]}}