{"id":22504,"date":"2024-04-18T13:34:31","date_gmt":"2024-04-18T11:34:31","guid":{"rendered":"https:\/\/www.go4dogs.de\/?post_type=product&#038;p=22504"},"modified":"2025-11-29T16:37:27","modified_gmt":"2025-11-29T14:37:27","slug":"hundespielzeug-giraffe-george-braun-klein","status":"publish","type":"product","link":"https:\/\/www.go4dogs.de\/?product=hundespielzeug-giraffe-george-braun-klein","title":{"rendered":"Hundespielzeug Giraffe GEORGE braun klein"},"content":{"rendered":"<p>Das Hundespielzeug George von D&amp;D HOME ist ein Muss f\u00fcr jeden Hund. Dieses robuste Spielzeug in Form einer Giraffe ist aus einem lustigen gerippten Cordstoff (Samt) gefertigt und mit Polyester gef\u00fcllt. George hat einen Schwanz aus nat\u00fcrlicher Baumwollschnur und auch in seinem Nacken ist ein dickes Seil f\u00fcr zus\u00e4tzlichen Spielspa\u00df verarbeitet. Dank des sch\u00f6nen Designs und der zeitgem\u00e4\u00dfen Farbe passt das Spielzeug perfekt in jede Einrichtung.<\/p>\n<p>&nbsp;<\/p>\n<ul class=\"list-check mb-4 mb-lg-5\">\n<li class=\"productDetailSpecification specificationColor{$color} fontScalingMobile\">Hundespielzeug aus Cordgewebe<\/li>\n<li class=\"productDetailSpecification specificationColor{$color} fontScalingMobile\">Zeitgem\u00e4\u00dfe Farbe und Form<\/li>\n<li class=\"productDetailSpecification specificationColor{$color} fontScalingMobile\">F\u00fcllung 100% Polyester<\/li>\n<li class=\"productDetailSpecification specificationColor{$color} fontScalingMobile\">Feiner Abschluss &#8211; Ohren in Teddyfell<\/li>\n<li class=\"productDetailSpecification specificationColor{$color} fontScalingMobile\">Mit Schwanz aus Baumwollseil f\u00fcr extra Spielvergn\u00fcgen<\/li>\n<li>Gr\u00f6\u00dfe: 7x15x26cm<\/li>\n<\/ul>\n","protected":false},"excerpt":{"rendered":"<p>Das Hundespielzeug George von D&amp;D HOME ist ein Muss f\u00fcr jeden Hund. Dieses robuste Spielzeug in Form einer Giraffe ist aus einem lustigen gerippten Cordstoff (Samt) gefertigt und mit Polyester gef\u00fcllt. George hat einen Schwanz aus nat\u00fcrlicher Baumwollschnur und auch in seinem Nacken ist ein dickes Seil f\u00fcr zus\u00e4tzlichen Spielspa\u00df verarbeitet. Dank des sch\u00f6nen Designs [&hellip;]<\/p>\n","protected":false},"featured_media":22508,"comment_status":"closed","ping_status":"closed","template":"","meta":[],"product_brand":[],"product_cat":[218,220],"product_tag":[],"class_list":{"0":"post-22504","1":"product","2":"type-product","3":"status-publish","4":"has-post-thumbnail","6":"product_cat-zum-werfen-zerren-jagen","7":"product_cat-zum-kuscheln","8":"tm-no-options","10":"first","11":"instock","12":"sale","13":"taxable","14":"shipping-taxable","15":"product-type-simple"},"supplier_id":null,"supplier_sku":"","barcode":null,"atum_controlled":true,"out_stock_date":null,"out_stock_threshold":null,"inheritable":false,"inbound_stock":0,"stock_on_hold":0,"sold_today":1,"sales_last_days":1,"reserved_stock":0,"customer_returns":0,"warehouse_damage":0,"lost_in_post":0,"other_logs":0,"out_stock_days":0,"lost_sales":0,"has_location":false,"update_date":"2025-11-29T14:37:29","atum_locations":[],"atum_stock_status":"instock","restock_status":false,"low_stock_amount":"","sales_update_date":"2024-08-27T09:40:28","calc_backorders":null,"jetpack_sharing_enabled":true,"_links":{"self":[{"href":"https:\/\/www.go4dogs.de\/index.php?rest_route=\/wp\/v2\/product\/22504","targetHints":{"allow":["GET"]}}],"collection":[{"href":"https:\/\/www.go4dogs.de\/index.php?rest_route=\/wp\/v2\/product"}],"about":[{"href":"https:\/\/www.go4dogs.de\/index.php?rest_route=\/wp\/v2\/types\/product"}],"replies":[{"embeddable":true,"href":"https:\/\/www.go4dogs.de\/index.php?rest_route=%2Fwp%2Fv2%2Fcomments&post=22504"}],"wp:featuredmedia":[{"embeddable":true,"href":"https:\/\/www.go4dogs.de\/index.php?rest_route=\/wp\/v2\/media\/22508"}],"wp:attachment":[{"href":"https:\/\/www.go4dogs.de\/index.php?rest_route=%2Fwp%2Fv2%2Fmedia&parent=22504"}],"wp:term":[{"taxonomy":"product_brand","embeddable":true,"href":"https:\/\/www.go4dogs.de\/index.php?rest_route=%2Fwp%2Fv2%2Fproduct_brand&post=22504"},{"taxonomy":"product_cat","embeddable":true,"href":"https:\/\/www.go4dogs.de\/index.php?rest_route=%2Fwp%2Fv2%2Fproduct_cat&post=22504"},{"taxonomy":"product_tag","embeddable":true,"href":"https:\/\/www.go4dogs.de\/index.php?rest_route=%2Fwp%2Fv2%2Fproduct_tag&post=22504"}],"curies":[{"name":"wp","href":"https:\/\/api.w.org\/{rel}","templated":true}]}}