{"id":22433,"date":"2024-02-29T16:37:35","date_gmt":"2024-02-29T14:37:35","guid":{"rendered":"https:\/\/www.go4dogs.de\/?post_type=product&#038;p=22433"},"modified":"2025-12-11T22:01:23","modified_gmt":"2025-12-11T20:01:23","slug":"unikate-hands4paws-e-v-schluessenanhaenger-mit-mini-taschenlampe","status":"publish","type":"product","link":"https:\/\/www.go4dogs.de\/?product=unikate-hands4paws-e-v-schluessenanhaenger-mit-mini-taschenlampe","title":{"rendered":"Unikate Hands4paws e.V. &#8211; Schl\u00fcssenanh\u00e4nger mit Mini-Taschenlampe"},"content":{"rendered":"<p>Zur Info vorweg: der komplette Kaufpreis geht zu 100% an Hands4Paws Helfende H\u00e4nde f\u00fcr Jagdhunde in Not e.V.<br \/>\nWeitere Informationen zu der Arbeit des Vereins findet ihr <a href=\"https:\/\/www.hands4paws.de\/\">hier<\/a>!<\/p>\n<p>&nbsp;<\/p>\n<p>mit diesem Schl\u00fcsselanh\u00e4nger habt ihr es immer hell!<\/p>\n<ul>\n<li>Taschenlampe ca. 6cm lang<\/li>\n<li>Material: gummiertes Aluminium<\/li>\n<li>3 LED-Lichter inkl. Knopfzellenbatterie<\/li>\n<\/ul>\n","protected":false},"excerpt":{"rendered":"<p>Zur Info vorweg: der komplette Kaufpreis geht zu 100% an Hands4Paws Helfende H\u00e4nde f\u00fcr Jagdhunde in Not e.V. Weitere Informationen zu der Arbeit des Vereins findet ihr hier! &nbsp; mit diesem Schl\u00fcsselanh\u00e4nger habt ihr es immer hell! Taschenlampe ca. 6cm lang Material: gummiertes Aluminium 3 LED-Lichter inkl. Knopfzellenbatterie<\/p>\n","protected":false},"featured_media":22429,"comment_status":"closed","ping_status":"closed","template":"","meta":[],"product_brand":[],"product_cat":[339],"product_tag":[],"class_list":{"0":"post-22433","1":"product","2":"type-product","3":"status-publish","4":"has-post-thumbnail","6":"product_cat-unikate-von-hands4paws-e-v","7":"tm-no-options","9":"first","10":"instock","11":"sale","12":"taxable","13":"shipping-taxable","14":"purchasable","15":"product-type-simple"},"supplier_id":null,"supplier_sku":"","barcode":null,"atum_controlled":true,"out_stock_date":null,"out_stock_threshold":null,"inheritable":false,"inbound_stock":0,"stock_on_hold":0,"sold_today":0,"sales_last_days":3,"reserved_stock":0,"customer_returns":0,"warehouse_damage":0,"lost_in_post":0,"other_logs":0,"out_stock_days":0,"lost_sales":0,"has_location":false,"update_date":"2025-12-11T20:01:23","atum_locations":[],"atum_stock_status":"instock","restock_status":false,"low_stock_amount":"","sales_update_date":"2025-11-07T09:45:40","calc_backorders":null,"jetpack_sharing_enabled":true,"_links":{"self":[{"href":"https:\/\/www.go4dogs.de\/index.php?rest_route=\/wp\/v2\/product\/22433","targetHints":{"allow":["GET"]}}],"collection":[{"href":"https:\/\/www.go4dogs.de\/index.php?rest_route=\/wp\/v2\/product"}],"about":[{"href":"https:\/\/www.go4dogs.de\/index.php?rest_route=\/wp\/v2\/types\/product"}],"replies":[{"embeddable":true,"href":"https:\/\/www.go4dogs.de\/index.php?rest_route=%2Fwp%2Fv2%2Fcomments&post=22433"}],"wp:featuredmedia":[{"embeddable":true,"href":"https:\/\/www.go4dogs.de\/index.php?rest_route=\/wp\/v2\/media\/22429"}],"wp:attachment":[{"href":"https:\/\/www.go4dogs.de\/index.php?rest_route=%2Fwp%2Fv2%2Fmedia&parent=22433"}],"wp:term":[{"taxonomy":"product_brand","embeddable":true,"href":"https:\/\/www.go4dogs.de\/index.php?rest_route=%2Fwp%2Fv2%2Fproduct_brand&post=22433"},{"taxonomy":"product_cat","embeddable":true,"href":"https:\/\/www.go4dogs.de\/index.php?rest_route=%2Fwp%2Fv2%2Fproduct_cat&post=22433"},{"taxonomy":"product_tag","embeddable":true,"href":"https:\/\/www.go4dogs.de\/index.php?rest_route=%2Fwp%2Fv2%2Fproduct_tag&post=22433"}],"curies":[{"name":"wp","href":"https:\/\/api.w.org\/{rel}","templated":true}]}}