{"id":22408,"date":"2024-02-19T12:27:30","date_gmt":"2024-02-19T10:27:30","guid":{"rendered":"https:\/\/www.go4dogs.de\/?post_type=product&#038;p=22408"},"modified":"2024-11-12T18:36:59","modified_gmt":"2024-11-12T16:36:59","slug":"dr-clauders-trainee-snack-veggie-apfel","status":"publish","type":"product","link":"https:\/\/www.go4dogs.de\/?product=dr-clauders-trainee-snack-veggie-apfel","title":{"rendered":"Dr.Clauder\u00b4s Trainee Snack Veggie Apfel"},"content":{"rendered":"<p>Eine k\u00f6stliche Mischung aus Apfel und Erdnussbutter, die mit 16,4% Apfelanteil eine fruchtige Frische in den Snack bringt. Ein pflanzlicher Genuss f\u00fcr unsere tierischen Freunde mit einem beeindruckenden Rohproteingehalt von 38% und einem geringen Fettgehalt. \u00c4pfel enthalten wertvolle Antioxidantien und zahlreiche Vitamine, Mineralstoffe und Spurenelemente.<\/p>\n<p><strong>Erg\u00e4nzungsfuttermittel f\u00fcr Hunde und Katzen.<\/strong><\/p>\n<p><strong>Zusammensetzung<\/strong>: pflanzliche Nebenerzeugnisse (Apfel 16,4%, Erdnussbutter 3,8%), Inulin (FOS) 0,5%.<\/p>\n<p><strong>Analytische Bestandteile<\/strong>: Rohprotein 38%, Rohfett 7,4%, Rohfaser 0,2%, Rohasche 1,9%, Feuchtigkeit 30%.<\/p>\n<p><strong>F\u00fctteru<\/strong><strong>ngshinweise<\/strong>: T\u00e4glich einige St\u00fccke zur Belohnung geben.<\/p>\n<p><strong>Anwendungshinweise<\/strong>: Stets frisches Wasser bereit stellen! Vor Feuchtigkeit sch\u00fctzen! K\u00fchl und trocken aufbewahren! Beutel nach Gebrauch sorgf\u00e4ltig verschlie\u00dfen. F\u00fcr weitere Informationen &#8211; bitte QR-Code scannen.<\/p>\n<p><span style=\"font-family: Georgia,Palatino;\"><strong>Verpackung<\/strong>: 80g Beutel\u00a0<\/span><\/p>\n","protected":false},"excerpt":{"rendered":"<p>Eine k\u00f6stliche Mischung aus Apfel und Erdnussbutter, die mit 16,4% Apfelanteil eine fruchtige Frische in den Snack bringt. Ein pflanzlicher Genuss f\u00fcr unsere tierischen Freunde mit einem beeindruckenden Rohproteingehalt von 38% und einem geringen Fettgehalt. \u00c4pfel enthalten wertvolle Antioxidantien und zahlreiche Vitamine, Mineralstoffe und Spurenelemente. Erg\u00e4nzungsfuttermittel f\u00fcr Hunde und Katzen. Zusammensetzung: pflanzliche Nebenerzeugnisse (Apfel 16,4%, [&hellip;]<\/p>\n","protected":false},"featured_media":22410,"comment_status":"closed","ping_status":"closed","template":"","meta":[],"product_brand":[],"product_cat":[203,216],"product_tag":[],"class_list":{"0":"post-22408","1":"product","2":"type-product","3":"status-publish","4":"has-post-thumbnail","6":"product_cat-leckerlies","7":"product_cat-leckerlies-von-dr-clauders","8":"tm-no-options","10":"first","11":"instock","12":"taxable","13":"shipping-taxable","14":"product-type-variable"},"supplier_id":null,"supplier_sku":"","barcode":null,"atum_controlled":true,"out_stock_date":null,"out_stock_threshold":null,"inheritable":true,"inbound_stock":0,"stock_on_hold":2,"sold_today":2,"sales_last_days":2,"reserved_stock":0,"customer_returns":0,"warehouse_damage":0,"lost_in_post":0,"other_logs":0,"out_stock_days":null,"lost_sales":0,"has_location":false,"update_date":"2024-12-30T17:07:31","atum_locations":[],"atum_stock_status":"instock","restock_status":false,"low_stock_amount":"","sales_update_date":"2024-07-05T16:42:14","calc_backorders":null,"jetpack_sharing_enabled":true,"_links":{"self":[{"href":"https:\/\/www.go4dogs.de\/index.php?rest_route=\/wp\/v2\/product\/22408","targetHints":{"allow":["GET"]}}],"collection":[{"href":"https:\/\/www.go4dogs.de\/index.php?rest_route=\/wp\/v2\/product"}],"about":[{"href":"https:\/\/www.go4dogs.de\/index.php?rest_route=\/wp\/v2\/types\/product"}],"replies":[{"embeddable":true,"href":"https:\/\/www.go4dogs.de\/index.php?rest_route=%2Fwp%2Fv2%2Fcomments&post=22408"}],"wp:featuredmedia":[{"embeddable":true,"href":"https:\/\/www.go4dogs.de\/index.php?rest_route=\/wp\/v2\/media\/22410"}],"wp:attachment":[{"href":"https:\/\/www.go4dogs.de\/index.php?rest_route=%2Fwp%2Fv2%2Fmedia&parent=22408"}],"wp:term":[{"taxonomy":"product_brand","embeddable":true,"href":"https:\/\/www.go4dogs.de\/index.php?rest_route=%2Fwp%2Fv2%2Fproduct_brand&post=22408"},{"taxonomy":"product_cat","embeddable":true,"href":"https:\/\/www.go4dogs.de\/index.php?rest_route=%2Fwp%2Fv2%2Fproduct_cat&post=22408"},{"taxonomy":"product_tag","embeddable":true,"href":"https:\/\/www.go4dogs.de\/index.php?rest_route=%2Fwp%2Fv2%2Fproduct_tag&post=22408"}],"curies":[{"name":"wp","href":"https:\/\/api.w.org\/{rel}","templated":true}]}}