{"id":22328,"date":"2024-02-01T13:42:55","date_gmt":"2024-02-01T11:42:55","guid":{"rendered":"https:\/\/www.go4dogs.de\/?post_type=product&#038;p=22328"},"modified":"2025-11-29T16:40:21","modified_gmt":"2025-11-29T14:40:21","slug":"wolters-plueschspielzeug-ocean-range","status":"publish","type":"product","link":"https:\/\/www.go4dogs.de\/?product=wolters-plueschspielzeug-ocean-range","title":{"rendered":"Wolters Pl\u00fcschspielzeug Ocean Range"},"content":{"rendered":"<div class=\"h3 product-detail-description-title\">Ocean Range<\/div>\n<h4>RECYCELTE MEERESBEWOHNER F\u00dcR UMWELTFREUNDLICHEN SPIELSPASS<\/h4>\n<p>Die Ocean Range Pl\u00fcschspielzeuge bringen maritime Abwechslung in die Spielzeugkiste deines Hundes. Bei eurem gemeinsamen Spiel mit den besonders weichen Meerestieren genie\u00dft dein Hund deine ungeteilte Aufmerksamkeit. Dadurch st\u00e4rkst du die Bindung zu deinem Vierbeiner und sorgst f\u00fcr dessen Ausgeglichenheit. F\u00fcr die t\u00e4gliche Besch\u00e4ftigung sind Schildkr\u00f6te, Manta Rochen, Kalmar oder Delfin perfekt geeignet, denn ein Gurtband verst\u00e4rkt die Stoffr\u00e4nder und sorgt damit f\u00fcr eine l\u00e4ngere Lebensdauer. Auch bei Apportierspielen kannst du die Ocean Range Spielzeuge einsetzen und deinen Hund dadurch geistig f\u00f6rdern.<\/p>\n<p>Unserer Meere und Umwelt zuliebe bestehen die Pl\u00fcschis vollst\u00e4ndig aus recyceltem Material. Das verwendete Polyester des Obermaterials und der F\u00fcllung ist zu 100% recycelt und damit besonders ressourcenschonend.<\/p>\n<p>Die Spielzeuge haben keine verschluckbaren Kleinteile, wie z.B. aufgen\u00e4hte Knopfaugen. Dennoch solltest du deinen Hund beim Spielen immer beaufsichtigen und darauf achten, dass keine Stofffetzen von ihm aufgenommen werden.<\/p>\n<p><b>Gut zu wissen:<\/b><\/p>\n<p>Wir produzieren aus \u00dcberzeugung all unsere Spielzeuge ohne Quietsche. Wenn ein Hund zum Beispiel ein potenzielles Beutetier jagt und dieses stetig Ger\u00e4usche von sich gibt, denkt der Hund, das Tier ist noch nicht erlegt und l\u00e4sst nicht von dem Beutetier ab. \u00dcbersetzt auf ein Zusammentreffen von zwei Hunden hei\u00dft das, wenn beim Spiel dein Hund einen anderen Hund versehentlich bei\u00dft, quietscht oder jault dieser auf. Ein Signal f\u00fcr den anderen Hund, abzulassen und das gemeinsame Spiel zu beenden. So verzichten wir bewusst auf quietschende Ger\u00e4uschmacher, damit der Jagdinstinkt des Hundes nicht unn\u00f6tig geweckt bzw. auf Dauer sogar verst\u00e4rkt wird.<\/p>\n<p>&nbsp;<\/p>\n<div class=\"product-details-badges\"><img fetchpriority=\"high\" decoding=\"async\" class=\"\" src=\"https:\/\/www.wolters-cat-dog.de\/bundles\/heptacomwolterscatdogtheme\/img\/icons\/product-badge-11-without-squeaks.svg?17066504246952\" alt=\"Without squeak\" width=\"300\" height=\"300\" \/><\/div>\n<div class=\"product-details-tip\">\n<h4>REINIGUNGS-TIPP<\/h4>\n<p>Alle Ocean Range Pl\u00fcschtiere sind im Schonwaschgang bei 30 Grad waschbar und sollten luftgetrocknet und nicht in den Trockner gegeben werden.<\/p><\/div>\n<div class=\"product-details-details mt-4\">\n<h4>PRODUKTDETAILS<\/h4>\n<ul>\n<li>maritime Pl\u00fcschspielzeuge<\/li>\n<li>zum Spielen, Apportieren oder Kuscheln<\/li>\n<li>umweltfreundlich aus recyceltem Polyester<\/li>\n<li>ohne verschluckbare Kleinteile wie aufgen\u00e4hte Knopfaugen<\/li>\n<li>zus\u00e4tzliche Verst\u00e4rkung mit Gurtband<\/li>\n<li>sehr weich und kuschelig<\/li>\n<\/ul>\n<\/div>\n<p>Material: Polyester<\/p>\n<p>Gr\u00f6\u00dfe:<\/p>\n<p>Schildkr\u00f6te: 23 x 22 x 5,5cm<br \/>\nManta Rochen: 31,5 x 35 x 5cm<br \/>\nKalmar: 35 x 13 x 7cm<br \/>\nDelfin: 20 x 10 x 16cm<\/p>\n<p>&nbsp;<\/p>\n<p>&nbsp;<\/p>\n","protected":false},"excerpt":{"rendered":"<p>Ocean Range RECYCELTE MEERESBEWOHNER F\u00dcR UMWELTFREUNDLICHEN SPIELSPASS Die Ocean Range Pl\u00fcschspielzeuge bringen maritime Abwechslung in die Spielzeugkiste deines Hundes. Bei eurem gemeinsamen Spiel mit den besonders weichen Meerestieren genie\u00dft dein Hund deine ungeteilte Aufmerksamkeit. Dadurch st\u00e4rkst du die Bindung zu deinem Vierbeiner und sorgst f\u00fcr dessen Ausgeglichenheit. F\u00fcr die t\u00e4gliche Besch\u00e4ftigung sind Schildkr\u00f6te, Manta Rochen, [&hellip;]<\/p>\n","protected":false},"featured_media":22331,"comment_status":"closed","ping_status":"closed","template":"","meta":[],"product_brand":[],"product_cat":[220],"product_tag":[],"class_list":{"0":"post-22328","1":"product","2":"type-product","3":"status-publish","4":"has-post-thumbnail","6":"product_cat-zum-kuscheln","7":"tm-no-options","9":"first","10":"instock","11":"sale","12":"taxable","13":"shipping-taxable","14":"product-type-variable"},"supplier_id":null,"supplier_sku":"","barcode":null,"atum_controlled":true,"out_stock_date":null,"out_stock_threshold":null,"inheritable":true,"inbound_stock":0,"stock_on_hold":0,"sold_today":null,"sales_last_days":null,"reserved_stock":0,"customer_returns":0,"warehouse_damage":0,"lost_in_post":0,"other_logs":0,"out_stock_days":null,"lost_sales":null,"has_location":false,"update_date":"2024-11-12T07:52:12","atum_locations":[],"atum_stock_status":"instock","restock_status":false,"low_stock_amount":"","sales_update_date":"2024-04-03T07:02:47","calc_backorders":null,"jetpack_sharing_enabled":true,"_links":{"self":[{"href":"https:\/\/www.go4dogs.de\/index.php?rest_route=\/wp\/v2\/product\/22328","targetHints":{"allow":["GET"]}}],"collection":[{"href":"https:\/\/www.go4dogs.de\/index.php?rest_route=\/wp\/v2\/product"}],"about":[{"href":"https:\/\/www.go4dogs.de\/index.php?rest_route=\/wp\/v2\/types\/product"}],"replies":[{"embeddable":true,"href":"https:\/\/www.go4dogs.de\/index.php?rest_route=%2Fwp%2Fv2%2Fcomments&post=22328"}],"wp:featuredmedia":[{"embeddable":true,"href":"https:\/\/www.go4dogs.de\/index.php?rest_route=\/wp\/v2\/media\/22331"}],"wp:attachment":[{"href":"https:\/\/www.go4dogs.de\/index.php?rest_route=%2Fwp%2Fv2%2Fmedia&parent=22328"}],"wp:term":[{"taxonomy":"product_brand","embeddable":true,"href":"https:\/\/www.go4dogs.de\/index.php?rest_route=%2Fwp%2Fv2%2Fproduct_brand&post=22328"},{"taxonomy":"product_cat","embeddable":true,"href":"https:\/\/www.go4dogs.de\/index.php?rest_route=%2Fwp%2Fv2%2Fproduct_cat&post=22328"},{"taxonomy":"product_tag","embeddable":true,"href":"https:\/\/www.go4dogs.de\/index.php?rest_route=%2Fwp%2Fv2%2Fproduct_tag&post=22328"}],"curies":[{"name":"wp","href":"https:\/\/api.w.org\/{rel}","templated":true}]}}