{"id":22280,"date":"2024-01-20T17:12:55","date_gmt":"2024-01-20T15:12:55","guid":{"rendered":"https:\/\/www.go4dogs.de\/?post_type=product&#038;p=22280"},"modified":"2025-12-17T19:34:01","modified_gmt":"2025-12-17T17:34:01","slug":"unikate-hands4paws-e-v-vizsla-schnuersenkel","status":"publish","type":"product","link":"https:\/\/www.go4dogs.de\/?product=unikate-hands4paws-e-v-vizsla-schnuersenkel","title":{"rendered":"Unikate Hands4paws e.V. &#8211; Vizsla-Schn\u00fcrsenkel &#8220;Vizslaliebe&#8221;"},"content":{"rendered":"<p>Zur Info vorweg: der komplette Kaufpreis geht zu 100% an Hands4Paws Helfende H\u00e4nde f\u00fcr Jagdhunde in Not e.V.<br \/>\nWeitere Informationen zu der Arbeit des Vereins findet ihr <a href=\"https:\/\/www.hands4paws.de\/\">hier<\/a>!<\/p>\n<p>&nbsp;<\/p>\n<p>Schn\u00fcrsenkel Vizslaliebe<\/p>\n<ul>\n<li>2 Schn\u00fcrsenkel<\/li>\n<li>je 1,20m lang und 1cm breit<\/li>\n<li>beidseitig bedruckt<\/li>\n<li>100% Polyester<\/li>\n<li>oliv mit oranger Bedruckung<\/li>\n<\/ul>\n","protected":false},"excerpt":{"rendered":"<p>Zur Info vorweg: der komplette Kaufpreis geht zu 100% an Hands4Paws Helfende H\u00e4nde f\u00fcr Jagdhunde in Not e.V. Weitere Informationen zu der Arbeit des Vereins findet ihr hier! &nbsp; Schn\u00fcrsenkel Vizslaliebe 2 Schn\u00fcrsenkel je 1,20m lang und 1cm breit beidseitig bedruckt 100% Polyester oliv mit oranger Bedruckung<\/p>\n","protected":false},"featured_media":22283,"comment_status":"closed","ping_status":"closed","template":"","meta":[],"product_brand":[],"product_cat":[339],"product_tag":[],"class_list":{"0":"post-22280","1":"product","2":"type-product","3":"status-publish","4":"has-post-thumbnail","6":"product_cat-unikate-von-hands4paws-e-v","7":"tm-no-options","9":"first","10":"instock","11":"sale","12":"taxable","13":"shipping-taxable","14":"purchasable","15":"product-type-simple"},"supplier_id":null,"supplier_sku":"","barcode":null,"atum_controlled":true,"out_stock_date":null,"out_stock_threshold":null,"inheritable":false,"inbound_stock":0,"stock_on_hold":0,"sold_today":0,"sales_last_days":1,"reserved_stock":0,"customer_returns":0,"warehouse_damage":0,"lost_in_post":0,"other_logs":0,"out_stock_days":0,"lost_sales":0,"has_location":false,"update_date":"2025-12-18T09:53:17","atum_locations":[],"atum_stock_status":"instock","restock_status":false,"low_stock_amount":"","sales_update_date":"2025-12-18T09:53:17","calc_backorders":null,"jetpack_sharing_enabled":true,"_links":{"self":[{"href":"https:\/\/www.go4dogs.de\/index.php?rest_route=\/wp\/v2\/product\/22280","targetHints":{"allow":["GET"]}}],"collection":[{"href":"https:\/\/www.go4dogs.de\/index.php?rest_route=\/wp\/v2\/product"}],"about":[{"href":"https:\/\/www.go4dogs.de\/index.php?rest_route=\/wp\/v2\/types\/product"}],"replies":[{"embeddable":true,"href":"https:\/\/www.go4dogs.de\/index.php?rest_route=%2Fwp%2Fv2%2Fcomments&post=22280"}],"wp:featuredmedia":[{"embeddable":true,"href":"https:\/\/www.go4dogs.de\/index.php?rest_route=\/wp\/v2\/media\/22283"}],"wp:attachment":[{"href":"https:\/\/www.go4dogs.de\/index.php?rest_route=%2Fwp%2Fv2%2Fmedia&parent=22280"}],"wp:term":[{"taxonomy":"product_brand","embeddable":true,"href":"https:\/\/www.go4dogs.de\/index.php?rest_route=%2Fwp%2Fv2%2Fproduct_brand&post=22280"},{"taxonomy":"product_cat","embeddable":true,"href":"https:\/\/www.go4dogs.de\/index.php?rest_route=%2Fwp%2Fv2%2Fproduct_cat&post=22280"},{"taxonomy":"product_tag","embeddable":true,"href":"https:\/\/www.go4dogs.de\/index.php?rest_route=%2Fwp%2Fv2%2Fproduct_tag&post=22280"}],"curies":[{"name":"wp","href":"https:\/\/api.w.org\/{rel}","templated":true}]}}