{"id":22254,"date":"2023-12-30T22:39:21","date_gmt":"2023-12-30T20:39:21","guid":{"rendered":"https:\/\/www.go4dogs.de\/?post_type=product&#038;p=22254"},"modified":"2025-08-18T21:24:44","modified_gmt":"2025-08-18T19:24:44","slug":"unikate-hands4paws-e-v-weihnachtsdackel-anhaenger","status":"publish","type":"product","link":"https:\/\/www.go4dogs.de\/?product=unikate-hands4paws-e-v-weihnachtsdackel-anhaenger","title":{"rendered":"Unikate Hands4paws e.V. &#8211; Weihnachtsdackel-Anh\u00e4nger"},"content":{"rendered":"<p>Zur Info vorweg: der komplette Kaufpreis geht zu 100% an Hands4Paws Helfende H\u00e4nde f\u00fcr Jagdhunde in Not e.V.<br \/>\nWeitere Informationen zu der Arbeit des Vereins findet ihr <a href=\"https:\/\/www.hands4paws.de\/\">hier<\/a>!<\/p>\n<p>&nbsp;<\/p>\n<p>kleiner Anh\u00e4nger &#8220;Weihnachtsdackel&#8221;<\/p>\n<ul>\n<li>ca. 2,5x5cm<\/li>\n<li>Anh\u00e4nger aus Acryl<\/li>\n<li>R\u00fcckseite wei\u00df<\/li>\n<\/ul>\n","protected":false},"excerpt":{"rendered":"<p>Zur Info vorweg: der komplette Kaufpreis geht zu 100% an Hands4Paws Helfende H\u00e4nde f\u00fcr Jagdhunde in Not e.V. Weitere Informationen zu der Arbeit des Vereins findet ihr hier! &nbsp; kleiner Anh\u00e4nger &#8220;Weihnachtsdackel&#8221; ca. 2,5x5cm Anh\u00e4nger aus Acryl R\u00fcckseite wei\u00df<\/p>\n","protected":false},"featured_media":22250,"comment_status":"closed","ping_status":"closed","template":"","meta":[],"product_brand":[],"product_cat":[339],"product_tag":[],"class_list":{"0":"post-22254","1":"product","2":"type-product","3":"status-publish","4":"has-post-thumbnail","6":"product_cat-unikate-von-hands4paws-e-v","7":"tm-no-options","9":"first","10":"instock","11":"sale","12":"taxable","13":"shipping-taxable","14":"product-type-simple"},"supplier_id":null,"supplier_sku":"","barcode":null,"atum_controlled":true,"out_stock_date":null,"out_stock_threshold":null,"inheritable":false,"inbound_stock":0,"stock_on_hold":0,"sold_today":0,"sales_last_days":6,"reserved_stock":0,"customer_returns":0,"warehouse_damage":0,"lost_in_post":0,"other_logs":0,"out_stock_days":0,"lost_sales":0,"has_location":false,"update_date":"2025-08-24T14:29:02","atum_locations":[],"atum_stock_status":"instock","restock_status":false,"low_stock_amount":"","sales_update_date":"2025-08-24T14:29:02","calc_backorders":null,"jetpack_sharing_enabled":true,"_links":{"self":[{"href":"https:\/\/www.go4dogs.de\/index.php?rest_route=\/wp\/v2\/product\/22254","targetHints":{"allow":["GET"]}}],"collection":[{"href":"https:\/\/www.go4dogs.de\/index.php?rest_route=\/wp\/v2\/product"}],"about":[{"href":"https:\/\/www.go4dogs.de\/index.php?rest_route=\/wp\/v2\/types\/product"}],"replies":[{"embeddable":true,"href":"https:\/\/www.go4dogs.de\/index.php?rest_route=%2Fwp%2Fv2%2Fcomments&post=22254"}],"wp:featuredmedia":[{"embeddable":true,"href":"https:\/\/www.go4dogs.de\/index.php?rest_route=\/wp\/v2\/media\/22250"}],"wp:attachment":[{"href":"https:\/\/www.go4dogs.de\/index.php?rest_route=%2Fwp%2Fv2%2Fmedia&parent=22254"}],"wp:term":[{"taxonomy":"product_brand","embeddable":true,"href":"https:\/\/www.go4dogs.de\/index.php?rest_route=%2Fwp%2Fv2%2Fproduct_brand&post=22254"},{"taxonomy":"product_cat","embeddable":true,"href":"https:\/\/www.go4dogs.de\/index.php?rest_route=%2Fwp%2Fv2%2Fproduct_cat&post=22254"},{"taxonomy":"product_tag","embeddable":true,"href":"https:\/\/www.go4dogs.de\/index.php?rest_route=%2Fwp%2Fv2%2Fproduct_tag&post=22254"}],"curies":[{"name":"wp","href":"https:\/\/api.w.org\/{rel}","templated":true}]}}