{"id":22253,"date":"2023-12-30T22:36:13","date_gmt":"2023-12-30T20:36:13","guid":{"rendered":"https:\/\/www.go4dogs.de\/?post_type=product&#038;p=22253"},"modified":"2025-08-18T08:47:14","modified_gmt":"2025-08-18T06:47:14","slug":"unikate-hands4paws-e-v-brillenptutztuch","status":"publish","type":"product","link":"https:\/\/www.go4dogs.de\/?product=unikate-hands4paws-e-v-brillenptutztuch","title":{"rendered":"Unikate Hands4paws e.V. &#8211; Brillenptutztuch"},"content":{"rendered":"<p>Zur Info vorweg: der komplette Kaufpreis geht zu 100% an Hands4Paws Helfende H\u00e4nde f\u00fcr Jagdhunde in Not e.V.<br \/>\nWeitere Informationen zu der Arbeit des Vereins findet ihr <a href=\"https:\/\/www.hands4paws.de\/\">hier<\/a>!<\/p>\n<p>&nbsp;<\/p>\n<p>Brillenputztuch im Vizsla-Design &#8211; so beh\u00e4lt jeder den Durchblick<\/p>\n<ul>\n<li>ca. 18&#215;15 cm<\/li>\n<li>Fotoqualit\u00e4t, einseitig. R\u00fcckseite wei\u00df<\/li>\n<li>100% Mikrofaser<\/li>\n<\/ul>\n","protected":false},"excerpt":{"rendered":"<p>Zur Info vorweg: der komplette Kaufpreis geht zu 100% an Hands4Paws Helfende H\u00e4nde f\u00fcr Jagdhunde in Not e.V. Weitere Informationen zu der Arbeit des Vereins findet ihr hier! &nbsp; Brillenputztuch im Vizsla-Design &#8211; so beh\u00e4lt jeder den Durchblick ca. 18&#215;15 cm Fotoqualit\u00e4t, einseitig. R\u00fcckseite wei\u00df 100% Mikrofaser<\/p>\n","protected":false},"featured_media":22251,"comment_status":"closed","ping_status":"closed","template":"","meta":[],"product_brand":[],"product_cat":[339],"product_tag":[],"class_list":{"0":"post-22253","1":"product","2":"type-product","3":"status-publish","4":"has-post-thumbnail","6":"product_cat-unikate-von-hands4paws-e-v","7":"tm-no-options","9":"first","10":"outofstock","11":"sale","12":"taxable","13":"shipping-taxable","14":"purchasable","15":"product-type-simple"},"supplier_id":null,"supplier_sku":"","barcode":null,"atum_controlled":true,"out_stock_date":"2025-08-18 08:47:14","out_stock_threshold":null,"inheritable":false,"inbound_stock":0,"stock_on_hold":1,"sold_today":0,"sales_last_days":9,"reserved_stock":0,"customer_returns":0,"warehouse_damage":0,"lost_in_post":0,"other_logs":0,"out_stock_days":6,"lost_sales":115,"has_location":false,"update_date":"2025-08-24T12:23:13","atum_locations":[],"atum_stock_status":"outofstock","restock_status":false,"low_stock_amount":"","sales_update_date":"2025-08-24T12:23:12","calc_backorders":null,"jetpack_sharing_enabled":true,"_links":{"self":[{"href":"https:\/\/www.go4dogs.de\/index.php?rest_route=\/wp\/v2\/product\/22253","targetHints":{"allow":["GET"]}}],"collection":[{"href":"https:\/\/www.go4dogs.de\/index.php?rest_route=\/wp\/v2\/product"}],"about":[{"href":"https:\/\/www.go4dogs.de\/index.php?rest_route=\/wp\/v2\/types\/product"}],"replies":[{"embeddable":true,"href":"https:\/\/www.go4dogs.de\/index.php?rest_route=%2Fwp%2Fv2%2Fcomments&post=22253"}],"wp:featuredmedia":[{"embeddable":true,"href":"https:\/\/www.go4dogs.de\/index.php?rest_route=\/wp\/v2\/media\/22251"}],"wp:attachment":[{"href":"https:\/\/www.go4dogs.de\/index.php?rest_route=%2Fwp%2Fv2%2Fmedia&parent=22253"}],"wp:term":[{"taxonomy":"product_brand","embeddable":true,"href":"https:\/\/www.go4dogs.de\/index.php?rest_route=%2Fwp%2Fv2%2Fproduct_brand&post=22253"},{"taxonomy":"product_cat","embeddable":true,"href":"https:\/\/www.go4dogs.de\/index.php?rest_route=%2Fwp%2Fv2%2Fproduct_cat&post=22253"},{"taxonomy":"product_tag","embeddable":true,"href":"https:\/\/www.go4dogs.de\/index.php?rest_route=%2Fwp%2Fv2%2Fproduct_tag&post=22253"}],"curies":[{"name":"wp","href":"https:\/\/api.w.org\/{rel}","templated":true}]}}