{"id":22208,"date":"2023-12-23T18:23:53","date_gmt":"2023-12-23T16:23:53","guid":{"rendered":"https:\/\/www.go4dogs.de\/?post_type=product&#038;p=22208"},"modified":"2025-03-27T16:10:12","modified_gmt":"2025-03-27T14:10:12","slug":"unikate-hands4paws-e-v-schreibtischunterlage-dina2","status":"publish","type":"product","link":"https:\/\/www.go4dogs.de\/?product=unikate-hands4paws-e-v-schreibtischunterlage-dina2","title":{"rendered":"Unikate Hands4paws e.V. &#8211; Schreibtischunterlage DinA2"},"content":{"rendered":"<p>Zur Info vorweg: der komplette Kaufpreis geht zu 100% an Hands4Paws Helfende H\u00e4nde f\u00fcr Jagdhunde in Not e.V.<br \/>\nWeitere Informationen zu der Arbeit des Vereins findet ihr <a href=\"https:\/\/www.hands4paws.de\/\">hier<\/a>!<\/p>\n<p>&nbsp;<\/p>\n<p>Diese wundersch\u00f6ne Schreibtischunterlage im Vizsla-Design enth\u00e4lt 50 Bl\u00e4tter f\u00fcr ein organisiertes Arbeiten.<\/p>\n<ul>\n<li>DinA2<\/li>\n<li>Querformat, Leimung oben<\/li>\n<li>50 Blatt<\/li>\n<li>120g\/qm<\/li>\n<\/ul>\n","protected":false},"excerpt":{"rendered":"<p>Zur Info vorweg: der komplette Kaufpreis geht zu 100% an Hands4Paws Helfende H\u00e4nde f\u00fcr Jagdhunde in Not e.V. Weitere Informationen zu der Arbeit des Vereins findet ihr hier! &nbsp; Diese wundersch\u00f6ne Schreibtischunterlage im Vizsla-Design enth\u00e4lt 50 Bl\u00e4tter f\u00fcr ein organisiertes Arbeiten. DinA2 Querformat, Leimung oben 50 Blatt 120g\/qm<\/p>\n","protected":false},"featured_media":22177,"comment_status":"closed","ping_status":"closed","template":"","meta":[],"product_brand":[],"product_cat":[339],"product_tag":[],"class_list":{"0":"post-22208","1":"product","2":"type-product","3":"status-publish","4":"has-post-thumbnail","6":"product_cat-unikate-von-hands4paws-e-v","7":"tm-no-options","9":"first","10":"outofstock","11":"taxable","12":"shipping-taxable","13":"product-type-simple"},"supplier_id":null,"supplier_sku":"","barcode":null,"atum_controlled":true,"out_stock_date":"2025-03-27 16:10:12","out_stock_threshold":null,"inheritable":false,"inbound_stock":0,"stock_on_hold":0,"sold_today":0,"sales_last_days":0,"reserved_stock":0,"customer_returns":0,"warehouse_damage":0,"lost_in_post":0,"other_logs":0,"out_stock_days":0,"lost_sales":0,"has_location":false,"update_date":"2025-03-27T14:10:15","atum_locations":[],"atum_stock_status":"outofstock","restock_status":false,"low_stock_amount":"","sales_update_date":"2025-03-27T14:09:45","calc_backorders":null,"jetpack_sharing_enabled":true,"_links":{"self":[{"href":"https:\/\/www.go4dogs.de\/index.php?rest_route=\/wp\/v2\/product\/22208","targetHints":{"allow":["GET"]}}],"collection":[{"href":"https:\/\/www.go4dogs.de\/index.php?rest_route=\/wp\/v2\/product"}],"about":[{"href":"https:\/\/www.go4dogs.de\/index.php?rest_route=\/wp\/v2\/types\/product"}],"replies":[{"embeddable":true,"href":"https:\/\/www.go4dogs.de\/index.php?rest_route=%2Fwp%2Fv2%2Fcomments&post=22208"}],"wp:featuredmedia":[{"embeddable":true,"href":"https:\/\/www.go4dogs.de\/index.php?rest_route=\/wp\/v2\/media\/22177"}],"wp:attachment":[{"href":"https:\/\/www.go4dogs.de\/index.php?rest_route=%2Fwp%2Fv2%2Fmedia&parent=22208"}],"wp:term":[{"taxonomy":"product_brand","embeddable":true,"href":"https:\/\/www.go4dogs.de\/index.php?rest_route=%2Fwp%2Fv2%2Fproduct_brand&post=22208"},{"taxonomy":"product_cat","embeddable":true,"href":"https:\/\/www.go4dogs.de\/index.php?rest_route=%2Fwp%2Fv2%2Fproduct_cat&post=22208"},{"taxonomy":"product_tag","embeddable":true,"href":"https:\/\/www.go4dogs.de\/index.php?rest_route=%2Fwp%2Fv2%2Fproduct_tag&post=22208"}],"curies":[{"name":"wp","href":"https:\/\/api.w.org\/{rel}","templated":true}]}}