{"id":21896,"date":"2023-07-12T17:04:02","date_gmt":"2023-07-12T15:04:02","guid":{"rendered":"https:\/\/www.go4dogs.de\/?post_type=product&#038;p=21896"},"modified":"2024-12-01T20:47:54","modified_gmt":"2024-12-01T18:47:54","slug":"begbuddy-eis-fuer-hunde-mit-banane-und-blaubeere-66-g","status":"publish","type":"product","link":"https:\/\/www.go4dogs.de\/?product=begbuddy-eis-fuer-hunde-mit-banane-und-blaubeere-66-g","title":{"rendered":"BeGBuddy Eis f\u00fcr Hunde mit Banane und Blaubeere, 66 g"},"content":{"rendered":"<h4>Eispulver aus echter Frucht<\/h4>\n<p>Hier kommt die perfekte Abk\u00fchlung! Nat\u00fcrliches Eispulver ohne zugesetzten Zucker! Einfach mit\u00a0<strong>Wasser<\/strong>\u00a0zubereiten und einfrieren.<\/p>\n<p>Ideal f\u00fcr 4 x gro\u00dfe ICE BUDDY Pfoten am Stiel oder 6 x ICEPOPS. Ideal auch f\u00fcr Allergiker.<\/p>\n<ul>\n<li>in 60 sec anr\u00fchren<\/li>\n<li>aus echtem Fruchtpulver<\/li>\n<li>vegan, ohne S\u00fc\u00dfmolke<\/li>\n<li>nur 4 Zutaten<\/li>\n<li>anwendbar in beliebigen Eisformen<\/li>\n<\/ul>\n<p>Endlich kann auch Dein Hund sein eigenes Eis genie\u00dfen!,<\/p>\n<p>&nbsp;<\/p>\n<h4>Erg\u00e4nzungsfuttermittel f\u00fcr Hunde<\/h4>\n<p>Bei uns gibt\u00b4s das wohl beste Eispulver aller Zeiten f\u00fcr Deinen Buddy!<\/p>\n<p>Das perfekte Hundeeis. 100 % nat\u00fcrlich und ohne zugesetzten Zucker.<\/p>\n<h4><span class=\"s1\">Hinweise<\/span><\/h4>\n<ul>\n<li>K\u00fchl, trocken und lichtgesch\u00fctzt lagern.<\/li>\n<li>Unsere F\u00fctterungsempfehlungen sind Richtwerte und k\u00f6nnen je nach Aktivit\u00e4t, Alter und Rasse variieren.<\/li>\n<li>Die angegebenen Werte unterliegen den nat\u00fcrlichen Schwankungen der Rohstoffe.<\/li>\n<li>Achte darauf, dass Dein Buddy keine gro\u00dfen St\u00fccke Eis abschluckt.<\/li>\n<\/ul>\n<table class=\"woocommerce-product-attributes shop_attributes\">\n<tbody>\n<tr class=\"woocommerce-product-attributes-item woocommerce-product-attributes-item--attribute_futtermittelart\">\n<th class=\"woocommerce-product-attributes-item__label\">Futtermittelart:<\/th>\n<td class=\"woocommerce-product-attributes-item__value\">Erg\u00e4nzungsfuttermittel f\u00fcr Hunde<\/td>\n<\/tr>\n<tr class=\"woocommerce-product-attributes-item woocommerce-product-attributes-item--attribute_zusammensetzung\">\n<th class=\"woocommerce-product-attributes-item__label\">Zusammensetzung:<\/th>\n<td class=\"woocommerce-product-attributes-item__value\">55 % Quinoa, 26 % Rote Beete, 12 % Banane, 6 % Hagebutte, 1 % Blaubeere<\/td>\n<\/tr>\n<tr class=\"woocommerce-product-attributes-item woocommerce-product-attributes-item--attribute_analytische-bestandteile\">\n<th class=\"woocommerce-product-attributes-item__label\">Analytische Bestandteile:<\/th>\n<td class=\"woocommerce-product-attributes-item__value\">Rohprotein 11,3 %, Rohasche 3,9 %, Rohfaser 3,4 %, Rohfett 4,0 %<\/td>\n<\/tr>\n<tr class=\"woocommerce-product-attributes-item woocommerce-product-attributes-item--attribute_f%c3%bctterungsempfehlung\">\n<th class=\"woocommerce-product-attributes-item__label\">F\u00fctterungsempfehlung:<\/th>\n<td class=\"woocommerce-product-attributes-item__value\">Der Hundegr\u00f6\u00dfe entsprechend ein Eis zur Abk\u00fchlung.<\/td>\n<\/tr>\n<tr class=\"woocommerce-product-attributes-item woocommerce-product-attributes-item--attribute_f%c3%bcllmenge\">\n<th class=\"woocommerce-product-attributes-item__label\">F\u00fcllmenge:<\/th>\n<td class=\"woocommerce-product-attributes-item__value\">66 g<\/td>\n<\/tr>\n<\/tbody>\n<\/table>\n","protected":false},"excerpt":{"rendered":"<p>Eispulver aus echter Frucht Hier kommt die perfekte Abk\u00fchlung! Nat\u00fcrliches Eispulver ohne zugesetzten Zucker! Einfach mit\u00a0Wasser\u00a0zubereiten und einfrieren. Ideal f\u00fcr 4 x gro\u00dfe ICE BUDDY Pfoten am Stiel oder 6 x ICEPOPS. Ideal auch f\u00fcr Allergiker. in 60 sec anr\u00fchren aus echtem Fruchtpulver vegan, ohne S\u00fc\u00dfmolke nur 4 Zutaten anwendbar in beliebigen Eisformen Endlich kann [&hellip;]<\/p>\n","protected":false},"featured_media":21899,"comment_status":"closed","ping_status":"closed","template":"","meta":[],"product_brand":[],"product_cat":[266],"product_tag":[],"class_list":{"0":"post-21896","1":"product","2":"type-product","3":"status-publish","4":"has-post-thumbnail","6":"product_cat-alles-fuer-den-sommer-und-die-warmen-tage","7":"tm-no-options","9":"first","10":"instock","11":"taxable","12":"shipping-taxable","13":"product-type-simple"},"supplier_id":null,"supplier_sku":"","barcode":null,"atum_controlled":true,"out_stock_date":null,"out_stock_threshold":null,"inheritable":false,"inbound_stock":0,"stock_on_hold":0,"sold_today":0,"sales_last_days":0,"reserved_stock":0,"customer_returns":0,"warehouse_damage":0,"lost_in_post":0,"other_logs":0,"out_stock_days":0,"lost_sales":0,"has_location":false,"update_date":"2024-12-01T18:47:56","atum_locations":[],"atum_stock_status":"instock","restock_status":false,"low_stock_amount":"","sales_update_date":"2024-02-08T11:24:20","calc_backorders":null,"jetpack_sharing_enabled":true,"_links":{"self":[{"href":"https:\/\/www.go4dogs.de\/index.php?rest_route=\/wp\/v2\/product\/21896","targetHints":{"allow":["GET"]}}],"collection":[{"href":"https:\/\/www.go4dogs.de\/index.php?rest_route=\/wp\/v2\/product"}],"about":[{"href":"https:\/\/www.go4dogs.de\/index.php?rest_route=\/wp\/v2\/types\/product"}],"replies":[{"embeddable":true,"href":"https:\/\/www.go4dogs.de\/index.php?rest_route=%2Fwp%2Fv2%2Fcomments&post=21896"}],"wp:featuredmedia":[{"embeddable":true,"href":"https:\/\/www.go4dogs.de\/index.php?rest_route=\/wp\/v2\/media\/21899"}],"wp:attachment":[{"href":"https:\/\/www.go4dogs.de\/index.php?rest_route=%2Fwp%2Fv2%2Fmedia&parent=21896"}],"wp:term":[{"taxonomy":"product_brand","embeddable":true,"href":"https:\/\/www.go4dogs.de\/index.php?rest_route=%2Fwp%2Fv2%2Fproduct_brand&post=21896"},{"taxonomy":"product_cat","embeddable":true,"href":"https:\/\/www.go4dogs.de\/index.php?rest_route=%2Fwp%2Fv2%2Fproduct_cat&post=21896"},{"taxonomy":"product_tag","embeddable":true,"href":"https:\/\/www.go4dogs.de\/index.php?rest_route=%2Fwp%2Fv2%2Fproduct_tag&post=21896"}],"curies":[{"name":"wp","href":"https:\/\/api.w.org\/{rel}","templated":true}]}}