{"id":21886,"date":"2023-07-12T16:12:28","date_gmt":"2023-07-12T14:12:28","guid":{"rendered":"https:\/\/www.go4dogs.de\/?post_type=product&#038;p=21886"},"modified":"2025-03-08T15:14:05","modified_gmt":"2025-03-08T13:14:05","slug":"icepops-fuer-diy-hundeeis-6er-pack","status":"publish","type":"product","link":"https:\/\/www.go4dogs.de\/?product=icepops-fuer-diy-hundeeis-6er-pack","title":{"rendered":"ICEPOPS f\u00fcr DIY Hundeeis 6er-Pack"},"content":{"rendered":"<h4>ICEPOPS f\u00fcr DIY Hundeeis \/\/ 6 x bunte Silikon Eisformen<\/h4>\n<p>Die perfekte Eisform f\u00fcr jeden Hund. Entdecke unsere neuen ICEPOPS!<\/p>\n<ul>\n<li>reicht f\u00fcr 6 Portionen Hundeeis<\/li>\n<li>wiederverwendbar<\/li>\n<li>einfache Handhabung<\/li>\n<li>ultra langlebig<\/li>\n<li>individuell bef\u00fcllbar (Fruchtp\u00fcree, Wurst, ICE ICE BUDDY, \u2026)<\/li>\n<li>BPA-frei<\/li>\n<\/ul>\n<h4>6 x Silikon Eisformen f\u00fcr Hundeeis<\/h4>\n<p>Mit unseren knalligen ICE-POPS kannst Du ab sofort Dein Hundeeis ganz individuell selbst zubereiten!<\/p>\n<p>Die geniale Form hat die\u00a0<strong>perfekte Gr\u00f6\u00dfe<\/strong>\u00a0f\u00fcr jeden Buddy und ist die perfekte Abk\u00fchlung an hei\u00dfen Tagen! Unsere lebensmittelechte Silikonform kannst Du ideal mit einem unserer Eispulver f\u00fcllen oder Deine eigenen Rezeptideen verwirklichen.<\/p>\n<p>Verw\u00f6hne Deinen Buddy mit einem leckeren ICEPOP z. B. in der Geschmacksrichtung Kokos und Erdbeere.<\/p>\n<p>All unsere Eisformen sind\u00a0<strong>sp\u00fclmaschinenfest<\/strong>\u00a0und sehr robust.<\/p>\n<p>Bitte beachte, dass in Hundeeis kein Zucker geh\u00f6rt! Zucker ist nicht nur sch\u00e4dlich f\u00fcr die Z\u00e4hne Deines Hundes sondern kann auch viele andere Krankheiten verursachen.<\/p>\n<p><strong>Tipp<\/strong>: Du suchst noch nach einem Geschenk f\u00fcr Deinen besten Hundefreund? Unsere ICEPOPS kommen immer gut an und sind eine ausgefallene Geschenkidee f\u00fcr jeden Hundeliebhaber.<\/p>\n<h4><span class=\"s1\">Hinweise<\/span><\/h4>\n<ul>\n<li>Nur unter Aufsicht f\u00fcttern! Form w\u00e4hrend des Schleckens festhalten. Deckel vorher abnehmen.<\/li>\n<li>Form nach Gebrauch gut reinigen und trocknen lassen.<\/li>\n<li>Je nach Hundegr\u00f6\u00dfe ein Eis zur Abk\u00fchlung.<\/li>\n<\/ul>\n","protected":false},"excerpt":{"rendered":"<p>ICEPOPS f\u00fcr DIY Hundeeis \/\/ 6 x bunte Silikon Eisformen Die perfekte Eisform f\u00fcr jeden Hund. Entdecke unsere neuen ICEPOPS! reicht f\u00fcr 6 Portionen Hundeeis wiederverwendbar einfache Handhabung ultra langlebig individuell bef\u00fcllbar (Fruchtp\u00fcree, Wurst, ICE ICE BUDDY, \u2026) BPA-frei 6 x Silikon Eisformen f\u00fcr Hundeeis Mit unseren knalligen ICE-POPS kannst Du ab sofort Dein Hundeeis [&hellip;]<\/p>\n","protected":false},"featured_media":21890,"comment_status":"closed","ping_status":"closed","template":"","meta":[],"product_brand":[],"product_cat":[266],"product_tag":[],"class_list":{"0":"post-21886","1":"product","2":"type-product","3":"status-publish","4":"has-post-thumbnail","6":"product_cat-alles-fuer-den-sommer-und-die-warmen-tage","7":"tm-no-options","9":"first","10":"instock","11":"taxable","12":"shipping-taxable","13":"product-type-simple"},"supplier_id":null,"supplier_sku":"","barcode":null,"atum_controlled":true,"out_stock_date":null,"out_stock_threshold":null,"inheritable":false,"inbound_stock":0,"stock_on_hold":0,"sold_today":0,"sales_last_days":1,"reserved_stock":0,"customer_returns":0,"warehouse_damage":0,"lost_in_post":0,"other_logs":0,"out_stock_days":0,"lost_sales":0,"has_location":false,"update_date":"2025-03-18T09:39:28","atum_locations":[],"atum_stock_status":"instock","restock_status":false,"low_stock_amount":"","sales_update_date":"2025-03-18T09:39:28","calc_backorders":null,"jetpack_sharing_enabled":true,"_links":{"self":[{"href":"https:\/\/www.go4dogs.de\/index.php?rest_route=\/wp\/v2\/product\/21886","targetHints":{"allow":["GET"]}}],"collection":[{"href":"https:\/\/www.go4dogs.de\/index.php?rest_route=\/wp\/v2\/product"}],"about":[{"href":"https:\/\/www.go4dogs.de\/index.php?rest_route=\/wp\/v2\/types\/product"}],"replies":[{"embeddable":true,"href":"https:\/\/www.go4dogs.de\/index.php?rest_route=%2Fwp%2Fv2%2Fcomments&post=21886"}],"wp:featuredmedia":[{"embeddable":true,"href":"https:\/\/www.go4dogs.de\/index.php?rest_route=\/wp\/v2\/media\/21890"}],"wp:attachment":[{"href":"https:\/\/www.go4dogs.de\/index.php?rest_route=%2Fwp%2Fv2%2Fmedia&parent=21886"}],"wp:term":[{"taxonomy":"product_brand","embeddable":true,"href":"https:\/\/www.go4dogs.de\/index.php?rest_route=%2Fwp%2Fv2%2Fproduct_brand&post=21886"},{"taxonomy":"product_cat","embeddable":true,"href":"https:\/\/www.go4dogs.de\/index.php?rest_route=%2Fwp%2Fv2%2Fproduct_cat&post=21886"},{"taxonomy":"product_tag","embeddable":true,"href":"https:\/\/www.go4dogs.de\/index.php?rest_route=%2Fwp%2Fv2%2Fproduct_tag&post=21886"}],"curies":[{"name":"wp","href":"https:\/\/api.w.org\/{rel}","templated":true}]}}