{"id":21798,"date":"2023-05-30T16:31:05","date_gmt":"2023-05-30T14:31:05","guid":{"rendered":"https:\/\/www.go4dogs.de\/?post_type=product&#038;p=21798"},"modified":"2024-10-28T16:47:30","modified_gmt":"2024-10-28T14:47:30","slug":"garden-bites-fruity-friends","status":"publish","type":"product","link":"https:\/\/www.go4dogs.de\/?product=garden-bites-fruity-friends","title":{"rendered":"Garden Bites Fruity Friends &#8211; Gr\u00f6\u00dfe L &#8211; 3 St\u00fcck"},"content":{"rendered":"<p>Die vegetarischen Garden Bites sind eine ideale Belohnung oder ein Snack f\u00fcr Ihren Hund. Garden Bites enthalten mindestens 55% S\u00fc\u00dfkartoffeln. S\u00fc\u00dfkartoffeln sind eine ideale Erg\u00e4nzung zur Ern\u00e4hrung Ihres Hundes.<\/p>\n<p>Sie sind insbesondere reich an Vitaminen, Kalzium und Eisen.<\/p>\n<p>Diese &#8216;Fruit Blast&#8217;-Version ist mit k\u00f6stlichen St\u00fcckchen von Banane, Pfirsich und Birne angereichert, um Ihrem Hund ein wirklich fruchtiges Erlebnis zu bieten.<br \/>\nDank der besonderen Form wird das Zahnfleisch massiert und die Z\u00e4hne werden beim Spielen gereinigt. Der nat\u00fcrliche Minzextrakt garantiert dar\u00fcber hinaus einen frischen Atem.<\/p>\n<p>Die Snacks sind 100% glutenfrei. Sie sind daher leicht verdaulich und ideal f\u00fcr Hunde mit Allergien. Die lustigen Formen machen diese Snacks absolut unwiderstehlich!<\/p>\n<p>Zusammensetzung: 55% S\u00fc\u00dfkartoffel. Fr\u00fcchte (4% Banane, 4% Pfirsisch, 4% Birne), pflanzliche Nebenerzeugnisse, Mineralstoffe, Hefen, \u00d6le und Fette (0,1% nat\u00fcrliches Minz\u00f6l)<\/p>\n<p>270g<\/p>\n","protected":false},"excerpt":{"rendered":"<p>Die vegetarischen Garden Bites sind eine ideale Belohnung oder ein Snack f\u00fcr Ihren Hund. Garden Bites enthalten mindestens 55% S\u00fc\u00dfkartoffeln. S\u00fc\u00dfkartoffeln sind eine ideale Erg\u00e4nzung zur Ern\u00e4hrung Ihres Hundes. Sie sind insbesondere reich an Vitaminen, Kalzium und Eisen. Diese &#8216;Fruit Blast&#8217;-Version ist mit k\u00f6stlichen St\u00fcckchen von Banane, Pfirsich und Birne angereichert, um Ihrem Hund ein [&hellip;]<\/p>\n","protected":false},"featured_media":21799,"comment_status":"closed","ping_status":"closed","template":"","meta":[],"product_brand":[],"product_cat":[241],"product_tag":[],"class_list":{"0":"post-21798","1":"product","2":"type-product","3":"status-publish","4":"has-post-thumbnail","6":"product_cat-kauspass","7":"tm-no-options","9":"first","10":"instock","11":"taxable","12":"shipping-taxable","13":"product-type-simple"},"supplier_id":null,"supplier_sku":"","barcode":null,"atum_controlled":true,"out_stock_date":null,"out_stock_threshold":null,"inheritable":false,"inbound_stock":0,"stock_on_hold":0,"sold_today":0,"sales_last_days":0,"reserved_stock":0,"customer_returns":0,"warehouse_damage":0,"lost_in_post":0,"other_logs":0,"out_stock_days":0,"lost_sales":0,"has_location":false,"update_date":"2024-10-28T14:47:31","atum_locations":[],"atum_stock_status":"instock","restock_status":false,"low_stock_amount":"","sales_update_date":"2024-02-08T11:24:21","calc_backorders":null,"jetpack_sharing_enabled":true,"_links":{"self":[{"href":"https:\/\/www.go4dogs.de\/index.php?rest_route=\/wp\/v2\/product\/21798","targetHints":{"allow":["GET"]}}],"collection":[{"href":"https:\/\/www.go4dogs.de\/index.php?rest_route=\/wp\/v2\/product"}],"about":[{"href":"https:\/\/www.go4dogs.de\/index.php?rest_route=\/wp\/v2\/types\/product"}],"replies":[{"embeddable":true,"href":"https:\/\/www.go4dogs.de\/index.php?rest_route=%2Fwp%2Fv2%2Fcomments&post=21798"}],"wp:featuredmedia":[{"embeddable":true,"href":"https:\/\/www.go4dogs.de\/index.php?rest_route=\/wp\/v2\/media\/21799"}],"wp:attachment":[{"href":"https:\/\/www.go4dogs.de\/index.php?rest_route=%2Fwp%2Fv2%2Fmedia&parent=21798"}],"wp:term":[{"taxonomy":"product_brand","embeddable":true,"href":"https:\/\/www.go4dogs.de\/index.php?rest_route=%2Fwp%2Fv2%2Fproduct_brand&post=21798"},{"taxonomy":"product_cat","embeddable":true,"href":"https:\/\/www.go4dogs.de\/index.php?rest_route=%2Fwp%2Fv2%2Fproduct_cat&post=21798"},{"taxonomy":"product_tag","embeddable":true,"href":"https:\/\/www.go4dogs.de\/index.php?rest_route=%2Fwp%2Fv2%2Fproduct_tag&post=21798"}],"curies":[{"name":"wp","href":"https:\/\/api.w.org\/{rel}","templated":true}]}}