{"id":21753,"date":"2023-05-04T17:16:09","date_gmt":"2023-05-04T15:16:09","guid":{"rendered":"https:\/\/www.go4dogs.de\/?post_type=product&#038;p=21753"},"modified":"2025-03-22T12:49:11","modified_gmt":"2025-03-22T10:49:11","slug":"tauleine-brown-caterpillar-limited-edition","status":"publish","type":"product","link":"https:\/\/www.go4dogs.de\/?product=tauleine-brown-caterpillar-limited-edition","title":{"rendered":"Tauleine Brown Caterpillar &#8211; Limited Edition"},"content":{"rendered":"<p><strong>Die Tauleine &#8220;Brown Cateropillar&#8221; aus unserer Limited Edition!<\/strong><\/p>\n<p>Was bedeutet Limited Edition? Alle Leinen aus der Limited Edition kannst du dir so nicht zusammen stellen! Das hei\u00dft, die Taus bestehen aus Premium-Taumaterialien und -Taufarben und sind in der Zusammenstellung nur in kleiner St\u00fcckzahl produziert.<br \/>\nGleichzeitig erh\u00e4lst du die Leine zum Vorzugspreis von 25,- Euro je Leine!<\/p>\n<p>Die Tauleine &#8220;Brown Caterpillar&#8221; besteht aus<\/p>\n<ul>\n<li>dem Nylon-Seil &#8220;Caterpillar&#8221; und wurde speziell als Premium-Schnur f\u00fcr Hundeleinen und -halsb\u00e4nder entwickelt. Mit einem fein gewebten Mantel aus 48 Litzen und einem geschmeidigen Innenkern hat dieses Seil ein erstklassiges Erscheinungsbild.<br \/>\nTau-Durchmesser: 10mm<\/li>\n<li>dem Takel dunkelbraun<\/li>\n<\/ul>\n<p>Die Tauleine &#8220;Brown Caterpillar&#8221; ist eine<\/p>\n<ul>\n<li>verstellbare F\u00fchrleine in 2m-L\u00e4nge mit drei verstellbaren Ringen<\/li>\n<li>die Beschl\u00e4ge und Ringe sind in silber gehalten<\/li>\n<\/ul>\n<p>Waschbar in der Waschmaschine bei 30 Grad. Ein W\u00e4sches\u00e4ckchen empfehlen wir dir.<\/p>\n<p>&nbsp;<\/p>\n<p>&nbsp;<\/p>\n","protected":false},"excerpt":{"rendered":"<p>Die Tauleine &#8220;Brown Cateropillar&#8221; aus unserer Limited Edition! Was bedeutet Limited Edition? Alle Leinen aus der Limited Edition kannst du dir so nicht zusammen stellen! Das hei\u00dft, die Taus bestehen aus Premium-Taumaterialien und -Taufarben und sind in der Zusammenstellung nur in kleiner St\u00fcckzahl produziert. Gleichzeitig erh\u00e4lst du die Leine zum Vorzugspreis von 25,- Euro je [&hellip;]<\/p>\n","protected":false},"featured_media":21752,"comment_status":"closed","ping_status":"closed","template":"","meta":[],"product_brand":[],"product_cat":[338],"product_tag":[],"class_list":{"0":"post-21753","1":"product","2":"type-product","3":"status-publish","4":"has-post-thumbnail","6":"product_cat-hier-findest-du-alle-tauleinen-der-limited-edition","7":"tm-no-options","9":"first","10":"instock","11":"taxable","12":"shipping-taxable","13":"product-type-simple"},"supplier_id":null,"supplier_sku":"","barcode":null,"atum_controlled":true,"out_stock_date":null,"out_stock_threshold":null,"inheritable":false,"inbound_stock":0,"stock_on_hold":0,"sold_today":0,"sales_last_days":0,"reserved_stock":0,"customer_returns":0,"warehouse_damage":0,"lost_in_post":0,"other_logs":0,"out_stock_days":0,"lost_sales":0,"has_location":false,"update_date":"2025-04-09T10:03:14","atum_locations":[],"atum_stock_status":"instock","restock_status":false,"low_stock_amount":"","sales_update_date":"2025-04-09T10:03:13","calc_backorders":null,"jetpack_sharing_enabled":true,"_links":{"self":[{"href":"https:\/\/www.go4dogs.de\/index.php?rest_route=\/wp\/v2\/product\/21753","targetHints":{"allow":["GET"]}}],"collection":[{"href":"https:\/\/www.go4dogs.de\/index.php?rest_route=\/wp\/v2\/product"}],"about":[{"href":"https:\/\/www.go4dogs.de\/index.php?rest_route=\/wp\/v2\/types\/product"}],"replies":[{"embeddable":true,"href":"https:\/\/www.go4dogs.de\/index.php?rest_route=%2Fwp%2Fv2%2Fcomments&post=21753"}],"wp:featuredmedia":[{"embeddable":true,"href":"https:\/\/www.go4dogs.de\/index.php?rest_route=\/wp\/v2\/media\/21752"}],"wp:attachment":[{"href":"https:\/\/www.go4dogs.de\/index.php?rest_route=%2Fwp%2Fv2%2Fmedia&parent=21753"}],"wp:term":[{"taxonomy":"product_brand","embeddable":true,"href":"https:\/\/www.go4dogs.de\/index.php?rest_route=%2Fwp%2Fv2%2Fproduct_brand&post=21753"},{"taxonomy":"product_cat","embeddable":true,"href":"https:\/\/www.go4dogs.de\/index.php?rest_route=%2Fwp%2Fv2%2Fproduct_cat&post=21753"},{"taxonomy":"product_tag","embeddable":true,"href":"https:\/\/www.go4dogs.de\/index.php?rest_route=%2Fwp%2Fv2%2Fproduct_tag&post=21753"}],"curies":[{"name":"wp","href":"https:\/\/api.w.org\/{rel}","templated":true}]}}