{"id":21750,"date":"2023-05-04T15:47:10","date_gmt":"2023-05-04T13:47:10","guid":{"rendered":"https:\/\/www.go4dogs.de\/?post_type=product&#038;p=21750"},"modified":"2024-11-12T18:21:12","modified_gmt":"2024-11-12T16:21:12","slug":"tauleine-golden-crown-limited-edition","status":"publish","type":"product","link":"https:\/\/www.go4dogs.de\/?product=tauleine-golden-crown-limited-edition","title":{"rendered":"Tauleine  Golden Crown &#8211; Limited Edition"},"content":{"rendered":"<p><strong>Die Tauleine &#8220;Golden Crown&#8221; aus unserer Limited Edition!<\/strong><\/p>\n<p>Was bedeutet Limited Edition? Alle Leinen aus der Limited Edition kannst du dir so nicht zusammen stellen! Das hei\u00dft, die Taus bestehen aus Premium-Taumaterialien und -Taufarben und sind in der Zusammenstellung nur in kleiner St\u00fcckzahl produziert.<br \/>\nGleichzeitig erh\u00e4lst du die Leine zum Vorzugspreis von 25,- Euro je Leine!<\/p>\n<p>Die Tauleine &#8220;Golden Crown&#8221; besteht aus<\/p>\n<ul>\n<li>dem Nylon-Seil &#8220;Crown&#8221; und wurde speziell als Premium-Schnur f\u00fcr Hundeleinen und -halsb\u00e4nder entwickelt. Mit einem fein gewebten Mantel aus 48 Litzen und einem geschmeidigen Innenkern hat dieses Seil ein erstklassiges Erscheinungsbild.<br \/>\nTau-Durchmesser: 10mm<\/li>\n<li>dem Premium-Takel &#8220;Goldenrod&#8221;<\/li>\n<\/ul>\n<p>Die Tauleine &#8220;Golden Crown&#8221; ist eine<\/p>\n<ul>\n<li>verstellbare F\u00fchrleine in 2m-L\u00e4nge mit drei verstellbaren Ringen<\/li>\n<li>die Beschl\u00e4ge und Ringe sind in silber gehalten<\/li>\n<\/ul>\n<p>Waschbar in der Waschmaschine bei 30 Grad. Ein W\u00e4sches\u00e4ckchen empfehlen wir dir.<\/p>\n<p>&nbsp;<\/p>\n<p>&nbsp;<\/p>\n","protected":false},"excerpt":{"rendered":"<p>Die Tauleine &#8220;Golden Crown&#8221; aus unserer Limited Edition! Was bedeutet Limited Edition? Alle Leinen aus der Limited Edition kannst du dir so nicht zusammen stellen! Das hei\u00dft, die Taus bestehen aus Premium-Taumaterialien und -Taufarben und sind in der Zusammenstellung nur in kleiner St\u00fcckzahl produziert. Gleichzeitig erh\u00e4lst du die Leine zum Vorzugspreis von 25,- Euro je [&hellip;]<\/p>\n","protected":false},"featured_media":21751,"comment_status":"closed","ping_status":"closed","template":"","meta":[],"product_brand":[],"product_cat":[338],"product_tag":[],"class_list":{"0":"post-21750","1":"product","2":"type-product","3":"status-publish","4":"has-post-thumbnail","6":"product_cat-hier-findest-du-alle-tauleinen-der-limited-edition","7":"tm-no-options","9":"first","10":"instock","11":"taxable","12":"shipping-taxable","13":"product-type-simple"},"supplier_id":null,"supplier_sku":"","barcode":null,"atum_controlled":true,"out_stock_date":null,"out_stock_threshold":null,"inheritable":false,"inbound_stock":0,"stock_on_hold":0,"sold_today":0,"sales_last_days":1,"reserved_stock":0,"customer_returns":0,"warehouse_damage":0,"lost_in_post":0,"other_logs":0,"out_stock_days":0,"lost_sales":0,"has_location":false,"update_date":"2024-11-12T16:21:25","atum_locations":[],"atum_stock_status":"instock","restock_status":false,"low_stock_amount":"","sales_update_date":"2024-03-07T10:48:13","calc_backorders":null,"jetpack_sharing_enabled":true,"_links":{"self":[{"href":"https:\/\/www.go4dogs.de\/index.php?rest_route=\/wp\/v2\/product\/21750","targetHints":{"allow":["GET"]}}],"collection":[{"href":"https:\/\/www.go4dogs.de\/index.php?rest_route=\/wp\/v2\/product"}],"about":[{"href":"https:\/\/www.go4dogs.de\/index.php?rest_route=\/wp\/v2\/types\/product"}],"replies":[{"embeddable":true,"href":"https:\/\/www.go4dogs.de\/index.php?rest_route=%2Fwp%2Fv2%2Fcomments&post=21750"}],"wp:featuredmedia":[{"embeddable":true,"href":"https:\/\/www.go4dogs.de\/index.php?rest_route=\/wp\/v2\/media\/21751"}],"wp:attachment":[{"href":"https:\/\/www.go4dogs.de\/index.php?rest_route=%2Fwp%2Fv2%2Fmedia&parent=21750"}],"wp:term":[{"taxonomy":"product_brand","embeddable":true,"href":"https:\/\/www.go4dogs.de\/index.php?rest_route=%2Fwp%2Fv2%2Fproduct_brand&post=21750"},{"taxonomy":"product_cat","embeddable":true,"href":"https:\/\/www.go4dogs.de\/index.php?rest_route=%2Fwp%2Fv2%2Fproduct_cat&post=21750"},{"taxonomy":"product_tag","embeddable":true,"href":"https:\/\/www.go4dogs.de\/index.php?rest_route=%2Fwp%2Fv2%2Fproduct_tag&post=21750"}],"curies":[{"name":"wp","href":"https:\/\/api.w.org\/{rel}","templated":true}]}}