{"id":21739,"date":"2023-04-28T11:15:33","date_gmt":"2023-04-28T09:15:33","guid":{"rendered":"https:\/\/www.go4dogs.de\/?post_type=product&#038;p=21739"},"modified":"2024-12-01T20:53:06","modified_gmt":"2024-12-01T18:53:06","slug":"john-paul-pet-lavender-mint-shampoo-473-ml","status":"publish","type":"product","link":"https:\/\/www.go4dogs.de\/?product=john-paul-pet-lavender-mint-shampoo-473-ml","title":{"rendered":"John Paul Pet: Lavender Mint Shampoo 473 ml"},"content":{"rendered":"<p><strong>Nur das Beste f\u00fcr den vierbeinigen Freund \u2013\u00a0JOHN PAUL PET<\/strong><\/p>\n<p><strong>Vorteile des\u00a0Shampoos:<\/strong><\/p>\n<ul>\n<li>Teebaum\u00f6l und Extrakte aus Lavendel und Minze beruhigen Hautirritationen und spenden Feuchtigkeit.<\/li>\n<li>Zus\u00e4tzliche Pflegestoffe st\u00e4rken das Fell und verbessern die K\u00e4mmbarkeit.<\/li>\n<li>Beruhigt, spendet Feuchtigkeit und pflegt trockenes, widerspenstiges Haar.<\/li>\n<\/ul>\n<p>Eine kleine Menge sanft in das feuchte Fell einmassieren. Kontakt mit Augen und Ohren vermeiden. Eine Minute einwirken lassen und mit k\u00fchlem, klarem Wasser aussp\u00fclen.<\/p>\n<p>Inhaltsstoffe:<\/p>\n<p>Water\/Aqua\/Eau, Sodium Laureth Sulfate, Cocamide MIPA, Cocamidopropyl Betaine, Melaleuca Alternifolia (Tea Tree) Leaf Oil, Lavandula Anfustifolia (Lavender) Extract, Mentha Viridis (Spearmint) Extract, Eucalyptus Globulus Leaf Oil, Aloe Barbadensis Leaf Juice, Chamomilla Recutita (Matricaria) Flower Extract, Prunus Amygdalus Dulcis (Sweet Almond) Oil, Hydrolyzed Oat Protein, Glycerin, Butylene Glycol, Citric Acid, Sodium Chloride, Phenoxyethanol, Magnesium Chloride, Magnesium Nitrate, Methylchloroisothiazolinone, Methylisothiazolinone, Blue 1 (CI 42090), Yellow 5 (CI 19140), Fragrance (Parfum), Benzyl Alcohol, Benzyl Benzoate, Limonene, Linaloo<\/p>\n<p><b>Inhalt:<\/b>\u00a0473 ml<\/p>\n","protected":false},"excerpt":{"rendered":"<p>Nur das Beste f\u00fcr den vierbeinigen Freund \u2013\u00a0JOHN PAUL PET Vorteile des\u00a0Shampoos: Teebaum\u00f6l und Extrakte aus Lavendel und Minze beruhigen Hautirritationen und spenden Feuchtigkeit. Zus\u00e4tzliche Pflegestoffe st\u00e4rken das Fell und verbessern die K\u00e4mmbarkeit. Beruhigt, spendet Feuchtigkeit und pflegt trockenes, widerspenstiges Haar. Eine kleine Menge sanft in das feuchte Fell einmassieren. Kontakt mit Augen und Ohren [&hellip;]<\/p>\n","protected":false},"featured_media":21740,"comment_status":"closed","ping_status":"closed","template":"","meta":[],"product_brand":[],"product_cat":[235],"product_tag":[],"class_list":{"0":"post-21739","1":"product","2":"type-product","3":"status-publish","4":"has-post-thumbnail","6":"product_cat-alles-fuer-die-pflege","7":"tm-no-options","9":"first","10":"instock","11":"taxable","12":"shipping-taxable","13":"product-type-simple"},"supplier_id":null,"supplier_sku":"","barcode":null,"atum_controlled":true,"out_stock_date":null,"out_stock_threshold":null,"inheritable":false,"inbound_stock":0,"stock_on_hold":0,"sold_today":0,"sales_last_days":0,"reserved_stock":0,"customer_returns":0,"warehouse_damage":0,"lost_in_post":0,"other_logs":0,"out_stock_days":0,"lost_sales":0,"has_location":false,"update_date":"2024-12-01T18:53:09","atum_locations":[],"atum_stock_status":"instock","restock_status":false,"low_stock_amount":"","sales_update_date":"2023-12-01T14:31:54","calc_backorders":null,"jetpack_sharing_enabled":true,"_links":{"self":[{"href":"https:\/\/www.go4dogs.de\/index.php?rest_route=\/wp\/v2\/product\/21739","targetHints":{"allow":["GET"]}}],"collection":[{"href":"https:\/\/www.go4dogs.de\/index.php?rest_route=\/wp\/v2\/product"}],"about":[{"href":"https:\/\/www.go4dogs.de\/index.php?rest_route=\/wp\/v2\/types\/product"}],"replies":[{"embeddable":true,"href":"https:\/\/www.go4dogs.de\/index.php?rest_route=%2Fwp%2Fv2%2Fcomments&post=21739"}],"wp:featuredmedia":[{"embeddable":true,"href":"https:\/\/www.go4dogs.de\/index.php?rest_route=\/wp\/v2\/media\/21740"}],"wp:attachment":[{"href":"https:\/\/www.go4dogs.de\/index.php?rest_route=%2Fwp%2Fv2%2Fmedia&parent=21739"}],"wp:term":[{"taxonomy":"product_brand","embeddable":true,"href":"https:\/\/www.go4dogs.de\/index.php?rest_route=%2Fwp%2Fv2%2Fproduct_brand&post=21739"},{"taxonomy":"product_cat","embeddable":true,"href":"https:\/\/www.go4dogs.de\/index.php?rest_route=%2Fwp%2Fv2%2Fproduct_cat&post=21739"},{"taxonomy":"product_tag","embeddable":true,"href":"https:\/\/www.go4dogs.de\/index.php?rest_route=%2Fwp%2Fv2%2Fproduct_tag&post=21739"}],"curies":[{"name":"wp","href":"https:\/\/api.w.org\/{rel}","templated":true}]}}