{"id":21737,"date":"2023-04-28T11:13:59","date_gmt":"2023-04-28T09:13:59","guid":{"rendered":"https:\/\/www.go4dogs.de\/?post_type=product&#038;p=21737"},"modified":"2024-12-01T20:53:07","modified_gmt":"2024-12-01T18:53:07","slug":"john-paul-pet-oatmeal-conditioning-rinse-473-ml","status":"publish","type":"product","link":"https:\/\/www.go4dogs.de\/?product=john-paul-pet-oatmeal-conditioning-rinse-473-ml","title":{"rendered":"John Paul Pet: Oatmeal Conditioning Rinse 473 ml"},"content":{"rendered":"<p><strong>Milder Conditioner mit Hafermehl zum Aussp\u00fclen \u2013\u00a0JOHN PAUL PET<\/strong><\/p>\n<p><b>Vorteile des Hafermehl-Conditioners:<\/b><\/p>\n<ul>\n<li>Beruhigt, pflegt und versorgt trockenes Fell mit Feuchtigkeit.<\/li>\n<li>Hilft, die K\u00e4mmbarkeit im trockenen und feuchten Zustand zu verbessern.<\/li>\n<li>Der beruhigende Conditioner zum Aussp\u00fclen enth\u00e4lt 5 Pflegestoffe wie z. B. Hafermehl und Kamille.<\/li>\n<li>Vitamin E sch\u00fctzt Haut und Fell.<\/li>\n<li>Verleiht dem Fell ein seidig-gl\u00e4nzendes Frischegef\u00fchl.<\/li>\n<\/ul>\n<p>Eine kleine Menge sanft in das feuchte Fell einmassieren und mit k\u00fchlem, klarem Wasser aussp\u00fclen. Mit einem Handtuch trockenreiben und k\u00e4mmen.<\/p>\n<p>Inhaltsstoffe:<\/p>\n<p>Water\/Aqua\/Eau, Cetyl Alcohol, Hydrolyzed Oat Protein, Aloe Barbadensis Leaf Juice, Chamomilla Recutita (Matricaria) Flower Extract, Prunus Amygdalus Dulcis (Sweet Almond) Oil, Panthenol, Tocopheryl Acetate, Stearalkonium Chloride, Glycerin, Stearyl Alcohol, Butylene Glycol, Citric Acid, Caprylhydroxamic Acid, Phenoxyethanol, Methylpropanediol, Fragrance (Parfum), Yellow 5 (CI 19140)<\/p>\n<p><b>Inhalt:<\/b>\u00a0473 ml<\/p>\n","protected":false},"excerpt":{"rendered":"<p>Milder Conditioner mit Hafermehl zum Aussp\u00fclen \u2013\u00a0JOHN PAUL PET Vorteile des Hafermehl-Conditioners: Beruhigt, pflegt und versorgt trockenes Fell mit Feuchtigkeit. Hilft, die K\u00e4mmbarkeit im trockenen und feuchten Zustand zu verbessern. Der beruhigende Conditioner zum Aussp\u00fclen enth\u00e4lt 5 Pflegestoffe wie z. B. Hafermehl und Kamille. Vitamin E sch\u00fctzt Haut und Fell. Verleiht dem Fell ein seidig-gl\u00e4nzendes [&hellip;]<\/p>\n","protected":false},"featured_media":21738,"comment_status":"closed","ping_status":"closed","template":"","meta":[],"product_brand":[],"product_cat":[235],"product_tag":[],"class_list":{"0":"post-21737","1":"product","2":"type-product","3":"status-publish","4":"has-post-thumbnail","6":"product_cat-alles-fuer-die-pflege","7":"tm-no-options","9":"first","10":"instock","11":"taxable","12":"shipping-taxable","13":"product-type-simple"},"supplier_id":null,"supplier_sku":"","barcode":null,"atum_controlled":true,"out_stock_date":null,"out_stock_threshold":null,"inheritable":false,"inbound_stock":0,"stock_on_hold":0,"sold_today":0,"sales_last_days":0,"reserved_stock":0,"customer_returns":0,"warehouse_damage":0,"lost_in_post":0,"other_logs":0,"out_stock_days":0,"lost_sales":0,"has_location":false,"update_date":"2024-12-01T18:53:09","atum_locations":[],"atum_stock_status":"instock","restock_status":false,"low_stock_amount":"","sales_update_date":"2023-12-01T14:31:54","calc_backorders":null,"jetpack_sharing_enabled":true,"_links":{"self":[{"href":"https:\/\/www.go4dogs.de\/index.php?rest_route=\/wp\/v2\/product\/21737","targetHints":{"allow":["GET"]}}],"collection":[{"href":"https:\/\/www.go4dogs.de\/index.php?rest_route=\/wp\/v2\/product"}],"about":[{"href":"https:\/\/www.go4dogs.de\/index.php?rest_route=\/wp\/v2\/types\/product"}],"replies":[{"embeddable":true,"href":"https:\/\/www.go4dogs.de\/index.php?rest_route=%2Fwp%2Fv2%2Fcomments&post=21737"}],"wp:featuredmedia":[{"embeddable":true,"href":"https:\/\/www.go4dogs.de\/index.php?rest_route=\/wp\/v2\/media\/21738"}],"wp:attachment":[{"href":"https:\/\/www.go4dogs.de\/index.php?rest_route=%2Fwp%2Fv2%2Fmedia&parent=21737"}],"wp:term":[{"taxonomy":"product_brand","embeddable":true,"href":"https:\/\/www.go4dogs.de\/index.php?rest_route=%2Fwp%2Fv2%2Fproduct_brand&post=21737"},{"taxonomy":"product_cat","embeddable":true,"href":"https:\/\/www.go4dogs.de\/index.php?rest_route=%2Fwp%2Fv2%2Fproduct_cat&post=21737"},{"taxonomy":"product_tag","embeddable":true,"href":"https:\/\/www.go4dogs.de\/index.php?rest_route=%2Fwp%2Fv2%2Fproduct_tag&post=21737"}],"curies":[{"name":"wp","href":"https:\/\/api.w.org\/{rel}","templated":true}]}}