{"id":21735,"date":"2023-04-28T11:11:05","date_gmt":"2023-04-28T09:11:05","guid":{"rendered":"https:\/\/www.go4dogs.de\/?post_type=product&#038;p=21735"},"modified":"2025-09-07T18:00:31","modified_gmt":"2025-09-07T16:00:31","slug":"john-paul-pet-oatmeal-shampoo-473-ml","status":"publish","type":"product","link":"https:\/\/www.go4dogs.de\/?product=john-paul-pet-oatmeal-shampoo-473-ml","title":{"rendered":"John Paul Pet: Oatmeal Shampoo 473 ml"},"content":{"rendered":"<p><strong>Mildes Shampoo mit Hafermehl f\u00fcr empfindliche Haut \u2013\u00a0JOHN PAUL PET<\/strong><\/p>\n<p><b>Vorteile des Hafermehl-Shampoos:<\/b><\/p>\n<ul>\n<li>Reinigt tiefenwirksam. Beruhigt<\/li>\n<li>Mit Aloe vera, Kamille und hydrolisiertem Haferprotein, reinigt ohne die Haut zu reizen.<\/li>\n<li>S\u00fc\u00dfes Mandel\u00f6l pflegt und sorgt gleichzeitig f\u00fcr einen wunderbaren Duft.<\/li>\n<\/ul>\n<p>Eine kleine Menge sanft in das feuchte Fell einmassieren. Kontakt mit Augen und Ohren vermeiden. Mit k\u00fchlem, klarem Wasser aussp\u00fclen. Mit einem Handtuch trockenreiben und k\u00e4mmen. F\u00fcr eine intensivere Pflegewirkung anschlie\u00dfend Oatmeal Conditioning Rinse verwenden.<\/p>\n<p>Inhaltsstoffe:<\/p>\n<p>Water\/Aqua\/Eau, Sodium Laureth Sulfate, Cocamide MIPA, Cocamidopropyl Betaine, Sodium Chloride, Aloe Barbadensis Leaf Juice, Chamomilla Recutita (Matricaria) Flower Extract, Prunus Amygdalus Dulcis (Sweet Almond) Oil, Hydrolyzed Oat Protein, Butylene Glycol, Citric Acid, Phenoxyethanol, Magnesium Chloride, Magnesium Nitrate, Methylchloroisothiazolinone, Methylisothiazolinone, Fragrance (Parfum), Yellow 5 (CI 19140)<\/p>\n<p><b>Inhalt:<\/b>\u00a0473 ml<\/p>\n","protected":false},"excerpt":{"rendered":"<p>Mildes Shampoo mit Hafermehl f\u00fcr empfindliche Haut \u2013\u00a0JOHN PAUL PET Vorteile des Hafermehl-Shampoos: Reinigt tiefenwirksam. Beruhigt Mit Aloe vera, Kamille und hydrolisiertem Haferprotein, reinigt ohne die Haut zu reizen. S\u00fc\u00dfes Mandel\u00f6l pflegt und sorgt gleichzeitig f\u00fcr einen wunderbaren Duft. Eine kleine Menge sanft in das feuchte Fell einmassieren. Kontakt mit Augen und Ohren vermeiden. Mit [&hellip;]<\/p>\n","protected":false},"featured_media":21736,"comment_status":"closed","ping_status":"closed","template":"","meta":[],"product_brand":[],"product_cat":[235],"product_tag":[],"class_list":{"0":"post-21735","1":"product","2":"type-product","3":"status-publish","4":"has-post-thumbnail","6":"product_cat-alles-fuer-die-pflege","7":"tm-no-options","9":"first","10":"instock","11":"taxable","12":"shipping-taxable","13":"product-type-simple"},"supplier_id":null,"supplier_sku":"","barcode":null,"atum_controlled":true,"out_stock_date":null,"out_stock_threshold":null,"inheritable":false,"inbound_stock":0,"stock_on_hold":1,"sold_today":1,"sales_last_days":1,"reserved_stock":0,"customer_returns":0,"warehouse_damage":0,"lost_in_post":0,"other_logs":0,"out_stock_days":0,"lost_sales":0,"has_location":false,"update_date":"2025-09-07T16:02:35","atum_locations":[],"atum_stock_status":"instock","restock_status":true,"low_stock_amount":"","sales_update_date":"2025-09-07T16:02:35","calc_backorders":null,"jetpack_sharing_enabled":true,"_links":{"self":[{"href":"https:\/\/www.go4dogs.de\/index.php?rest_route=\/wp\/v2\/product\/21735","targetHints":{"allow":["GET"]}}],"collection":[{"href":"https:\/\/www.go4dogs.de\/index.php?rest_route=\/wp\/v2\/product"}],"about":[{"href":"https:\/\/www.go4dogs.de\/index.php?rest_route=\/wp\/v2\/types\/product"}],"replies":[{"embeddable":true,"href":"https:\/\/www.go4dogs.de\/index.php?rest_route=%2Fwp%2Fv2%2Fcomments&post=21735"}],"wp:featuredmedia":[{"embeddable":true,"href":"https:\/\/www.go4dogs.de\/index.php?rest_route=\/wp\/v2\/media\/21736"}],"wp:attachment":[{"href":"https:\/\/www.go4dogs.de\/index.php?rest_route=%2Fwp%2Fv2%2Fmedia&parent=21735"}],"wp:term":[{"taxonomy":"product_brand","embeddable":true,"href":"https:\/\/www.go4dogs.de\/index.php?rest_route=%2Fwp%2Fv2%2Fproduct_brand&post=21735"},{"taxonomy":"product_cat","embeddable":true,"href":"https:\/\/www.go4dogs.de\/index.php?rest_route=%2Fwp%2Fv2%2Fproduct_cat&post=21735"},{"taxonomy":"product_tag","embeddable":true,"href":"https:\/\/www.go4dogs.de\/index.php?rest_route=%2Fwp%2Fv2%2Fproduct_tag&post=21735"}],"curies":[{"name":"wp","href":"https:\/\/api.w.org\/{rel}","templated":true}]}}