{"id":21611,"date":"2023-03-23T12:28:34","date_gmt":"2023-03-23T10:28:34","guid":{"rendered":"https:\/\/www.go4dogs.de\/?post_type=product&#038;p=21611"},"modified":"2024-11-15T12:43:47","modified_gmt":"2024-11-15T10:43:47","slug":"planet-dog-orbee-tuff-nook-gruen","status":"publish","type":"product","link":"https:\/\/www.go4dogs.de\/?product=planet-dog-orbee-tuff-nook-gruen","title":{"rendered":"Planet Dog Orbee-Tuff Nook &#8211; Gr\u00fcn"},"content":{"rendered":"<h2>Planet Dog Orbee-Tuff Nook &#8211; Gr\u00fcn<\/h2>\n<p>Dieses tolle, bef\u00fcllbare Spielzeug ist perfekt f\u00fcr Ihren Hund! Die L\u00f6cher im Spielzeug machen es leicht, einen Snack oder S\u00fc\u00dfigkeiten zu verstecken. Dar\u00fcber hinaus eignet sich dieses Spielzeug auch zum F\u00fcllen mit Erdnussbutter. Platzieren Sie den Orbee-Tuff-Nook in den Planet Dog Orbee-Tuff Snoop &#8211; Blau oder Orange \u00a0f\u00fcr zus\u00e4tzlichen Spa\u00df!<\/p>\n<h2>Eigenschaften<\/h2>\n<ul>\n<li>Bef\u00fcllbar<\/li>\n<li>Passt zu den Produkten von Planet Dog Orbee-Tuff Snoop<\/li>\n<li>Mit nat\u00fcrlichem Minz\u00f6l<\/li>\n<li>F\u00fcr stundenlangen Spa\u00df<\/li>\n<\/ul>\n","protected":false},"excerpt":{"rendered":"<p>Planet Dog Orbee-Tuff Nook &#8211; Gr\u00fcn Dieses tolle, bef\u00fcllbare Spielzeug ist perfekt f\u00fcr Ihren Hund! Die L\u00f6cher im Spielzeug machen es leicht, einen Snack oder S\u00fc\u00dfigkeiten zu verstecken. Dar\u00fcber hinaus eignet sich dieses Spielzeug auch zum F\u00fcllen mit Erdnussbutter. Platzieren Sie den Orbee-Tuff-Nook in den Planet Dog Orbee-Tuff Snoop &#8211; Blau oder Orange \u00a0f\u00fcr zus\u00e4tzlichen [&hellip;]<\/p>\n","protected":false},"featured_media":21612,"comment_status":"closed","ping_status":"closed","template":"","meta":[],"product_brand":[],"product_cat":[219],"product_tag":[],"class_list":{"0":"post-21611","1":"product","2":"type-product","3":"status-publish","4":"has-post-thumbnail","6":"product_cat-zum-beschaeftigen","7":"tm-no-options","9":"first","10":"instock","11":"taxable","12":"shipping-taxable","13":"product-type-simple"},"supplier_id":null,"supplier_sku":"","barcode":null,"atum_controlled":true,"out_stock_date":null,"out_stock_threshold":null,"inheritable":false,"inbound_stock":0,"stock_on_hold":0,"sold_today":0,"sales_last_days":0,"reserved_stock":0,"customer_returns":0,"warehouse_damage":0,"lost_in_post":0,"other_logs":0,"out_stock_days":0,"lost_sales":0,"has_location":false,"update_date":"2024-11-15T10:43:50","atum_locations":[],"atum_stock_status":"instock","restock_status":false,"low_stock_amount":"","sales_update_date":"2023-08-09T16:36:10","calc_backorders":null,"jetpack_sharing_enabled":true,"_links":{"self":[{"href":"https:\/\/www.go4dogs.de\/index.php?rest_route=\/wp\/v2\/product\/21611","targetHints":{"allow":["GET"]}}],"collection":[{"href":"https:\/\/www.go4dogs.de\/index.php?rest_route=\/wp\/v2\/product"}],"about":[{"href":"https:\/\/www.go4dogs.de\/index.php?rest_route=\/wp\/v2\/types\/product"}],"replies":[{"embeddable":true,"href":"https:\/\/www.go4dogs.de\/index.php?rest_route=%2Fwp%2Fv2%2Fcomments&post=21611"}],"wp:featuredmedia":[{"embeddable":true,"href":"https:\/\/www.go4dogs.de\/index.php?rest_route=\/wp\/v2\/media\/21612"}],"wp:attachment":[{"href":"https:\/\/www.go4dogs.de\/index.php?rest_route=%2Fwp%2Fv2%2Fmedia&parent=21611"}],"wp:term":[{"taxonomy":"product_brand","embeddable":true,"href":"https:\/\/www.go4dogs.de\/index.php?rest_route=%2Fwp%2Fv2%2Fproduct_brand&post=21611"},{"taxonomy":"product_cat","embeddable":true,"href":"https:\/\/www.go4dogs.de\/index.php?rest_route=%2Fwp%2Fv2%2Fproduct_cat&post=21611"},{"taxonomy":"product_tag","embeddable":true,"href":"https:\/\/www.go4dogs.de\/index.php?rest_route=%2Fwp%2Fv2%2Fproduct_tag&post=21611"}],"curies":[{"name":"wp","href":"https:\/\/api.w.org\/{rel}","templated":true}]}}