{"id":21596,"date":"2023-03-23T12:03:54","date_gmt":"2023-03-23T10:03:54","guid":{"rendered":"https:\/\/www.go4dogs.de\/?post_type=product&#038;p=21596"},"modified":"2024-11-15T12:43:48","modified_gmt":"2024-11-15T10:43:48","slug":"planet-dog-orbee-tuff-lil-snoop","status":"publish","type":"product","link":"https:\/\/www.go4dogs.de\/?product=planet-dog-orbee-tuff-lil-snoop","title":{"rendered":"Planet Dog Orbee-Tuff Lil&#8217; Snoop"},"content":{"rendered":"<h2>Planet Dog Orbee-Tuff Lil&#8217; Snoop Spielzeug<\/h2>\n<p>Das Planet Dog Orbee-Tuff Lil&#8217; Snoop Spielzeug ist eine tolle M\u00f6glichkeit, Ihrem Hund Leckerlis zu geben. Das Spielzeug wurde entwickelt, um das Gehirn Ihres Hundes zu stimulieren und ihn gleichzeitig mit einem Leckerli zu belohnen. Der interaktive Artikel ist besonders f\u00fcr Welpen, die sich schnell langweilen, oder f\u00fcr Hunde, die lernen m\u00fcssen, langsamer zu fressen, eine echte Bereicherung. Das Planet Dog Orbee-Tuff Lil&#8217; Snoop Spielzeug ist halbtransparent, so dass Ihr Hund sehen kann, dass es ein Leckerli enth\u00e4lt. Au\u00dferdem ist er aus weichem Material gefertigt, das sicher zum Bei\u00dfen und Spielen ist. Alles, was Sie tun m\u00fcssen, ist, das Spielzeug zu \u00f6ffnen, es mit einem Leckerli zu f\u00fcllen, es zu schlie\u00dfen und Ihrem Hund zu geben. Das Spielzeug ist aus blei- und BPA-freiem Material hergestellt und speziell f\u00fcr kleine Welpen konzipiert. Reinigen Sie das Spielzeug zwischen den Eins\u00e4tzen, um es hygienisch zu halten. Zur Reinigung wird die Kugel einfach mit warmem Wasser und Seife gef\u00fcllt. Dann sch\u00fctteln Sie ihn gut und sp\u00fclen ihn gr\u00fcndlich aus. Lassen Sie es an der Luft trocknen. Achten Sie immer darauf, dass Sie das Spielzeug nur dann f\u00fcr Ihren Welpen verwenden, wenn jemand dabei ist, der ihn beaufsichtigt.<\/p>\n<h2>Merkmale<\/h2>\n<ul>\n<li>Hergestellt aus sicheren und langlebigen Materialien<\/li>\n<li>Zwei verschiedene Gr\u00f6\u00dfen zur Auswahl<\/li>\n<li>Ermutigt zu langsamem und bewusstem Fressen<\/li>\n<li>Eine interaktive M\u00f6glichkeit, Ihrem Hund Leckerlis zu geben<\/li>\n<\/ul>\n<h2>Gr\u00f6\u00dfe<\/h2>\n<p>9 x 7,62 cm<\/p>\n<h2>Farbe<\/h2>\n<p>Blau, Lila<\/p>\n","protected":false},"excerpt":{"rendered":"<p>Planet Dog Orbee-Tuff Lil&#8217; Snoop Spielzeug Das Planet Dog Orbee-Tuff Lil&#8217; Snoop Spielzeug ist eine tolle M\u00f6glichkeit, Ihrem Hund Leckerlis zu geben. Das Spielzeug wurde entwickelt, um das Gehirn Ihres Hundes zu stimulieren und ihn gleichzeitig mit einem Leckerli zu belohnen. Der interaktive Artikel ist besonders f\u00fcr Welpen, die sich schnell langweilen, oder f\u00fcr Hunde, [&hellip;]<\/p>\n","protected":false},"featured_media":21608,"comment_status":"closed","ping_status":"closed","template":"","meta":[],"product_brand":[],"product_cat":[219],"product_tag":[],"class_list":{"0":"post-21596","1":"product","2":"type-product","3":"status-publish","4":"has-post-thumbnail","6":"product_cat-zum-beschaeftigen","7":"tm-no-options","9":"first","10":"instock","11":"taxable","12":"shipping-taxable","13":"product-type-variable"},"supplier_id":null,"supplier_sku":"","barcode":null,"atum_controlled":true,"out_stock_date":null,"out_stock_threshold":null,"inheritable":true,"inbound_stock":0,"stock_on_hold":0,"sold_today":null,"sales_last_days":null,"reserved_stock":0,"customer_returns":0,"warehouse_damage":0,"lost_in_post":0,"other_logs":0,"out_stock_days":null,"lost_sales":null,"has_location":false,"update_date":"2024-11-15T10:43:50","atum_locations":[],"atum_stock_status":"instock","restock_status":false,"low_stock_amount":"","sales_update_date":"2023-07-06T06:24:39","calc_backorders":null,"jetpack_sharing_enabled":true,"_links":{"self":[{"href":"https:\/\/www.go4dogs.de\/index.php?rest_route=\/wp\/v2\/product\/21596","targetHints":{"allow":["GET"]}}],"collection":[{"href":"https:\/\/www.go4dogs.de\/index.php?rest_route=\/wp\/v2\/product"}],"about":[{"href":"https:\/\/www.go4dogs.de\/index.php?rest_route=\/wp\/v2\/types\/product"}],"replies":[{"embeddable":true,"href":"https:\/\/www.go4dogs.de\/index.php?rest_route=%2Fwp%2Fv2%2Fcomments&post=21596"}],"wp:featuredmedia":[{"embeddable":true,"href":"https:\/\/www.go4dogs.de\/index.php?rest_route=\/wp\/v2\/media\/21608"}],"wp:attachment":[{"href":"https:\/\/www.go4dogs.de\/index.php?rest_route=%2Fwp%2Fv2%2Fmedia&parent=21596"}],"wp:term":[{"taxonomy":"product_brand","embeddable":true,"href":"https:\/\/www.go4dogs.de\/index.php?rest_route=%2Fwp%2Fv2%2Fproduct_brand&post=21596"},{"taxonomy":"product_cat","embeddable":true,"href":"https:\/\/www.go4dogs.de\/index.php?rest_route=%2Fwp%2Fv2%2Fproduct_cat&post=21596"},{"taxonomy":"product_tag","embeddable":true,"href":"https:\/\/www.go4dogs.de\/index.php?rest_route=%2Fwp%2Fv2%2Fproduct_tag&post=21596"}],"curies":[{"name":"wp","href":"https:\/\/api.w.org\/{rel}","templated":true}]}}