{"id":21588,"date":"2023-03-23T12:02:29","date_gmt":"2023-03-23T10:02:29","guid":{"rendered":"https:\/\/www.go4dogs.de\/?post_type=product&#038;p=21588"},"modified":"2024-11-15T12:43:48","modified_gmt":"2024-11-15T10:43:48","slug":"planet-dog-orbee-tuff-snoop-gross","status":"publish","type":"product","link":"https:\/\/www.go4dogs.de\/?product=planet-dog-orbee-tuff-snoop-gross","title":{"rendered":"Planet Dog Orbee-Tuff Snoop"},"content":{"rendered":"<h2>Planet Dog Orbee-Tuff Snoop<\/h2>\n<p>Dieses niedliche Spielzeug von Planet Dog wird Ihrem Hund viel Spa\u00df machen! Verstecken Sie einen Snack oder S\u00fc\u00dfigkeiten f\u00fcr Ihren Hund im Orbee-Tuff Snoop und lassen Sie Ihren Hund das R\u00e4tsel l\u00f6sen. Dieses interaktive R\u00e4tsel bietet lang anhaltenden Spa\u00df und stimuliert das Gehirn des Hundes.<\/p>\n<p>F\u00fcr zus\u00e4tzlichen Spa\u00df erg\u00e4nzen Sie mit dem\u00a0 Planet Dog Orbee-Tuff Nook &#8211; Gr\u00fcn\u00a0oder\u00a0Planet Dog Orbee-Tuff Nook &#8211; Gelb\u00a0in die \u00d6ffnung des Orbee-Tuff Snoop. Dadurch wird es f\u00fcr Ihren Hund besonders schwierig, den Snack auszulecken.<\/p>\n<h2>Eigenschaften<\/h2>\n<ul>\n<li>Stimuliert das Gehirn des Hundes<\/li>\n<li>Langfristiger Spielspa\u00df<\/li>\n<li>F\u00fcr alle Altersgruppen und Hunderassen<\/li>\n<li>Hergestellt aus nicht-toxischem Material<\/li>\n<li>Snoop Hundespielzeug<\/li>\n<\/ul>\n<p><strong>Hinweis:<\/strong>\u00a0der Planet Hund Orbee-Tuff Snoop eignet sich nicht als Kauspielzeug!<\/p>\n<h2>Farbe<\/h2>\n<p>orange oder hellblau<\/p>\n<h2>Format<\/h2>\n<p>13 x 13 x 10 cm<\/p>\n","protected":false},"excerpt":{"rendered":"<p>Planet Dog Orbee-Tuff Snoop Dieses niedliche Spielzeug von Planet Dog wird Ihrem Hund viel Spa\u00df machen! Verstecken Sie einen Snack oder S\u00fc\u00dfigkeiten f\u00fcr Ihren Hund im Orbee-Tuff Snoop und lassen Sie Ihren Hund das R\u00e4tsel l\u00f6sen. Dieses interaktive R\u00e4tsel bietet lang anhaltenden Spa\u00df und stimuliert das Gehirn des Hundes. F\u00fcr zus\u00e4tzlichen Spa\u00df erg\u00e4nzen Sie mit [&hellip;]<\/p>\n","protected":false},"featured_media":21594,"comment_status":"closed","ping_status":"closed","template":"","meta":[],"product_brand":[],"product_cat":[219],"product_tag":[],"class_list":{"0":"post-21588","1":"product","2":"type-product","3":"status-publish","4":"has-post-thumbnail","6":"product_cat-zum-beschaeftigen","7":"tm-no-options","9":"first","10":"instock","11":"taxable","12":"shipping-taxable","13":"product-type-variable"},"supplier_id":null,"supplier_sku":"","barcode":null,"atum_controlled":true,"out_stock_date":null,"out_stock_threshold":null,"inheritable":true,"inbound_stock":0,"stock_on_hold":0,"sold_today":null,"sales_last_days":null,"reserved_stock":0,"customer_returns":0,"warehouse_damage":0,"lost_in_post":0,"other_logs":0,"out_stock_days":null,"lost_sales":null,"has_location":false,"update_date":"2024-11-15T10:43:50","atum_locations":[],"atum_stock_status":"instock","restock_status":false,"low_stock_amount":"","sales_update_date":"2023-07-06T06:24:39","calc_backorders":null,"jetpack_sharing_enabled":true,"_links":{"self":[{"href":"https:\/\/www.go4dogs.de\/index.php?rest_route=\/wp\/v2\/product\/21588","targetHints":{"allow":["GET"]}}],"collection":[{"href":"https:\/\/www.go4dogs.de\/index.php?rest_route=\/wp\/v2\/product"}],"about":[{"href":"https:\/\/www.go4dogs.de\/index.php?rest_route=\/wp\/v2\/types\/product"}],"replies":[{"embeddable":true,"href":"https:\/\/www.go4dogs.de\/index.php?rest_route=%2Fwp%2Fv2%2Fcomments&post=21588"}],"wp:featuredmedia":[{"embeddable":true,"href":"https:\/\/www.go4dogs.de\/index.php?rest_route=\/wp\/v2\/media\/21594"}],"wp:attachment":[{"href":"https:\/\/www.go4dogs.de\/index.php?rest_route=%2Fwp%2Fv2%2Fmedia&parent=21588"}],"wp:term":[{"taxonomy":"product_brand","embeddable":true,"href":"https:\/\/www.go4dogs.de\/index.php?rest_route=%2Fwp%2Fv2%2Fproduct_brand&post=21588"},{"taxonomy":"product_cat","embeddable":true,"href":"https:\/\/www.go4dogs.de\/index.php?rest_route=%2Fwp%2Fv2%2Fproduct_cat&post=21588"},{"taxonomy":"product_tag","embeddable":true,"href":"https:\/\/www.go4dogs.de\/index.php?rest_route=%2Fwp%2Fv2%2Fproduct_tag&post=21588"}],"curies":[{"name":"wp","href":"https:\/\/api.w.org\/{rel}","templated":true}]}}