{"id":21566,"date":"2023-03-19T16:31:38","date_gmt":"2023-03-19T14:31:38","guid":{"rendered":"https:\/\/www.go4dogs.de\/?post_type=product&#038;p=21566"},"modified":"2023-03-19T16:32:27","modified_gmt":"2023-03-19T14:32:27","slug":"bayrische-brotzeitwuerstl-pansenwurst-getrocknet-menge-1-1-stueck","status":"publish","type":"product","link":"https:\/\/www.go4dogs.de\/?product=bayrische-brotzeitwuerstl-pansenwurst-getrocknet-menge-1-1-stueck","title":{"rendered":"Bayrische Brotzeitw\u00fcrstl &#8211; Pansenwurst getrocknet (Menge 1 = 1 St\u00fcck)"},"content":{"rendered":"<p>Mit unseren bayerischen Brotzeitw\u00fcrstl aus getrocknetem Rindfleisch und leckerem\u00a0Pansen steht einer gemeinsamen Brotzeit nichts mehr im Wege! Die W\u00fcrstl sind hart getrocknet und zur St\u00e4rkung der Kaumuskulatur hervorragend geeignet. Ein Renner unter den Hundew\u00fcrsten!<\/p>\n<p>1 St\u00fcck ca. 30g<\/p>\n<p>Rohprotein: 47,3%<br \/>\nRohfett: 15,3%<br \/>\nRohasche: 7,9%<br \/>\nRohfaser: 2,5%<br \/>\nWasser: 6,2%<\/p>\n<p>&nbsp;<\/p>\n<ul>\n<li>Ohne Farbstoffe &amp; Lockstoffe<\/li>\n<li>Ohne k\u00fcnstliche Aromastoffe<\/li>\n<li>Ohne Konservierungsstoffe2<\/li>\n<\/ul>\n","protected":false},"excerpt":{"rendered":"<p>Mit unseren bayerischen Brotzeitw\u00fcrstl aus getrocknetem Rindfleisch und leckerem\u00a0Pansen steht einer gemeinsamen Brotzeit nichts mehr im Wege! Die W\u00fcrstl sind hart getrocknet und zur St\u00e4rkung der Kaumuskulatur hervorragend geeignet. Ein Renner unter den Hundew\u00fcrsten! 1 St\u00fcck ca. 30g Rohprotein: 47,3% Rohfett: 15,3% Rohasche: 7,9% Rohfaser: 2,5% Wasser: 6,2% &nbsp; Ohne Farbstoffe &amp; Lockstoffe Ohne k\u00fcnstliche [&hellip;]<\/p>\n","protected":false},"featured_media":21567,"comment_status":"closed","ping_status":"closed","template":"","meta":[],"product_brand":[],"product_cat":[241],"product_tag":[],"class_list":{"0":"post-21566","1":"product","2":"type-product","3":"status-publish","4":"has-post-thumbnail","6":"product_cat-kauspass","7":"tm-no-options","9":"first","10":"instock","11":"taxable","12":"shipping-taxable","13":"product-type-simple"},"supplier_id":null,"supplier_sku":"","barcode":null,"atum_controlled":true,"out_stock_date":null,"out_stock_threshold":null,"inheritable":false,"inbound_stock":0,"stock_on_hold":0,"sold_today":0,"sales_last_days":5,"reserved_stock":0,"customer_returns":0,"warehouse_damage":0,"lost_in_post":0,"other_logs":0,"out_stock_days":0,"lost_sales":0,"has_location":false,"update_date":"2024-04-10T09:23:33","atum_locations":[],"atum_stock_status":"instock","restock_status":false,"low_stock_amount":"","sales_update_date":"2024-04-10T09:23:33","calc_backorders":null,"jetpack_sharing_enabled":true,"_links":{"self":[{"href":"https:\/\/www.go4dogs.de\/index.php?rest_route=\/wp\/v2\/product\/21566","targetHints":{"allow":["GET"]}}],"collection":[{"href":"https:\/\/www.go4dogs.de\/index.php?rest_route=\/wp\/v2\/product"}],"about":[{"href":"https:\/\/www.go4dogs.de\/index.php?rest_route=\/wp\/v2\/types\/product"}],"replies":[{"embeddable":true,"href":"https:\/\/www.go4dogs.de\/index.php?rest_route=%2Fwp%2Fv2%2Fcomments&post=21566"}],"wp:featuredmedia":[{"embeddable":true,"href":"https:\/\/www.go4dogs.de\/index.php?rest_route=\/wp\/v2\/media\/21567"}],"wp:attachment":[{"href":"https:\/\/www.go4dogs.de\/index.php?rest_route=%2Fwp%2Fv2%2Fmedia&parent=21566"}],"wp:term":[{"taxonomy":"product_brand","embeddable":true,"href":"https:\/\/www.go4dogs.de\/index.php?rest_route=%2Fwp%2Fv2%2Fproduct_brand&post=21566"},{"taxonomy":"product_cat","embeddable":true,"href":"https:\/\/www.go4dogs.de\/index.php?rest_route=%2Fwp%2Fv2%2Fproduct_cat&post=21566"},{"taxonomy":"product_tag","embeddable":true,"href":"https:\/\/www.go4dogs.de\/index.php?rest_route=%2Fwp%2Fv2%2Fproduct_tag&post=21566"}],"curies":[{"name":"wp","href":"https:\/\/api.w.org\/{rel}","templated":true}]}}