{"id":21564,"date":"2023-03-19T16:29:45","date_gmt":"2023-03-19T14:29:45","guid":{"rendered":"https:\/\/www.go4dogs.de\/?post_type=product&#038;p=21564"},"modified":"2025-11-30T15:06:32","modified_gmt":"2025-11-30T13:06:32","slug":"pferdekopfhaut-getrocknet-200g","status":"publish","type":"product","link":"https:\/\/www.go4dogs.de\/?product=pferdekopfhaut-getrocknet-200g","title":{"rendered":"Pferdekopfhaut getrocknet 200g"},"content":{"rendered":"<p>Luftgetrocknete Pferdekopfhaut mit vielen Pluspunkten:<\/p>\n<p>f\u00fcr langes Kauen<br \/>\nzur St\u00e4rkung der Kaumuskulatur<br \/>\nf\u00fcr die Zahnpflege<br \/>\nf\u00fcr sensible Hunde<br \/>\nbei Ausschlussdi\u00e4ten<\/p>\n<p>Einzelfuttermittel f\u00fcr Hunde<br \/>\nAnalytische Bestandteile:<br \/>\nRohprotein: 72,3%<br \/>\nRohfett: 3,5%<br \/>\nRohasche: 4,5%<br \/>\nRohfaser: 4,7%<br \/>\nWassergehalt: 6,2%<\/p>\n<p>&nbsp;<\/p>\n<ul>\n<li>Ohne Farbstoffe &amp; Lockstoffe<\/li>\n<li>Ohne k\u00fcnstliche Aromastoffe<\/li>\n<li>Ohne Konservierungsstoffe2<\/li>\n<\/ul>\n","protected":false},"excerpt":{"rendered":"<p>Luftgetrocknete Pferdekopfhaut mit vielen Pluspunkten: f\u00fcr langes Kauen zur St\u00e4rkung der Kaumuskulatur f\u00fcr die Zahnpflege f\u00fcr sensible Hunde bei Ausschlussdi\u00e4ten Einzelfuttermittel f\u00fcr Hunde Analytische Bestandteile: Rohprotein: 72,3% Rohfett: 3,5% Rohasche: 4,5% Rohfaser: 4,7% Wassergehalt: 6,2% &nbsp; Ohne Farbstoffe &amp; Lockstoffe Ohne k\u00fcnstliche Aromastoffe Ohne Konservierungsstoffe2<\/p>\n","protected":false},"featured_media":21565,"comment_status":"closed","ping_status":"closed","template":"","meta":[],"product_brand":[],"product_cat":[241],"product_tag":[],"class_list":{"0":"post-21564","1":"product","2":"type-product","3":"status-publish","4":"has-post-thumbnail","6":"product_cat-kauspass","7":"tm-no-options","9":"first","10":"outofstock","11":"taxable","12":"shipping-taxable","13":"product-type-simple"},"supplier_id":null,"supplier_sku":"","barcode":null,"atum_controlled":true,"out_stock_date":null,"out_stock_threshold":null,"inheritable":false,"inbound_stock":0,"stock_on_hold":0,"sold_today":0,"sales_last_days":1,"reserved_stock":0,"customer_returns":0,"warehouse_damage":0,"lost_in_post":0,"other_logs":0,"out_stock_days":0,"lost_sales":0,"has_location":false,"update_date":"2025-11-30T13:06:33","atum_locations":[],"atum_stock_status":"outofstock","restock_status":false,"low_stock_amount":"","sales_update_date":"2023-09-19T06:13:10","calc_backorders":null,"jetpack_sharing_enabled":true,"_links":{"self":[{"href":"https:\/\/www.go4dogs.de\/index.php?rest_route=\/wp\/v2\/product\/21564","targetHints":{"allow":["GET"]}}],"collection":[{"href":"https:\/\/www.go4dogs.de\/index.php?rest_route=\/wp\/v2\/product"}],"about":[{"href":"https:\/\/www.go4dogs.de\/index.php?rest_route=\/wp\/v2\/types\/product"}],"replies":[{"embeddable":true,"href":"https:\/\/www.go4dogs.de\/index.php?rest_route=%2Fwp%2Fv2%2Fcomments&post=21564"}],"wp:featuredmedia":[{"embeddable":true,"href":"https:\/\/www.go4dogs.de\/index.php?rest_route=\/wp\/v2\/media\/21565"}],"wp:attachment":[{"href":"https:\/\/www.go4dogs.de\/index.php?rest_route=%2Fwp%2Fv2%2Fmedia&parent=21564"}],"wp:term":[{"taxonomy":"product_brand","embeddable":true,"href":"https:\/\/www.go4dogs.de\/index.php?rest_route=%2Fwp%2Fv2%2Fproduct_brand&post=21564"},{"taxonomy":"product_cat","embeddable":true,"href":"https:\/\/www.go4dogs.de\/index.php?rest_route=%2Fwp%2Fv2%2Fproduct_cat&post=21564"},{"taxonomy":"product_tag","embeddable":true,"href":"https:\/\/www.go4dogs.de\/index.php?rest_route=%2Fwp%2Fv2%2Fproduct_tag&post=21564"}],"curies":[{"name":"wp","href":"https:\/\/api.w.org\/{rel}","templated":true}]}}