{"id":21535,"date":"2023-03-10T22:09:03","date_gmt":"2023-03-10T20:09:03","guid":{"rendered":"https:\/\/www.go4dogs.de\/?post_type=product&#038;p=21535"},"modified":"2024-11-12T18:19:57","modified_gmt":"2024-11-12T16:19:57","slug":"biothane-schleppleine-hellblau","status":"publish","type":"product","link":"https:\/\/www.go4dogs.de\/?product=biothane-schleppleine-hellblau","title":{"rendered":"Biothane-Schleppleine Hellblau"},"content":{"rendered":"<p>Unsere Schleppleinen werden aus echter Biothane hergestellt und garantieren somit eine gr\u00f6\u00dftm\u00f6gliche Belastbarkeit.<\/p>\n<p>Die Schleppleine kannst du nach deinen W\u00fcnschen zusammenstellen.<\/p>\n<p>Wir nutzen f\u00fcr unsere Schleppleinen robuste Scherenkarabiner und verklebte Buchschrauben.<\/p>\n<p>&nbsp;<\/p>\n","protected":false},"excerpt":{"rendered":"<p>Unsere Schleppleinen werden aus echter Biothane hergestellt und garantieren somit eine gr\u00f6\u00dftm\u00f6gliche Belastbarkeit. Die Schleppleine kannst du nach deinen W\u00fcnschen zusammenstellen. Wir nutzen f\u00fcr unsere Schleppleinen robuste Scherenkarabiner und verklebte Buchschrauben. &nbsp;<\/p>\n","protected":false},"featured_media":21369,"comment_status":"closed","ping_status":"closed","template":"","meta":[],"product_brand":[],"product_cat":[250],"product_tag":[],"class_list":{"0":"post-21535","1":"product","2":"type-product","3":"status-publish","4":"has-post-thumbnail","6":"product_cat-schleppleinen","7":"tm-has-options","9":"first","10":"instock","11":"taxable","12":"shipping-taxable","13":"product-type-simple"},"supplier_id":null,"supplier_sku":"","barcode":null,"atum_controlled":true,"out_stock_date":null,"out_stock_threshold":null,"inheritable":false,"inbound_stock":0,"stock_on_hold":0,"sold_today":0,"sales_last_days":0,"reserved_stock":0,"customer_returns":0,"warehouse_damage":0,"lost_in_post":0,"other_logs":0,"out_stock_days":0,"lost_sales":0,"has_location":false,"update_date":"2024-11-12T16:20:07","atum_locations":[],"atum_stock_status":"instock","restock_status":false,"low_stock_amount":"","sales_update_date":"2023-03-23T07:04:28","calc_backorders":null,"jetpack_sharing_enabled":true,"_links":{"self":[{"href":"https:\/\/www.go4dogs.de\/index.php?rest_route=\/wp\/v2\/product\/21535","targetHints":{"allow":["GET"]}}],"collection":[{"href":"https:\/\/www.go4dogs.de\/index.php?rest_route=\/wp\/v2\/product"}],"about":[{"href":"https:\/\/www.go4dogs.de\/index.php?rest_route=\/wp\/v2\/types\/product"}],"replies":[{"embeddable":true,"href":"https:\/\/www.go4dogs.de\/index.php?rest_route=%2Fwp%2Fv2%2Fcomments&post=21535"}],"wp:featuredmedia":[{"embeddable":true,"href":"https:\/\/www.go4dogs.de\/index.php?rest_route=\/wp\/v2\/media\/21369"}],"wp:attachment":[{"href":"https:\/\/www.go4dogs.de\/index.php?rest_route=%2Fwp%2Fv2%2Fmedia&parent=21535"}],"wp:term":[{"taxonomy":"product_brand","embeddable":true,"href":"https:\/\/www.go4dogs.de\/index.php?rest_route=%2Fwp%2Fv2%2Fproduct_brand&post=21535"},{"taxonomy":"product_cat","embeddable":true,"href":"https:\/\/www.go4dogs.de\/index.php?rest_route=%2Fwp%2Fv2%2Fproduct_cat&post=21535"},{"taxonomy":"product_tag","embeddable":true,"href":"https:\/\/www.go4dogs.de\/index.php?rest_route=%2Fwp%2Fv2%2Fproduct_tag&post=21535"}],"curies":[{"name":"wp","href":"https:\/\/api.w.org\/{rel}","templated":true}]}}