{"id":21513,"date":"2023-03-10T21:56:27","date_gmt":"2023-03-10T19:56:27","guid":{"rendered":"https:\/\/www.go4dogs.de\/?post_type=product&#038;p=21513"},"modified":"2024-11-12T18:19:59","modified_gmt":"2024-11-12T16:19:59","slug":"biothane-2m-fuehrleine-classic-schwarz","status":"publish","type":"product","link":"https:\/\/www.go4dogs.de\/?product=biothane-2m-fuehrleine-classic-schwarz","title":{"rendered":"BioThane 2m-F\u00fchrleine Classic schwarz"},"content":{"rendered":"<p>Unser Klassiker ist diese 3-fach verstellbare BioThane-F\u00fchrleine in der Farbe schwarz.<\/p>\n<p>Biothane ist ein wasserabweisendes und leicht zu reinigendes Material und ist somit ideal f\u00fcr Spazierg\u00e4nge im Regen oder Schnee, am See oder am Meer.<\/p>\n<p>Die Leine ist \u00fcber drei Ringe verstellbar und hat eine L\u00e4nge von 2m &#8211; w\u00fcnschst du eine abweichende L\u00e4nge sprich uns gerne an.<\/p>\n<p>&nbsp;<\/p>\n<p>&nbsp;<\/p>\n<p>&nbsp;<\/p>\n","protected":false},"excerpt":{"rendered":"<p>Unser Klassiker ist diese 3-fach verstellbare BioThane-F\u00fchrleine in der Farbe schwarz. Biothane ist ein wasserabweisendes und leicht zu reinigendes Material und ist somit ideal f\u00fcr Spazierg\u00e4nge im Regen oder Schnee, am See oder am Meer. Die Leine ist \u00fcber drei Ringe verstellbar und hat eine L\u00e4nge von 2m &#8211; w\u00fcnschst du eine abweichende L\u00e4nge sprich [&hellip;]<\/p>\n","protected":false},"featured_media":21343,"comment_status":"closed","ping_status":"closed","template":"","meta":[],"product_brand":[],"product_cat":[249],"product_tag":[],"class_list":{"0":"post-21513","1":"product","2":"type-product","3":"status-publish","4":"has-post-thumbnail","6":"product_cat-fuehrleinen","7":"tm-has-options","9":"first","10":"instock","11":"virtual","12":"taxable","13":"product-type-simple"},"supplier_id":null,"supplier_sku":"","barcode":null,"atum_controlled":true,"out_stock_date":null,"out_stock_threshold":null,"inheritable":false,"inbound_stock":null,"stock_on_hold":1,"sold_today":1,"sales_last_days":1,"reserved_stock":null,"customer_returns":null,"warehouse_damage":null,"lost_in_post":null,"other_logs":null,"out_stock_days":0,"lost_sales":0,"has_location":false,"update_date":"2025-11-03T08:07:24","atum_locations":[],"atum_stock_status":"instock","restock_status":false,"low_stock_amount":"","sales_update_date":"2025-11-03T08:07:24","calc_backorders":null,"jetpack_sharing_enabled":true,"_links":{"self":[{"href":"https:\/\/www.go4dogs.de\/index.php?rest_route=\/wp\/v2\/product\/21513","targetHints":{"allow":["GET"]}}],"collection":[{"href":"https:\/\/www.go4dogs.de\/index.php?rest_route=\/wp\/v2\/product"}],"about":[{"href":"https:\/\/www.go4dogs.de\/index.php?rest_route=\/wp\/v2\/types\/product"}],"replies":[{"embeddable":true,"href":"https:\/\/www.go4dogs.de\/index.php?rest_route=%2Fwp%2Fv2%2Fcomments&post=21513"}],"wp:featuredmedia":[{"embeddable":true,"href":"https:\/\/www.go4dogs.de\/index.php?rest_route=\/wp\/v2\/media\/21343"}],"wp:attachment":[{"href":"https:\/\/www.go4dogs.de\/index.php?rest_route=%2Fwp%2Fv2%2Fmedia&parent=21513"}],"wp:term":[{"taxonomy":"product_brand","embeddable":true,"href":"https:\/\/www.go4dogs.de\/index.php?rest_route=%2Fwp%2Fv2%2Fproduct_brand&post=21513"},{"taxonomy":"product_cat","embeddable":true,"href":"https:\/\/www.go4dogs.de\/index.php?rest_route=%2Fwp%2Fv2%2Fproduct_cat&post=21513"},{"taxonomy":"product_tag","embeddable":true,"href":"https:\/\/www.go4dogs.de\/index.php?rest_route=%2Fwp%2Fv2%2Fproduct_tag&post=21513"}],"curies":[{"name":"wp","href":"https:\/\/api.w.org\/{rel}","templated":true}]}}