{"id":21454,"date":"2023-02-13T16:05:02","date_gmt":"2023-02-13T14:05:02","guid":{"rendered":"https:\/\/www.go4dogs.de\/?post_type=product&#038;p=21454"},"modified":"2024-11-12T18:26:04","modified_gmt":"2024-11-12T16:26:04","slug":"wildes-land-bio-adult-huhn-400g","status":"publish","type":"product","link":"https:\/\/www.go4dogs.de\/?product=wildes-land-bio-adult-huhn-400g","title":{"rendered":"Wildes Land Bio Adult Huhn 400g"},"content":{"rendered":"<p><strong>Huhn mit K\u00fcrbis und Zucchini<br \/>\nAus der Linie Bio Adult<\/strong><\/p>\n<p>Unser\u00a0Nassfutter\u00a0Huhn\u00a0aus der\u00a0Linie Bio Adult\u00a0hat einen hohen Anteil an Muskelfleisch und Innereien von 60 %, erg\u00e4nzt mit leckerem Amaranth, K\u00fcrbis, Zucchini, Kr\u00e4utern und Lein\u00f6l. Es enth\u00e4lt alle N\u00e4hrstoffe und Vitamine, die Ihr\u00a0Hund\u00a0f\u00fcr ein gesundes, aktives Leben braucht. Alle Zutaten in Bio-Qualit\u00e4t werden schonend verarbeitet und in der eigenen Kochbr\u00fche konserviert. Mit diesen 12 Dosen zu jeweils 400 g kommt nur die pure Natur in den Napf Ihres Hundes.<\/p>\n<p>Unser schmackhaftes\u00a0Nassfutter\u00a0Huhn\u00a0der\u00a0Linie Bio Adult\u00a0zeichnet sich durch einen hohen Fleischanteil, erg\u00e4nzt mit Amaranth, K\u00fcrbis, Zucchini, aus. Die hochwertigen Zutaten in Bio-Qualit\u00e4t werden abgerundet durch die Zugabe von Kr\u00e4utern und Lein\u00f6l. Ihr\u00a0Hund\u00a0erh\u00e4lt damit ein artgerechtes, ausgewogenes Men\u00fc mit allen wichtigen N\u00e4hrstoffen und Vitaminen, die f\u00fcr seine Gesundheit und sein Wohlbefinden, sowie f\u00fcr ein gesundes, aktives Leben wichtig sind.\u00a0Die tierischen Bestandteile in diesem Nassfuttermen\u00fc stammen alle aus einer Proteinquelle. Sie bestehen aus Muskelfleisch, Innereien sowie Karkassen. Getreide werden Sie in unserem Futter genauso wenig finden, wie Farb-, Aroma- oder Konservierungsstoffe und Zucker. Die wertvollen Zutaten werden schonend verarbeitet und in der eigenen Kochbr\u00fche konserviert. Da kommt nur die pure Natur in den Napf Ihres Hundes.\u00a0Da in der kontrolliert biologischen Landwirtschaft auf den vorbeugenden Einsatz von Antibiotika verzichtet wird und der Einsatz von Hormonen, Wachstums- und Leistungsf\u00f6rderern verboten ist, k\u00f6nnen Sie sich sicher sein, dass Wildes Land Bio besonders nat\u00fcrlich und unbelastet ist und eine artgerechte Haltung der Nutztiere unterst\u00fctzt. Unser Futter wird ausnahmslos ohne Tierversuche entwickelt und produziert. Wir kombinieren bei der Entwicklung die nat\u00fcrlichen Bed\u00fcrfnisse des Hundes mit modernen, wissenschaftlichen Erkenntnissen. Sie basieren auf der Urspr\u00fcnglichkeit und der Kraft der Natur. Hergestellt werden unsere Produkte in Deutschland. Dieses Futter ist f\u00fcr ausgewachsene Hunde aller Gr\u00f6\u00dfen und Rassen geeignet.<\/p>\n<p><strong>Das Wichtigste unseres Nassfutters\u00a0Huhn\u00a0der\u00a0Linie Bio Adult\u00a0zusammengefasst:<\/strong><\/p>\n<blockquote>\n<ul>\n<li>Hoher Anteil an frischem Bio-Fleisch und Innereien mit 60 %<\/li>\n<li>Monoprotein<\/li>\n<li>Mit Amaranth, K\u00fcrbis und Zucchini<\/li>\n<li>Erg\u00e4nzt mit Kr\u00e4utern und Lein\u00f6l<\/li>\n<li>Alle Zutaten in Bio-Qualit\u00e4t<\/li>\n<li>Ohne Getreide<\/li>\n<li>Ohne Farb-, Aroma- und Konservierungsstoffe und Zucker<\/li>\n<li>F\u00fcr ausgewachsene Hunde aller Gr\u00f6\u00dfen und Rassen geeignet<\/li>\n<li>Entwickelt und produziert ohne Tierversuche<\/li>\n<li>Hergestellt in Deutschland<\/li>\n<li>Aus kontrolliert biologischer Landwirtschaft<\/li>\n<\/ul>\n<\/blockquote>\n<p>Zusammensetzung<\/p>\n<div>Huhn* 60 % (Fleisch*, Herz*, H\u00e4lse*, Karkasse*, Leber*), Br\u00fche* 20,5 %, Amaranth* 11 %, K\u00fcrbis* 5 %, Zucchini* 2,1 %, Mineralstoffe 1 %, Lein\u00f6l* 0,3 %, Kr\u00e4utermischung* 0,1 % (Basilikum*, Kamille*, L\u00f6wenzahn*, Petersilie*, Rosmarin*). *aus kontrolliert biologischer Landwirtschaft<\/div>\n<p>Analytische Bestandteile<\/p>\n<div>\n<p>Rohprotein 9,1 %, Rohfett 5 %, Rohfaser 1,1 %, Rohasche 1 %, Feuchtigkeit 69,1 %.<\/p>\n<\/div>\n<p>Zusatzstoffe<\/p>\n<div>Ern\u00e4hrungsphysiologische Zusatzstoffe: Vitamin A 2200 IE, Vitamin D3 180 IE, Kupfer (Kupfer-(II)-sulfat, Pentahydrat) 1,6 mg, Mangan (Mangan-(II)-oxid) 0,9 mg, Zink (Zinksulfat, Monohydrat) 15 mg, Selen (Natriumselenit) 0,07 mg.<\/div>\n<div><\/div>\n<div>F\u00fctterungsempfehlung<\/div>\n<div><\/div>\n<div>\n<table border=\"0\">\n<tbody>\n<tr>\n<td><strong>\u00a0Gewicht des Hundes<\/strong><\/td>\n<td><strong>\u00a0Futtermenge pro Tag<\/strong><\/td>\n<\/tr>\n<tr>\n<td>5 &#8211; 10 kg<\/td>\n<td>250 &#8211; 400 g<\/td>\n<\/tr>\n<tr>\n<td>10 &#8211; 20 kg<\/td>\n<td>400 &#8211; 750 g<\/td>\n<\/tr>\n<tr>\n<td>20 &#8211; 30 kg<\/td>\n<td>750 &#8211; 950 g<\/td>\n<\/tr>\n<tr>\n<td>30 &#8211; 60 kg<\/td>\n<td>950 &#8211; 1700 g<\/td>\n<\/tr>\n<\/tbody>\n<\/table>\n<p>Die angegebenen Futtermengen sind Richtwerte und k\u00f6nnen je nach Alter, Rasse und Aktivit\u00e4t des Hundes variieren.<br \/>\nBitte stellen Sie Ihrem Hund stets frisches Wasser zur Verf\u00fcgung und f\u00fcttern Sie das Futter zimmerwarm.<\/p>\n<\/div>\n","protected":false},"excerpt":{"rendered":"<p>Huhn mit K\u00fcrbis und Zucchini Aus der Linie Bio Adult Unser\u00a0Nassfutter\u00a0Huhn\u00a0aus der\u00a0Linie Bio Adult\u00a0hat einen hohen Anteil an Muskelfleisch und Innereien von 60 %, erg\u00e4nzt mit leckerem Amaranth, K\u00fcrbis, Zucchini, Kr\u00e4utern und Lein\u00f6l. Es enth\u00e4lt alle N\u00e4hrstoffe und Vitamine, die Ihr\u00a0Hund\u00a0f\u00fcr ein gesundes, aktives Leben braucht. Alle Zutaten in Bio-Qualit\u00e4t werden schonend verarbeitet und in [&hellip;]<\/p>\n","protected":false},"featured_media":21453,"comment_status":"closed","ping_status":"closed","template":"","meta":[],"product_brand":[],"product_cat":[268],"product_tag":[],"class_list":{"0":"post-21454","1":"product","2":"type-product","3":"status-publish","4":"has-post-thumbnail","6":"product_cat-nassfutter-von-wildes-land","7":"tm-no-options","9":"first","10":"instock","11":"taxable","12":"shipping-taxable","13":"product-type-simple"},"supplier_id":null,"supplier_sku":"","barcode":null,"atum_controlled":true,"out_stock_date":null,"out_stock_threshold":null,"inheritable":false,"inbound_stock":0,"stock_on_hold":0,"sold_today":0,"sales_last_days":0,"reserved_stock":0,"customer_returns":0,"warehouse_damage":0,"lost_in_post":0,"other_logs":0,"out_stock_days":0,"lost_sales":0,"has_location":false,"update_date":"2024-11-12T16:26:06","atum_locations":[],"atum_stock_status":"instock","restock_status":false,"low_stock_amount":"","sales_update_date":"2023-07-06T06:45:51","calc_backorders":null,"jetpack_sharing_enabled":true,"_links":{"self":[{"href":"https:\/\/www.go4dogs.de\/index.php?rest_route=\/wp\/v2\/product\/21454","targetHints":{"allow":["GET"]}}],"collection":[{"href":"https:\/\/www.go4dogs.de\/index.php?rest_route=\/wp\/v2\/product"}],"about":[{"href":"https:\/\/www.go4dogs.de\/index.php?rest_route=\/wp\/v2\/types\/product"}],"replies":[{"embeddable":true,"href":"https:\/\/www.go4dogs.de\/index.php?rest_route=%2Fwp%2Fv2%2Fcomments&post=21454"}],"wp:featuredmedia":[{"embeddable":true,"href":"https:\/\/www.go4dogs.de\/index.php?rest_route=\/wp\/v2\/media\/21453"}],"wp:attachment":[{"href":"https:\/\/www.go4dogs.de\/index.php?rest_route=%2Fwp%2Fv2%2Fmedia&parent=21454"}],"wp:term":[{"taxonomy":"product_brand","embeddable":true,"href":"https:\/\/www.go4dogs.de\/index.php?rest_route=%2Fwp%2Fv2%2Fproduct_brand&post=21454"},{"taxonomy":"product_cat","embeddable":true,"href":"https:\/\/www.go4dogs.de\/index.php?rest_route=%2Fwp%2Fv2%2Fproduct_cat&post=21454"},{"taxonomy":"product_tag","embeddable":true,"href":"https:\/\/www.go4dogs.de\/index.php?rest_route=%2Fwp%2Fv2%2Fproduct_tag&post=21454"}],"curies":[{"name":"wp","href":"https:\/\/api.w.org\/{rel}","templated":true}]}}