{"id":21446,"date":"2023-02-13T15:59:31","date_gmt":"2023-02-13T13:59:31","guid":{"rendered":"https:\/\/www.go4dogs.de\/?post_type=product&#038;p=21446"},"modified":"2024-11-12T18:26:04","modified_gmt":"2024-11-12T16:26:04","slug":"wildes-land-bio-adult-ente-400g","status":"publish","type":"product","link":"https:\/\/www.go4dogs.de\/?product=wildes-land-bio-adult-ente-400g","title":{"rendered":"Wildes Land Bio Adult Ente 400g"},"content":{"rendered":"<p><strong>Ente mit S\u00fc\u00dfkartoffel, Birnen und Beeren<br \/>\nAus der Linie Bio Adult<\/strong><\/p>\n<p>Unser Nassfuttermen\u00fc\u00a0Ente\u00a0aus der\u00a0Linie Bio Adult\u00a0hat einen hohen Anteil an Muskelfleisch, Innereien und Karkassen von 60 %, erg\u00e4nzt mit S\u00fc\u00dfkartoffeln, leckeren Birnen, Beeren, Kr\u00e4utern sowie wertvollem Lein\u00f6l. Die Zutaten in Bio-Qualit\u00e4t werden schonend verarbeitet und in der eigenen Kochbr\u00fche konserviert. Ihr\u00a0Hund\u00a0bekommt mit diesem Futter alle N\u00e4hrstoffe und Vitamine, die er f\u00fcr ein aktives, langes Leben braucht. Sie erhalten 12 Dosen zu jeweils 400 g mit artgerechtem, ausgewogenen\u00a0Nassfutter\u00a0f\u00fcr Ihren vierbeinigen Liebling.<\/p>\n<p>Unser schmackhaftes\u00a0Nassfutter\u00a0Ente\u00a0der\u00a0Linie Bio Adult\u00a0hat einen hohen Anteil an Muskelfleisch, Innereien und Karkassen von 60 %, erg\u00e4nzt mit S\u00fc\u00dfkartoffeln und Birnen sowie abgerundet mit erlesenen Beeren, Kr\u00e4utern und Lein\u00f6l. Ihr\u00a0Hund\u00a0erh\u00e4lt damit alle wichtigen N\u00e4hrstoffe und Vitamine, die er f\u00fcr ein aktives, langes Leben und sein Wohlbefinden ben\u00f6tigt.\u00a0Unser Futter besteht aus wertvollen Zutaten in Bio-Qualit\u00e4t aus kontrolliert biologischer Landwirtschaft. Diese werden schonend verarbeitet und in der eigenen Kochbr\u00fche konserviert. Getreide werden Sie genau so wenig finden, wie Zucker-, Farb-, Aroma- oder Konservierungsstoffe. Da in der kontrolliert biologischen Landwirtschaft auf den vorbeugenden Einsatz von Antibiotika verzichtet wird und der Einsatz von Hormonen, Wachstums- und Leistungsf\u00f6rderern verboten ist, k\u00f6nnen Sie sich sicher sein, dass Wildes Land Bio besonders nat\u00fcrlich und unbelastet ist und eine artgerechte Haltung der Nutztiere unterst\u00fctzt. Die tierischen Bestandteile stammen aus nur einer Proteinquelle. Dies macht das Futter gut verdaulich, auch f\u00fcr ern\u00e4hrungsempfindliche Hunde.\u00a0Unser Futter wird aus \u00dcberzeugung ohne Tierversuche entwickelt und produziert. Wir kombinieren bei der Entwicklung des Futters die nat\u00fcrlichen Bed\u00fcrfnisse des Hundes mit modernen, wissenschaftlichen Erkenntnissen. Das Resultat ist ein artgerechtes, ausgewogenes Futter. Es ist f\u00fcr ausgewachsene Hunde aller Gr\u00f6\u00dfen und Rassen geeignet. Hergestellt werden unsere Produkte in Deutschland.<\/p>\n<p><strong>Das Wichtigste unseres Nassfutters\u00a0Ente mit S\u00fc\u00dfkartoffel der\u00a0Linie Bio Adult\u00a0zusammengefasst:<\/strong><\/p>\n<blockquote>\n<ul>\n<li>Hoher Anteil an Muskelfleisch und Innereien von 60 %<\/li>\n<li>Mit S\u00fc\u00dfkartoffeln und Birnen<\/li>\n<li>Aus kontrolliert biologischer Landwirtschaft<\/li>\n<li>Monoprotein<\/li>\n<li>Reich an hochwertigen und leicht verdaulichen Proteinen und Fetten<\/li>\n<li>Erg\u00e4nzt mit Beeren, Kr\u00e4utern und Lein\u00f6l<\/li>\n<li>Alle Zutaten in Bio-Qualit\u00e4t<\/li>\n<li>Ohne Getreide<\/li>\n<li>Ohne Zucker-, Farb-, Aroma- und Konservierungsstoffe<\/li>\n<li>F\u00fcr ausgewachsene Hunde aller Gr\u00f6\u00dfen und Rassen geeignet<\/li>\n<li>Ohne Tierversuche<\/li>\n<li>Hergestellt in Deutschland<\/li>\n<\/ul>\n<\/blockquote>\n<p>Zusammensetzung<\/p>\n<div>Ente* 60 % (Fleisch*, Herz*, H\u00e4lse*, Karkasse*, Leber*), Br\u00fche* 19,5 %,S\u00fc\u00dfkartoffeln* 12 %, Birnen* 5 %, Beeren* 2,1 %, Mineralstoffe 1 %, Lein\u00f6l* 0,3 %, Kr\u00e4utermischung* 0,1 % (Basilikum*, Kamille*, L\u00f6wenzahn*, Petersilie*, Rosmarin*). *aus kontrolliert biologischer Landwirtschaft<\/div>\n<p>Analytische Bestandteile<\/p>\n<div>\n<p>Rohprotein 8,1 %, Rohfett 6 %, Rohfaser 1,7 %, Rohasche 1 %, Feuchtigkeit 75,6 %<\/p>\n<\/div>\n<p>Zusatzstoffe<\/p>\n<div>Ern\u00e4hrungsphysiologische Zusatzstoffe: Vitamin A 2200 IE, Vitamin D3 180 IE, Kupfer (Kupfer-(II)-sulfat, Pentahydrat) 1,6 mg, Mangan (Mangan-(II)-oxid) 0,9 mg, Zink (Zinksulfat, Monohydrat) 15 mg, Selen (Natriumselenit) 0,07 mg.<\/div>\n<div><\/div>\n<div>F\u00fctterungsempfehlung<\/div>\n<div><\/div>\n<div>\n<table border=\"0\">\n<tbody>\n<tr>\n<td><strong>\u00a0Gewicht des Hundes<\/strong><\/td>\n<td><strong>\u00a0Futtermenge pro Tag<\/strong><\/td>\n<\/tr>\n<tr>\n<td>5 &#8211; 10 kg<\/td>\n<td>250 &#8211; 400 g<\/td>\n<\/tr>\n<tr>\n<td>10 &#8211; 20 kg<\/td>\n<td>400 &#8211; 750 g<\/td>\n<\/tr>\n<tr>\n<td>20 &#8211; 30 kg<\/td>\n<td>750 &#8211; 950 g<\/td>\n<\/tr>\n<tr>\n<td>30 &#8211; 60 kg<\/td>\n<td>950 &#8211; 1700 g<\/td>\n<\/tr>\n<\/tbody>\n<\/table>\n<p>Die angegebenen Futtermengen sind Richtwerte und k\u00f6nnen je nach Alter, Rasse und Aktivit\u00e4t des Hundes variieren.<br \/>\nBitte stellen Sie Ihrem Hund stets frisches Wasser zur Verf\u00fcgung und f\u00fcttern Sie das Futter zimmerwarm.<\/p>\n<\/div>\n","protected":false},"excerpt":{"rendered":"<p>Ente mit S\u00fc\u00dfkartoffel, Birnen und Beeren Aus der Linie Bio Adult Unser Nassfuttermen\u00fc\u00a0Ente\u00a0aus der\u00a0Linie Bio Adult\u00a0hat einen hohen Anteil an Muskelfleisch, Innereien und Karkassen von 60 %, erg\u00e4nzt mit S\u00fc\u00dfkartoffeln, leckeren Birnen, Beeren, Kr\u00e4utern sowie wertvollem Lein\u00f6l. Die Zutaten in Bio-Qualit\u00e4t werden schonend verarbeitet und in der eigenen Kochbr\u00fche konserviert. Ihr\u00a0Hund\u00a0bekommt mit diesem Futter alle [&hellip;]<\/p>\n","protected":false},"featured_media":21450,"comment_status":"closed","ping_status":"closed","template":"","meta":[],"product_brand":[],"product_cat":[268],"product_tag":[],"class_list":{"0":"post-21446","1":"product","2":"type-product","3":"status-publish","4":"has-post-thumbnail","6":"product_cat-nassfutter-von-wildes-land","7":"tm-no-options","9":"first","10":"instock","11":"taxable","12":"shipping-taxable","13":"purchasable","14":"product-type-simple"},"supplier_id":null,"supplier_sku":"","barcode":null,"atum_controlled":true,"out_stock_date":null,"out_stock_threshold":null,"inheritable":false,"inbound_stock":0,"stock_on_hold":0,"sold_today":0,"sales_last_days":0,"reserved_stock":0,"customer_returns":0,"warehouse_damage":0,"lost_in_post":0,"other_logs":0,"out_stock_days":0,"lost_sales":0,"has_location":false,"update_date":"2024-11-12T16:26:06","atum_locations":[],"atum_stock_status":"instock","restock_status":false,"low_stock_amount":"","sales_update_date":"2023-07-06T06:45:51","calc_backorders":null,"jetpack_sharing_enabled":true,"_links":{"self":[{"href":"https:\/\/www.go4dogs.de\/index.php?rest_route=\/wp\/v2\/product\/21446","targetHints":{"allow":["GET"]}}],"collection":[{"href":"https:\/\/www.go4dogs.de\/index.php?rest_route=\/wp\/v2\/product"}],"about":[{"href":"https:\/\/www.go4dogs.de\/index.php?rest_route=\/wp\/v2\/types\/product"}],"replies":[{"embeddable":true,"href":"https:\/\/www.go4dogs.de\/index.php?rest_route=%2Fwp%2Fv2%2Fcomments&post=21446"}],"wp:featuredmedia":[{"embeddable":true,"href":"https:\/\/www.go4dogs.de\/index.php?rest_route=\/wp\/v2\/media\/21450"}],"wp:attachment":[{"href":"https:\/\/www.go4dogs.de\/index.php?rest_route=%2Fwp%2Fv2%2Fmedia&parent=21446"}],"wp:term":[{"taxonomy":"product_brand","embeddable":true,"href":"https:\/\/www.go4dogs.de\/index.php?rest_route=%2Fwp%2Fv2%2Fproduct_brand&post=21446"},{"taxonomy":"product_cat","embeddable":true,"href":"https:\/\/www.go4dogs.de\/index.php?rest_route=%2Fwp%2Fv2%2Fproduct_cat&post=21446"},{"taxonomy":"product_tag","embeddable":true,"href":"https:\/\/www.go4dogs.de\/index.php?rest_route=%2Fwp%2Fv2%2Fproduct_tag&post=21446"}],"curies":[{"name":"wp","href":"https:\/\/api.w.org\/{rel}","templated":true}]}}