{"id":21356,"date":"2023-01-29T14:48:19","date_gmt":"2023-01-29T12:48:19","guid":{"rendered":"https:\/\/www.go4dogs.de\/?post_type=product&#038;p=21356"},"modified":"2024-11-12T18:20:04","modified_gmt":"2024-11-12T16:20:04","slug":"biothane-halsband-classic-pastel-rosa","status":"publish","type":"product","link":"https:\/\/www.go4dogs.de\/?product=biothane-halsband-classic-pastel-rosa","title":{"rendered":"BioThane Halsband Classic Pastel Rosa"},"content":{"rendered":"<p>Unser Klassiker ist dieses verstellbare BioThane-Halsband in der Farbe pastel rosa.<\/p>\n<p>Biothane ist ein wasserabweisendes und leicht zu reinigendes Material und ist somit ideal f\u00fcr Spazierg\u00e4nge im Regen oder Schnee, am See oder am Meer.<\/p>\n<p>Unsere Halsb\u00e4nder sind mehrfach verstellbar. Bitte messe hierzu den Halsumfang deines Hundes an der Stelle des Halses, an der das Halsband sitzen soll. Misst du zum Beispiel einen Halsumfang von 40cm, bekommst du ein Halsband mit dem Verstellbereich von ca. 38-43cm. Das Ma\u00df gibst du bitte in deiner Konfiguration ein.<\/p>\n<p>&nbsp;<\/p>\n<p>&nbsp;<\/p>\n<p>&nbsp;<\/p>\n","protected":false},"excerpt":{"rendered":"<p>Unser Klassiker ist dieses verstellbare BioThane-Halsband in der Farbe pastel rosa. Biothane ist ein wasserabweisendes und leicht zu reinigendes Material und ist somit ideal f\u00fcr Spazierg\u00e4nge im Regen oder Schnee, am See oder am Meer. Unsere Halsb\u00e4nder sind mehrfach verstellbar. Bitte messe hierzu den Halsumfang deines Hundes an der Stelle des Halses, an der das [&hellip;]<\/p>\n","protected":false},"featured_media":21357,"comment_status":"closed","ping_status":"closed","template":"","meta":[],"product_brand":[],"product_cat":[248],"product_tag":[],"class_list":{"0":"post-21356","1":"product","2":"type-product","3":"status-publish","4":"has-post-thumbnail","6":"product_cat-halsbaender","7":"tm-has-options","9":"first","10":"instock","11":"virtual","12":"taxable","13":"product-type-simple"},"supplier_id":null,"supplier_sku":"","barcode":null,"atum_controlled":true,"out_stock_date":null,"out_stock_threshold":null,"inheritable":false,"inbound_stock":0,"stock_on_hold":0,"sold_today":0,"sales_last_days":0,"reserved_stock":0,"customer_returns":0,"warehouse_damage":0,"lost_in_post":0,"other_logs":0,"out_stock_days":0,"lost_sales":0,"has_location":false,"update_date":"2024-11-12T16:20:08","atum_locations":[],"atum_stock_status":"instock","restock_status":false,"low_stock_amount":"","sales_update_date":"2024-09-26T14:49:11","calc_backorders":null,"jetpack_sharing_enabled":true,"_links":{"self":[{"href":"https:\/\/www.go4dogs.de\/index.php?rest_route=\/wp\/v2\/product\/21356","targetHints":{"allow":["GET"]}}],"collection":[{"href":"https:\/\/www.go4dogs.de\/index.php?rest_route=\/wp\/v2\/product"}],"about":[{"href":"https:\/\/www.go4dogs.de\/index.php?rest_route=\/wp\/v2\/types\/product"}],"replies":[{"embeddable":true,"href":"https:\/\/www.go4dogs.de\/index.php?rest_route=%2Fwp%2Fv2%2Fcomments&post=21356"}],"wp:featuredmedia":[{"embeddable":true,"href":"https:\/\/www.go4dogs.de\/index.php?rest_route=\/wp\/v2\/media\/21357"}],"wp:attachment":[{"href":"https:\/\/www.go4dogs.de\/index.php?rest_route=%2Fwp%2Fv2%2Fmedia&parent=21356"}],"wp:term":[{"taxonomy":"product_brand","embeddable":true,"href":"https:\/\/www.go4dogs.de\/index.php?rest_route=%2Fwp%2Fv2%2Fproduct_brand&post=21356"},{"taxonomy":"product_cat","embeddable":true,"href":"https:\/\/www.go4dogs.de\/index.php?rest_route=%2Fwp%2Fv2%2Fproduct_cat&post=21356"},{"taxonomy":"product_tag","embeddable":true,"href":"https:\/\/www.go4dogs.de\/index.php?rest_route=%2Fwp%2Fv2%2Fproduct_tag&post=21356"}],"curies":[{"name":"wp","href":"https:\/\/api.w.org\/{rel}","templated":true}]}}