{"id":21093,"date":"2023-01-14T20:18:47","date_gmt":"2023-01-14T18:18:47","guid":{"rendered":"https:\/\/www.go4dogs.de\/?post_type=product&#038;p=21093"},"modified":"2025-12-11T17:58:35","modified_gmt":"2025-12-11T15:58:35","slug":"schmuddelschnute-buukbuedel-schwarz","status":"publish","type":"product","link":"https:\/\/www.go4dogs.de\/?product=schmuddelschnute-buukbuedel-schwarz","title":{"rendered":"Schmuddelschnute Buukb\u00fcdel schwarz"},"content":{"rendered":"<p>Die &#8220;Buukb\u00fcdel&#8221; sind aus recycelten PET Flaschen, sehr robust und wasserabweisend. Der &#8220;Buukb\u00fcdel&#8221; hat vier gro\u00dfe F\u00e4cher f\u00fcr au\u00dfreichend Platz f\u00fcr alles was du und dein Hund unterwegs ben\u00f6tigt. Au\u00dferdem gibt es eine weitere Innentasche mit Rei\u00dfverschluss. Auf der R\u00fcckseite befindet sich noch ein extra Fach f\u00fcr die Kotbeutel. Durch den langen verstellbaren Gurt k\u00f6nnt ihr den B\u00fcdel flexibel tragen, ob ganz klassisch um den Bauch oder als cross bag \u00fcber die Schulter.<\/p>\n<p>&nbsp;<\/p>\n<p><span class=\"s1\"><strong>Features:<\/strong><\/span><\/p>\n<div class=\"gap-top-1 gap-bottom-1\">\n<ul class=\"paragraph ul-align-left\">\n<li><strong>Material recycelte PET Flaschen<\/strong><\/li>\n<li><strong>Wasserabweisend<\/strong><\/li>\n<li><strong>Trageriemen verstellbar bis 140 cm<\/strong><\/li>\n<li><strong>4x F\u00e4cher mit Reisverschluss\/1x Innentasche<\/strong><\/li>\n<li><strong>Silikonrei\u00dfverschluss mit Logo<\/strong><\/li>\n<li><strong>Kotbeutelfach<\/strong><\/li>\n<\/ul>\n<\/div>\n<p>&nbsp;<\/p>\n","protected":false},"excerpt":{"rendered":"<p>Die &#8220;Buukb\u00fcdel&#8221; sind aus recycelten PET Flaschen, sehr robust und wasserabweisend. Der &#8220;Buukb\u00fcdel&#8221; hat vier gro\u00dfe F\u00e4cher f\u00fcr au\u00dfreichend Platz f\u00fcr alles was du und dein Hund unterwegs ben\u00f6tigt. Au\u00dferdem gibt es eine weitere Innentasche mit Rei\u00dfverschluss. Auf der R\u00fcckseite befindet sich noch ein extra Fach f\u00fcr die Kotbeutel. Durch den langen verstellbaren Gurt k\u00f6nnt [&hellip;]<\/p>\n","protected":false},"featured_media":21092,"comment_status":"closed","ping_status":"closed","template":"","meta":[],"product_brand":[],"product_cat":[226,227,272],"product_tag":[],"class_list":{"0":"post-21093","1":"product","2":"type-product","3":"status-publish","4":"has-post-thumbnail","6":"product_cat-taschen","7":"product_cat-leckerliebeutel","8":"product_cat-schmuddelschnute","9":"tm-no-options","11":"first","12":"instock","13":"sale","14":"taxable","15":"shipping-taxable","16":"product-type-simple"},"supplier_id":null,"supplier_sku":"","barcode":null,"atum_controlled":true,"out_stock_date":null,"out_stock_threshold":null,"inheritable":false,"inbound_stock":0,"stock_on_hold":0,"sold_today":0,"sales_last_days":0,"reserved_stock":0,"customer_returns":0,"warehouse_damage":0,"lost_in_post":0,"other_logs":0,"out_stock_days":82,"lost_sales":385,"has_location":false,"update_date":"2025-12-11T15:58:35","atum_locations":[],"atum_stock_status":"instock","restock_status":false,"low_stock_amount":"","sales_update_date":"2023-12-02T13:55:42","calc_backorders":null,"jetpack_sharing_enabled":true,"_links":{"self":[{"href":"https:\/\/www.go4dogs.de\/index.php?rest_route=\/wp\/v2\/product\/21093","targetHints":{"allow":["GET"]}}],"collection":[{"href":"https:\/\/www.go4dogs.de\/index.php?rest_route=\/wp\/v2\/product"}],"about":[{"href":"https:\/\/www.go4dogs.de\/index.php?rest_route=\/wp\/v2\/types\/product"}],"replies":[{"embeddable":true,"href":"https:\/\/www.go4dogs.de\/index.php?rest_route=%2Fwp%2Fv2%2Fcomments&post=21093"}],"wp:featuredmedia":[{"embeddable":true,"href":"https:\/\/www.go4dogs.de\/index.php?rest_route=\/wp\/v2\/media\/21092"}],"wp:attachment":[{"href":"https:\/\/www.go4dogs.de\/index.php?rest_route=%2Fwp%2Fv2%2Fmedia&parent=21093"}],"wp:term":[{"taxonomy":"product_brand","embeddable":true,"href":"https:\/\/www.go4dogs.de\/index.php?rest_route=%2Fwp%2Fv2%2Fproduct_brand&post=21093"},{"taxonomy":"product_cat","embeddable":true,"href":"https:\/\/www.go4dogs.de\/index.php?rest_route=%2Fwp%2Fv2%2Fproduct_cat&post=21093"},{"taxonomy":"product_tag","embeddable":true,"href":"https:\/\/www.go4dogs.de\/index.php?rest_route=%2Fwp%2Fv2%2Fproduct_tag&post=21093"}],"curies":[{"name":"wp","href":"https:\/\/api.w.org\/{rel}","templated":true}]}}