{"id":2096,"date":"2017-02-19T12:09:18","date_gmt":"2017-02-19T10:09:18","guid":{"rendered":"https:\/\/www.go4dogs.de\/?post_type=product&#038;p=2096"},"modified":"2024-11-13T20:27:13","modified_gmt":"2024-11-13T18:27:13","slug":"west-paw-bumi","status":"publish","type":"product","link":"https:\/\/www.go4dogs.de\/?product=west-paw-bumi","title":{"rendered":"West Paw Bumi"},"content":{"rendered":"<p>West Paw Bumi:<\/p>\n<p><strong>Zieh es, bieg es, werfe es, lass es schwimmen &#8230;!<\/strong><\/p>\n<div>Sie k\u00f6nnen es werfen, schleudern oder \u00e4hnlich wie eine Friebee werfen und tolle Apportierspiele machen. Wenn Sie Zerrspiele mit Ihrem Hund machen, kann Bumi aufgrund seiner flexiblen Bauart seine L\u00e4nge verdoppeln und anschlie\u00dfend wieder in seine &#8220;S&#8221;-Form zur\u00fcckkehren.<\/div>\n<div>Da Bumi, wie die anderen West Paw Hundespielzeuge, aus dem extrem robusten und dennoch weichen Zogoflex ist frei von Giftstoffen und extrem bissfest und schwimmf\u00e4hig.<\/div>\n<div>Aufgrund der Vielseitigkeit k\u00f6nnen Sie nahe zu jedes Spiel mit Ihrem Hund machen.<\/div>\n<div>\n<p>Mit dem Bumi von West Paw ist absoluter Spa\u00df garantiert, egal ob zu Hause, auf dem Hundeplatz, beim Spaziergang oder am Wasser!Gr\u00f6\u00dfen:<\/p>\n<\/div>\n<ul>\n<li>S &#8211; ca. 18cm, 150g<\/li>\n<li>L &#8211; ca. 25cm, 275g<\/li>\n<\/ul>\n<p><strong>Erh\u00e4ltlich in den Farben:<\/strong><\/p>\n<ul>\n<li>aquablau<\/li>\n<li>limegr\u00fcn<\/li>\n<li>orange<\/li>\n<\/ul>\n<p>Da es sich bei Zogoflex um ein recycleltes Material handelt, kann es zu leichten Farbabweichungen kommen.<\/p>\n<p><strong>Hinweis:<\/strong><br \/>\nWie bei jedem anderen Produkt sollten Sie Ihr Tier bei der Besch\u00e4ftigung mit diesem Spielzeug beaufsichtigen. Bitte \u00fcberpr\u00fcfen Sie das Produkt regelm\u00e4\u00dfig auf Sch\u00e4den und ersetzen Sie das Spielzeug, wenn es defekt ist oder wenn Teile verloren gehen, da ansonsten eine Verletzung des Tieres nicht ausgeschlossen werden kann.<\/p>\n","protected":false},"excerpt":{"rendered":"<p>West Paw Bumi<\/p>\n","protected":false},"featured_media":2446,"comment_status":"closed","ping_status":"closed","template":"","meta":[],"product_brand":[],"product_cat":[218],"product_tag":[],"class_list":{"0":"post-2096","1":"product","2":"type-product","3":"status-publish","4":"has-post-thumbnail","6":"product_cat-zum-werfen-zerren-jagen","7":"tm-no-options","9":"first","10":"instock","11":"taxable","12":"shipping-taxable","13":"product-type-variable"},"supplier_id":null,"supplier_sku":"","barcode":null,"atum_controlled":true,"out_stock_date":null,"out_stock_threshold":null,"inheritable":false,"inbound_stock":0,"stock_on_hold":0,"sold_today":1,"sales_last_days":2,"reserved_stock":0,"customer_returns":0,"warehouse_damage":0,"lost_in_post":0,"other_logs":0,"out_stock_days":null,"lost_sales":0,"has_location":false,"update_date":"2024-11-28T10:23:59","atum_locations":[],"atum_stock_status":"instock","restock_status":false,"low_stock_amount":"","sales_update_date":"2024-05-21T09:12:21","calc_backorders":null,"jetpack_sharing_enabled":true,"_links":{"self":[{"href":"https:\/\/www.go4dogs.de\/index.php?rest_route=\/wp\/v2\/product\/2096","targetHints":{"allow":["GET"]}}],"collection":[{"href":"https:\/\/www.go4dogs.de\/index.php?rest_route=\/wp\/v2\/product"}],"about":[{"href":"https:\/\/www.go4dogs.de\/index.php?rest_route=\/wp\/v2\/types\/product"}],"replies":[{"embeddable":true,"href":"https:\/\/www.go4dogs.de\/index.php?rest_route=%2Fwp%2Fv2%2Fcomments&post=2096"}],"wp:featuredmedia":[{"embeddable":true,"href":"https:\/\/www.go4dogs.de\/index.php?rest_route=\/wp\/v2\/media\/2446"}],"wp:attachment":[{"href":"https:\/\/www.go4dogs.de\/index.php?rest_route=%2Fwp%2Fv2%2Fmedia&parent=2096"}],"wp:term":[{"taxonomy":"product_brand","embeddable":true,"href":"https:\/\/www.go4dogs.de\/index.php?rest_route=%2Fwp%2Fv2%2Fproduct_brand&post=2096"},{"taxonomy":"product_cat","embeddable":true,"href":"https:\/\/www.go4dogs.de\/index.php?rest_route=%2Fwp%2Fv2%2Fproduct_cat&post=2096"},{"taxonomy":"product_tag","embeddable":true,"href":"https:\/\/www.go4dogs.de\/index.php?rest_route=%2Fwp%2Fv2%2Fproduct_tag&post=2096"}],"curies":[{"name":"wp","href":"https:\/\/api.w.org\/{rel}","templated":true}]}}