{"id":20812,"date":"2022-09-28T16:38:09","date_gmt":"2022-09-28T14:38:09","guid":{"rendered":"https:\/\/www.go4dogs.de\/?post_type=product&#038;p=20812"},"modified":"2025-11-21T00:02:23","modified_gmt":"2025-11-20T22:02:23","slug":"cloud7-hundemantel-alaska-anthra-modell-2022","status":"publish","type":"product","link":"https:\/\/www.go4dogs.de\/?product=cloud7-hundemantel-alaska-anthra-modell-2022","title":{"rendered":"Cloud7 Hundemantel Alaska Anthra (Modell 2022)"},"content":{"rendered":"<p>Veganer Hundemantel aus 100% nachhaltigen Materialien. Die extra warme Winter Hundejacke in dezentem Grau ist anstelle von Daunen mit Eco Puffer aus recycelten PET-Flaschen gef\u00fcttert.<\/p>\n<ul class=\"description-checklist\">\n<li class=\"description-checklist-item\">extra warmer Wintermantel f\u00fcr Hunde<\/li>\n<li class=\"description-checklist-item\">nachhaltiger Hundemantel f\u00fcr den Winter<\/li>\n<li class=\"description-checklist-item\">Hundemantel f\u00fcr Geschirrtr\u00e4ger mit Bauchschutz und Brustw\u00e4rmer<\/li>\n<li class=\"description-checklist-item\">Sicherheit durch reflektierende Details<\/li>\n<li class=\"description-checklist-item\">Hundejacke f\u00fcr gro\u00dfe Hunde und kleine Hunde<\/li>\n<li class=\"description-checklist-item\">wasserabweisender Oberstoff<\/li>\n<li class=\"description-checklist-item\">einfaches Anziehen durch Klettverschl\u00fcsse<\/li>\n<li class=\"description-checklist-item\">minimalistisches Design<\/li>\n<\/ul>\n<p>Den beliebten Winter Hundemantel Alaska, gef\u00fcttert mit weichem Eco Puffer im Daunen-Look. Die extra warme Hundejacke ist ideal f\u00fcr Hunde mit wenig Unterfell, Hunde in der Stadt oder Hunde mit Gelenkproblemen wie Arthrose und Rheuma. Die bequeme Passform bietet maximale Bewegungsfreiheit w\u00e4hrend auch beim Rennen und Schnuppern dank Gummizug nichts verrutscht. Der Rei\u00dfverschluss am R\u00fccken sorgt schlie\u00dflich daf\u00fcr, dass Geschirr und Halsband unter dem Hundemantel einfach zu erreichen sind. Es ist ein Wintermantel f\u00fcr Dackel, Windhunde oder franz\u00f6sische Bulldoggen gew\u00fcnscht? Den Hunde Wintermantel Alaska gibt es auch in speziellen Schnitten f\u00fcr Hunderassen mit besonderer K\u00f6rperform.<\/p>\n<div class=\"second-description-title\">Materialien:<\/div>\n<div class=\"second-description-cat\"><span class=\"second-description-cat-title\">Au\u00dfenmaterial:<\/span>100% recyceltes\u00a0Polyester<\/div>\n<div class=\"second-description-cat\"><span class=\"second-description-cat-title\">Wattierung:<\/span>100% recyceltes\u00a0Polyester<\/div>\n<div class=\"second-description-cat\"><span class=\"second-description-cat-title\">Innenfutter:<\/span>100% recyceltes\u00a0Polyester<\/div>\n<div class=\"second-description-title\">Pflege:<\/div>\n<p><strong>Waschen:\u00a0<\/strong>Vor dem Waschen Rei\u00df- und Klettverschl\u00fcsse verschlie\u00dfen \/ Waschmaschine nur locker bef\u00fcllen \/ Tennisb\u00e4lle mit in die Maschine geben, um Verklumpen der Wattierung zu vermeiden \/ Daunen- oder Feinwaschmittel verwenden, Fein- oder Wollwaschgang mit max. 30 Grad \/ Keinen Weichsp\u00fcler verwenden! \/ Mit max. 600 Touren schleudern<\/p>\n<p><strong>Trocknen:\u00a0<\/strong>Den Mantel im Liegen trocknen \/ Mehrmals kr\u00e4ftig sch\u00fctteln, damit die Wattierung nicht verklumpt \/ Nachtr\u00e4gliches Impr\u00e4gnieren ist m\u00f6glich<\/p>\n","protected":false},"excerpt":{"rendered":"<p>Veganer Hundemantel aus 100% nachhaltigen Materialien. Die extra warme Winter Hundejacke in dezentem Grau ist anstelle von Daunen mit Eco Puffer aus recycelten PET-Flaschen gef\u00fcttert. extra warmer Wintermantel f\u00fcr Hunde nachhaltiger Hundemantel f\u00fcr den Winter Hundemantel f\u00fcr Geschirrtr\u00e4ger mit Bauchschutz und Brustw\u00e4rmer Sicherheit durch reflektierende Details Hundejacke f\u00fcr gro\u00dfe Hunde und kleine Hunde wasserabweisender Oberstoff [&hellip;]<\/p>\n","protected":false},"featured_media":20821,"comment_status":"closed","ping_status":"closed","template":"","meta":[],"product_brand":[],"product_cat":[230,270,334],"product_tag":[],"class_list":{"0":"post-20812","1":"product","2":"type-product","3":"status-publish","4":"has-post-thumbnail","6":"product_cat-maentel-bademaentel-pullover","7":"product_cat-cloud7","8":"product_cat-cloud7-maentel","9":"tm-no-options","11":"first","12":"outofstock","13":"taxable","14":"shipping-taxable","15":"product-type-variable"},"supplier_id":null,"supplier_sku":"","barcode":null,"atum_controlled":true,"out_stock_date":null,"out_stock_threshold":null,"inheritable":false,"inbound_stock":0,"stock_on_hold":0,"sold_today":1,"sales_last_days":1,"reserved_stock":0,"customer_returns":0,"warehouse_damage":0,"lost_in_post":0,"other_logs":0,"out_stock_days":null,"lost_sales":0,"has_location":false,"update_date":"2025-11-21T10:33:10","atum_locations":[],"atum_stock_status":"instock","restock_status":false,"low_stock_amount":"","sales_update_date":"2024-10-04T12:43:15","calc_backorders":null,"jetpack_sharing_enabled":true,"_links":{"self":[{"href":"https:\/\/www.go4dogs.de\/index.php?rest_route=\/wp\/v2\/product\/20812","targetHints":{"allow":["GET"]}}],"collection":[{"href":"https:\/\/www.go4dogs.de\/index.php?rest_route=\/wp\/v2\/product"}],"about":[{"href":"https:\/\/www.go4dogs.de\/index.php?rest_route=\/wp\/v2\/types\/product"}],"replies":[{"embeddable":true,"href":"https:\/\/www.go4dogs.de\/index.php?rest_route=%2Fwp%2Fv2%2Fcomments&post=20812"}],"wp:featuredmedia":[{"embeddable":true,"href":"https:\/\/www.go4dogs.de\/index.php?rest_route=\/wp\/v2\/media\/20821"}],"wp:attachment":[{"href":"https:\/\/www.go4dogs.de\/index.php?rest_route=%2Fwp%2Fv2%2Fmedia&parent=20812"}],"wp:term":[{"taxonomy":"product_brand","embeddable":true,"href":"https:\/\/www.go4dogs.de\/index.php?rest_route=%2Fwp%2Fv2%2Fproduct_brand&post=20812"},{"taxonomy":"product_cat","embeddable":true,"href":"https:\/\/www.go4dogs.de\/index.php?rest_route=%2Fwp%2Fv2%2Fproduct_cat&post=20812"},{"taxonomy":"product_tag","embeddable":true,"href":"https:\/\/www.go4dogs.de\/index.php?rest_route=%2Fwp%2Fv2%2Fproduct_tag&post=20812"}],"curies":[{"name":"wp","href":"https:\/\/api.w.org\/{rel}","templated":true}]}}