{"id":2080,"date":"2017-02-19T12:04:28","date_gmt":"2017-02-19T10:04:28","guid":{"rendered":"https:\/\/www.go4dogs.de\/?post_type=product&#038;p=2080"},"modified":"2025-04-04T12:59:06","modified_gmt":"2025-04-04T10:59:06","slug":"west-paw-jive","status":"publish","type":"product","link":"https:\/\/www.go4dogs.de\/?product=west-paw-jive","title":{"rendered":"West Paw Jive"},"content":{"rendered":"<p>West Paw Jive:<\/p>\n<p><strong>Der etaws andere Hundeball!<\/strong><\/p>\n<p>Der West Paw Jive ist der Nachfolger des sehr bew\u00e4hrten und beliebten Huck. Durch die Einbuchtungen auf der Oberseite springt er wie ein Flummi in alle Richtungen und eignet sich hervorragend zum Werfen und apportieren. Wegen seiner Schwimmf\u00e4higkeit ist er auch ein tolles Hundespielzeug f\u00fcr den Strand.<\/p>\n<p>Aufgrund der neuen Mini-Gr\u00f6\u00dfe haben jetzt auch endlich kleine Hunde ihren Spa\u00df!<\/p>\n<p>Er ist aus dem extrem robustem Zogoflex hergestellt und daher nat\u00fcrlich schwimmf\u00e4hig und eignet sich hervorragend als Kauspielzeug. In der Gr\u00f6\u00dfe Small passt Jive aufgrund seiner Tennisball-Gr\u00f6\u00dfe in alle Standard-Ballschleudern.<\/p>\n<p><strong>Farben:<\/strong><\/p>\n<ul>\n<li>aquablau<\/li>\n<li>limegr\u00fcn<\/li>\n<li>orange<\/li>\n<\/ul>\n<p><strong>Gr\u00f6\u00dfen:<\/strong><\/p>\n<ul>\n<li>Mini &#8211; \u00d8 ca. 5,0cm (Golfball)<\/li>\n<li>Small &#8211; \u00d8 ca. 6,5cm (Tennisball)<\/li>\n<li>Large &#8211; \u00d8 ca. 8,5cm<\/li>\n<\/ul>\n<p><strong>Hinweis:<\/strong> Wie bei jedem anderen Produkt sollten Sie Ihr Tier bei der Besch\u00e4ftigung mit diesem Spielzeug beaufsichtigen. Bitte \u00fcberpr\u00fcfen Sie das Produkt regelm\u00e4\u00dfig auf Sch\u00e4den und ersetzen Sie das Spielzeug, wenn es defekt ist oder wenn Teile verloren gehen, da ansonsten eine Verletzung des Tieres nicht ausgeschlossen werden kann.<\/p>\n","protected":false},"excerpt":{"rendered":"<p>West Paw Jive<\/p>\n","protected":false},"featured_media":2448,"comment_status":"closed","ping_status":"closed","template":"","meta":[],"product_brand":[],"product_cat":[218],"product_tag":[],"class_list":{"0":"post-2080","1":"product","2":"type-product","3":"status-publish","4":"has-post-thumbnail","6":"product_cat-zum-werfen-zerren-jagen","7":"tm-no-options","9":"first","10":"instock","11":"taxable","12":"shipping-taxable","13":"product-type-variable"},"supplier_id":null,"supplier_sku":"","barcode":null,"atum_controlled":true,"out_stock_date":null,"out_stock_threshold":null,"inheritable":true,"inbound_stock":0,"stock_on_hold":0,"sold_today":0,"sales_last_days":1,"reserved_stock":0,"customer_returns":0,"warehouse_damage":0,"lost_in_post":0,"other_logs":0,"out_stock_days":null,"lost_sales":0,"has_location":false,"update_date":"2025-08-13T09:56:19","atum_locations":[],"atum_stock_status":"instock","restock_status":false,"low_stock_amount":"","sales_update_date":"2024-05-21T09:12:22","calc_backorders":null,"jetpack_sharing_enabled":true,"_links":{"self":[{"href":"https:\/\/www.go4dogs.de\/index.php?rest_route=\/wp\/v2\/product\/2080","targetHints":{"allow":["GET"]}}],"collection":[{"href":"https:\/\/www.go4dogs.de\/index.php?rest_route=\/wp\/v2\/product"}],"about":[{"href":"https:\/\/www.go4dogs.de\/index.php?rest_route=\/wp\/v2\/types\/product"}],"replies":[{"embeddable":true,"href":"https:\/\/www.go4dogs.de\/index.php?rest_route=%2Fwp%2Fv2%2Fcomments&post=2080"}],"wp:featuredmedia":[{"embeddable":true,"href":"https:\/\/www.go4dogs.de\/index.php?rest_route=\/wp\/v2\/media\/2448"}],"wp:attachment":[{"href":"https:\/\/www.go4dogs.de\/index.php?rest_route=%2Fwp%2Fv2%2Fmedia&parent=2080"}],"wp:term":[{"taxonomy":"product_brand","embeddable":true,"href":"https:\/\/www.go4dogs.de\/index.php?rest_route=%2Fwp%2Fv2%2Fproduct_brand&post=2080"},{"taxonomy":"product_cat","embeddable":true,"href":"https:\/\/www.go4dogs.de\/index.php?rest_route=%2Fwp%2Fv2%2Fproduct_cat&post=2080"},{"taxonomy":"product_tag","embeddable":true,"href":"https:\/\/www.go4dogs.de\/index.php?rest_route=%2Fwp%2Fv2%2Fproduct_tag&post=2080"}],"curies":[{"name":"wp","href":"https:\/\/api.w.org\/{rel}","templated":true}]}}