{"id":20798,"date":"2022-09-22T19:35:30","date_gmt":"2022-09-22T17:35:30","guid":{"rendered":"https:\/\/www.go4dogs.de\/?post_type=product&#038;p=20798"},"modified":"2024-11-13T20:28:54","modified_gmt":"2024-11-13T18:28:54","slug":"ruffwear-gourdo","status":"publish","type":"product","link":"https:\/\/www.go4dogs.de\/?product=ruffwear-gourdo","title":{"rendered":"Ruffwear Gourdo"},"content":{"rendered":"<div class=\"row\">\n<div class=\"col-md-12 col-sm-12 col-xs-12 column\">\n<div class=\"ge-content ge-content-type-tinymce\" data-ge-content-type=\"tinymce\">\n<p>Das Gourdo Hundespielzeug aus Kautschuk von Ruffwear wurde f\u00fcr interaktives Spielen entwickelt.<\/p>\n<p>Ob Tauziehen oder Werfen \u2013 dieses robuste Hundespielzeug macht alles mit.<\/p>\n<p>Das Gourdo Hundespielzeug l\u00e4sst sich leicht mit der Kernmantelschnur werfen und aufheben und du kannst das schmierige Gummiende vermeiden.<\/p>\n<p>&nbsp;<\/p>\n<ul>\n<li>Schnur erleichtert lange W\u00fcrfe zum Apportieren<\/li>\n<li>Design massiert Zahnfleisch<\/li>\n<li>Hergestellt aus Naturkautschuk, einem nachwachsenden Rohstoff<\/li>\n<\/ul>\n<\/div>\n<\/div>\n<\/div>\n<p><i>Hinweis<\/i>:<br \/>\nBitte Hundespielzeug dem Hund nur unter Aufsicht zur Verf\u00fcgung stellen. Auch bei h\u00f6chst widerstandsf\u00e4higen Spielzeugen k\u00f6nnten Kleinteile des Produktes abgetrennt und verschluckt werden. Bitte das Produkt regelm\u00e4\u00dfig auf Sch\u00e4den \u00fcberpr\u00fcfen.<\/p>\n<h2>Material und Eigenschaften<\/h2>\n<table class=\"techdata\" border=\"0\" cellspacing=\"0\" cellpadding=\"0\">\n<tbody>\n<tr>\n<td class=\"spec\">Farbe<\/td>\n<td class=\"val\">dandelion yellow, metolius blue oder sockeye red<\/td>\n<\/tr>\n<tr>\n<td class=\"spec\">Material<\/td>\n<td class=\"val\">Naturkautschuk<\/td>\n<\/tr>\n<tr>\n<td class=\"spec\">Gr\u00f6ssen<\/td>\n<td class=\"val\">ca. 20 x 6 cm<\/td>\n<\/tr>\n<tr>\n<td class=\"spec\"><\/td>\n<td class=\"val\"><\/td>\n<\/tr>\n<\/tbody>\n<\/table>\n<p>&nbsp;<\/p>\n","protected":false},"excerpt":{"rendered":"<p>Das Gourdo Hundespielzeug aus Kautschuk von Ruffwear wurde f\u00fcr interaktives Spielen entwickelt. Ob Tauziehen oder Werfen \u2013 dieses robuste Hundespielzeug macht alles mit. Das Gourdo Hundespielzeug l\u00e4sst sich leicht mit der Kernmantelschnur werfen und aufheben und du kannst das schmierige Gummiende vermeiden. &nbsp; Schnur erleichtert lange W\u00fcrfe zum Apportieren Design massiert Zahnfleisch Hergestellt aus Naturkautschuk, [&hellip;]<\/p>\n","protected":false},"featured_media":20802,"comment_status":"closed","ping_status":"closed","template":"","meta":[],"product_brand":[],"product_cat":[218],"product_tag":[],"class_list":{"0":"post-20798","1":"product","2":"type-product","3":"status-publish","4":"has-post-thumbnail","6":"product_cat-zum-werfen-zerren-jagen","7":"tm-no-options","9":"first","10":"outofstock","11":"taxable","12":"shipping-taxable","13":"product-type-variable"},"supplier_id":null,"supplier_sku":"","barcode":null,"atum_controlled":true,"out_stock_date":null,"out_stock_threshold":null,"inheritable":true,"inbound_stock":0,"stock_on_hold":0,"sold_today":null,"sales_last_days":null,"reserved_stock":0,"customer_returns":0,"warehouse_damage":0,"lost_in_post":0,"other_logs":0,"out_stock_days":null,"lost_sales":null,"has_location":false,"update_date":"2024-11-13T18:28:56","atum_locations":[],"atum_stock_status":"outofstock","restock_status":false,"low_stock_amount":"","sales_update_date":"2024-05-21T09:00:29","calc_backorders":null,"jetpack_sharing_enabled":true,"_links":{"self":[{"href":"https:\/\/www.go4dogs.de\/index.php?rest_route=\/wp\/v2\/product\/20798","targetHints":{"allow":["GET"]}}],"collection":[{"href":"https:\/\/www.go4dogs.de\/index.php?rest_route=\/wp\/v2\/product"}],"about":[{"href":"https:\/\/www.go4dogs.de\/index.php?rest_route=\/wp\/v2\/types\/product"}],"replies":[{"embeddable":true,"href":"https:\/\/www.go4dogs.de\/index.php?rest_route=%2Fwp%2Fv2%2Fcomments&post=20798"}],"wp:featuredmedia":[{"embeddable":true,"href":"https:\/\/www.go4dogs.de\/index.php?rest_route=\/wp\/v2\/media\/20802"}],"wp:attachment":[{"href":"https:\/\/www.go4dogs.de\/index.php?rest_route=%2Fwp%2Fv2%2Fmedia&parent=20798"}],"wp:term":[{"taxonomy":"product_brand","embeddable":true,"href":"https:\/\/www.go4dogs.de\/index.php?rest_route=%2Fwp%2Fv2%2Fproduct_brand&post=20798"},{"taxonomy":"product_cat","embeddable":true,"href":"https:\/\/www.go4dogs.de\/index.php?rest_route=%2Fwp%2Fv2%2Fproduct_cat&post=20798"},{"taxonomy":"product_tag","embeddable":true,"href":"https:\/\/www.go4dogs.de\/index.php?rest_route=%2Fwp%2Fv2%2Fproduct_tag&post=20798"}],"curies":[{"name":"wp","href":"https:\/\/api.w.org\/{rel}","templated":true}]}}