{"id":20602,"date":"2022-06-09T15:10:06","date_gmt":"2022-06-09T13:10:06","guid":{"rendered":"https:\/\/www.go4dogs.de\/?post_type=product&#038;p=20602"},"modified":"2024-11-12T09:49:43","modified_gmt":"2024-11-12T07:49:43","slug":"mjamjam-blanchiertes-huehnchen-mit-leckeren-moehrchen-an-sosse","status":"publish","type":"product","link":"https:\/\/www.go4dogs.de\/?product=mjamjam-blanchiertes-huehnchen-mit-leckeren-moehrchen-an-sosse","title":{"rendered":"MjAMjAM &#8211; blanchiertes H\u00fchnchen mit leckeren M\u00f6hrchen an So\u00dfe"},"content":{"rendered":"<h3>MjAMjAM \u2013 Blanchiertes H\u00fchnchen mit leckeren\u00a0<span class=\"modal_lexicon\">M\u00f6hrchen<\/span>\u00a0an So\u00dfe<\/h3>\n<p>Da wird ja das\u00a0<span class=\"modal_lexicon\">Huhn<\/span>\u00a0in der So\u00dfe verr\u00fcckt! Mit unseren neuen Sorten schlabbert sich auch Dein Liebling in den siebten Himmel. Das blanchierte H\u00fchnchen mit leckeren\u00a0<span class=\"modal_lexicon\">M\u00f6hrchen<\/span>\u00a0an So\u00dfe bringt nicht nur Abwechslung in den Napf Deiner Fellnase, sondern \u00fcberzeugt mit gesunden Zutaten und leckerstem Fleischgenuss. Gutes im Napf und Freude im B\u00e4uchlein. So schmeckt MjAMjAM\u2019s So\u00dfentraum.<\/p>\n<p>&nbsp;<\/p>\n<p><a href=\"https:\/\/www.go4dogs.de\/wp-content\/uploads\/2022\/06\/huehnchen-mit-sosse.jpg\"><img fetchpriority=\"high\" decoding=\"async\" class=\"alignnone  wp-image-20605\" src=\"https:\/\/www.go4dogs.de\/wp-content\/uploads\/2022\/06\/huehnchen-mit-sosse-300x98.jpg\" alt=\"\" width=\"934\" height=\"305\" srcset=\"https:\/\/www.go4dogs.de\/wp-content\/uploads\/2022\/06\/huehnchen-mit-sosse-300x98.jpg 300w, https:\/\/www.go4dogs.de\/wp-content\/uploads\/2022\/06\/huehnchen-mit-sosse-1024x335.jpg 1024w, https:\/\/www.go4dogs.de\/wp-content\/uploads\/2022\/06\/huehnchen-mit-sosse-768x251.jpg 768w, https:\/\/www.go4dogs.de\/wp-content\/uploads\/2022\/06\/huehnchen-mit-sosse-555x181.jpg 555w, https:\/\/www.go4dogs.de\/wp-content\/uploads\/2022\/06\/huehnchen-mit-sosse.jpg 1043w\" sizes=\"(max-width: 934px) 100vw, 934px\" \/><\/a><\/p>\n<p>&nbsp;<\/p>\n<h3>Zusammensetzung<\/h3>\n<ul class=\"einzeiler-wrapper\">\n<li class=\"fleisch-innereien\"><span class=\"modal_lexicon\">Huhn<\/span>\u00a0(aus\u00a0<span class=\"modal_lexicon\">Muskelfleisch<\/span>,\u00a0<span class=\"modal_lexicon\">Herzen<\/span>, Lebern, fleischigen H\u00e4lsen, M\u00e4gen) 67%, H\u00fchnerbr\u00fche 27%,<\/li>\n<li class=\"moehrchen\">Julienne Karotten 5%,<\/li>\n<li class=\"mineralstoffe\">Mineralstoffe,<\/li>\n<li class=\"oel\">Lein\u00f6l 0,2%.<\/li>\n<\/ul>\n<h3>Analytische Bestandteile<\/h3>\n<ul>\n<li class=\"feuchtigkeit\">Feuchtigkeit 79%<\/li>\n<li class=\"rohprotein\"><span class=\"modal_lexicon\">Rohprotein<\/span>\u00a09,5%<\/li>\n<li class=\"fettgehalt\"><span class=\"modal_lexicon\">Fettgehalt<\/span>\u00a04%<\/li>\n<li class=\"rohasche\"><span class=\"modal_lexicon\">Rohasche<\/span>\u00a01,8%<\/li>\n<li class=\"rohfaser\"><span class=\"modal_lexicon\">Rohfaser<\/span>\u00a00,3%<\/li>\n<\/ul>\n<h3>Zusatzstoffe je kg: Ern\u00e4hrungsphysiologische Zusatzstoffe:<\/h3>\n<p>Vitamin A: 2000 IE, Vitamin D3: 200 IE, Vitamin E: 25 mg, Biotin: 25 ug, Zink als Zinkoxid: 20 mg, Jod als Calciumjodat, wasserfrei: 0,75 mg, Kupfer als Kupfer(II)-sulfat-Pentahydrat: 1,5 mg.<\/p>\n<h3>F\u00fctterungsempfehlung<\/h3>\n<p>170 &#8211; 200 g t\u00e4glich f\u00fcr einen ausgewachsenen Hund mit 2 kg Gewicht.<\/p>\n<p>340 &#8211; 400 g t\u00e4glich f\u00fcr einen ausgewachsenen Hund mit 5 kg Gewicht.<\/p>\n<p>440 &#8211; 510 g t\u00e4glich f\u00fcr einen ausgewachsenen Hund mit 7 kg Gewicht.<\/p>\n<p>575 &#8211; 665 g t\u00e4glich f\u00fcr einen ausgewachsenen Hund mit 10 kg Gewicht.<\/p>\n<p>780 &#8211; 905 g t\u00e4glich f\u00fcr einen ausgewachsenen Hund mit 15 kg Gewicht.<\/p>\n<p>970 &#8211; 1.120 g t\u00e4glich f\u00fcr einen ausgewachsenen Hund mit 20 kg Gewicht.<\/p>\n<p>Diese Angaben sind Richtwerte. Der individuelle, t\u00e4gliche Bedarf Ihres Hundes h\u00e4ngt von weiteren Faktoren wie Rasse, Alter, Aktivit\u00e4t und Haltung ab. Das zus\u00e4tzliche F\u00fcttern von Snacks sollte bei der Tagesration ber\u00fccksichtigt werden. Bitte zimmerwarm f\u00fcttern. Nach dem \u00d6ffnen im K\u00fchlschrank aufbewahren und innerhalb von 2 Tagen verbrauchen. Stellen Sie stets ausreichend frisches Trinkwasser zur Verf\u00fcgung.<\/p>\n","protected":false},"excerpt":{"rendered":"<p>MjAMjAM \u2013 Blanchiertes H\u00fchnchen mit leckeren\u00a0M\u00f6hrchen\u00a0an So\u00dfe Da wird ja das\u00a0Huhn\u00a0in der So\u00dfe verr\u00fcckt! Mit unseren neuen Sorten schlabbert sich auch Dein Liebling in den siebten Himmel. Das blanchierte H\u00fchnchen mit leckeren\u00a0M\u00f6hrchen\u00a0an So\u00dfe bringt nicht nur Abwechslung in den Napf Deiner Fellnase, sondern \u00fcberzeugt mit gesunden Zutaten und leckerstem Fleischgenuss. Gutes im Napf und Freude [&hellip;]<\/p>\n","protected":false},"featured_media":20606,"comment_status":"closed","ping_status":"closed","template":"","meta":[],"product_brand":[],"product_cat":[202],"product_tag":[],"class_list":{"0":"post-20602","1":"product","2":"type-product","3":"status-publish","4":"has-post-thumbnail","6":"product_cat-nassfutter-von-mjamjam","7":"tm-no-options","9":"first","10":"instock","11":"taxable","12":"shipping-taxable","13":"product-type-variable"},"supplier_id":null,"supplier_sku":"","barcode":null,"atum_controlled":true,"out_stock_date":null,"out_stock_threshold":null,"inheritable":false,"inbound_stock":0,"stock_on_hold":0,"sold_today":null,"sales_last_days":null,"reserved_stock":0,"customer_returns":0,"warehouse_damage":0,"lost_in_post":0,"other_logs":0,"out_stock_days":null,"lost_sales":null,"has_location":false,"update_date":"2024-11-12T07:49:46","atum_locations":[],"atum_stock_status":"instock","restock_status":false,"low_stock_amount":"","sales_update_date":"2023-01-14T16:32:21","calc_backorders":null,"jetpack_sharing_enabled":true,"_links":{"self":[{"href":"https:\/\/www.go4dogs.de\/index.php?rest_route=\/wp\/v2\/product\/20602","targetHints":{"allow":["GET"]}}],"collection":[{"href":"https:\/\/www.go4dogs.de\/index.php?rest_route=\/wp\/v2\/product"}],"about":[{"href":"https:\/\/www.go4dogs.de\/index.php?rest_route=\/wp\/v2\/types\/product"}],"replies":[{"embeddable":true,"href":"https:\/\/www.go4dogs.de\/index.php?rest_route=%2Fwp%2Fv2%2Fcomments&post=20602"}],"wp:featuredmedia":[{"embeddable":true,"href":"https:\/\/www.go4dogs.de\/index.php?rest_route=\/wp\/v2\/media\/20606"}],"wp:attachment":[{"href":"https:\/\/www.go4dogs.de\/index.php?rest_route=%2Fwp%2Fv2%2Fmedia&parent=20602"}],"wp:term":[{"taxonomy":"product_brand","embeddable":true,"href":"https:\/\/www.go4dogs.de\/index.php?rest_route=%2Fwp%2Fv2%2Fproduct_brand&post=20602"},{"taxonomy":"product_cat","embeddable":true,"href":"https:\/\/www.go4dogs.de\/index.php?rest_route=%2Fwp%2Fv2%2Fproduct_cat&post=20602"},{"taxonomy":"product_tag","embeddable":true,"href":"https:\/\/www.go4dogs.de\/index.php?rest_route=%2Fwp%2Fv2%2Fproduct_tag&post=20602"}],"curies":[{"name":"wp","href":"https:\/\/api.w.org\/{rel}","templated":true}]}}