{"id":20246,"date":"2022-05-11T17:33:23","date_gmt":"2022-05-11T15:33:23","guid":{"rendered":"https:\/\/www.go4dogs.de\/?post_type=product&#038;p=20246"},"modified":"2025-06-30T17:24:19","modified_gmt":"2025-06-30T15:24:19","slug":"fresk-kuehlkissen","status":"publish","type":"product","link":"https:\/\/www.go4dogs.de\/?product=fresk-kuehlkissen","title":{"rendered":"Fresk K\u00fchlkissen"},"content":{"rendered":"<p>Das K\u00fchlkissen Fresk bietet Haustieren einen k\u00fchlen, angenehmen Sommer!<\/p>\n<p>Der K\u00fchleffekt wird ganz ohne vorherige K\u00fchlung erreicht, da die Wirkung des Gelkerns durch K\u00f6rperkontakt aktiviert wird.<\/p>\n<p>Das innen liegende Gel entzieht dem K\u00f6rper schonend und wirksam \u00fcbersch\u00fcssige W\u00e4rme und h\u00e4lt ihn so in einem sicheren Temperaturbereich. Das ist nicht nur angenehm f\u00fcr den Vierbeiner, sondern sch\u00fctzt auch vor einer gef\u00e4hrlichen \u00dcberhitzung. Und das \u00fcber Stunden.<\/p>\n<p>L\u00e4sst der Effekt nach, ist das Kissen nach kurzer Nutzungsunterbrechung zudem sofort wieder einsatzbereit. Um den K\u00fchleffekt zu erh\u00f6hen, kann das Kissen f\u00fcr einige Minuten in den K\u00fchlschrank gelegt werden. Dies ist aber optional.<\/p>\n<p>Der Kern des Kissens bleibt w\u00e4hrend der Nutzung geschmeidig, so dass auch der Liegekomfort nicht zu kurz kommt. Das Kissen kann vielseitig eingesetzt werden, ob im Haus, Garten oder im Auto.<\/p>\n<p>Das Kissen ist in drei Gr\u00f6\u00dfen verf\u00fcgbar:<\/p>\n<p>Gr\u00f6\u00dfe S: L\u00e4nge: 50cm Breite: 40 cm<br \/>\nGr\u00f6\u00dfe L: L\u00e4nge: 90cm Breite: 50 cm<br \/>\nGr\u00f6\u00dfe XL: L\u00e4nge: 100cm Breite: 60 cm<\/p>\n<p>&nbsp;<\/p>\n<p>&nbsp;<\/p>\n","protected":false},"excerpt":{"rendered":"<p>Das K\u00fchlkissen Fresk bietet Haustieren einen k\u00fchlen, angenehmen Sommer! Der K\u00fchleffekt wird ganz ohne vorherige K\u00fchlung erreicht, da die Wirkung des Gelkerns durch K\u00f6rperkontakt aktiviert wird. Das innen liegende Gel entzieht dem K\u00f6rper schonend und wirksam \u00fcbersch\u00fcssige W\u00e4rme und h\u00e4lt ihn so in einem sicheren Temperaturbereich. Das ist nicht nur angenehm f\u00fcr den Vierbeiner, sondern [&hellip;]<\/p>\n","protected":false},"featured_media":20250,"comment_status":"closed","ping_status":"closed","template":"","meta":[],"product_brand":[],"product_cat":[266],"product_tag":[],"class_list":{"0":"post-20246","1":"product","2":"type-product","3":"status-publish","4":"has-post-thumbnail","6":"product_cat-alles-fuer-den-sommer-und-die-warmen-tage","7":"tm-no-options","9":"first","10":"instock","11":"taxable","12":"shipping-taxable","13":"product-type-variable"},"supplier_id":null,"supplier_sku":"","barcode":null,"atum_controlled":true,"out_stock_date":null,"out_stock_threshold":null,"inheritable":true,"inbound_stock":0,"stock_on_hold":0,"sold_today":0,"sales_last_days":3,"reserved_stock":0,"customer_returns":0,"warehouse_damage":0,"lost_in_post":0,"other_logs":0,"out_stock_days":null,"lost_sales":0,"has_location":false,"update_date":"2025-07-02T09:00:49","atum_locations":[],"atum_stock_status":"instock","restock_status":false,"low_stock_amount":"","sales_update_date":"2023-05-23T10:08:22","calc_backorders":null,"jetpack_sharing_enabled":true,"_links":{"self":[{"href":"https:\/\/www.go4dogs.de\/index.php?rest_route=\/wp\/v2\/product\/20246","targetHints":{"allow":["GET"]}}],"collection":[{"href":"https:\/\/www.go4dogs.de\/index.php?rest_route=\/wp\/v2\/product"}],"about":[{"href":"https:\/\/www.go4dogs.de\/index.php?rest_route=\/wp\/v2\/types\/product"}],"replies":[{"embeddable":true,"href":"https:\/\/www.go4dogs.de\/index.php?rest_route=%2Fwp%2Fv2%2Fcomments&post=20246"}],"wp:featuredmedia":[{"embeddable":true,"href":"https:\/\/www.go4dogs.de\/index.php?rest_route=\/wp\/v2\/media\/20250"}],"wp:attachment":[{"href":"https:\/\/www.go4dogs.de\/index.php?rest_route=%2Fwp%2Fv2%2Fmedia&parent=20246"}],"wp:term":[{"taxonomy":"product_brand","embeddable":true,"href":"https:\/\/www.go4dogs.de\/index.php?rest_route=%2Fwp%2Fv2%2Fproduct_brand&post=20246"},{"taxonomy":"product_cat","embeddable":true,"href":"https:\/\/www.go4dogs.de\/index.php?rest_route=%2Fwp%2Fv2%2Fproduct_cat&post=20246"},{"taxonomy":"product_tag","embeddable":true,"href":"https:\/\/www.go4dogs.de\/index.php?rest_route=%2Fwp%2Fv2%2Fproduct_tag&post=20246"}],"curies":[{"name":"wp","href":"https:\/\/api.w.org\/{rel}","templated":true}]}}