{"id":20155,"date":"2022-03-12T14:11:04","date_gmt":"2022-03-12T12:11:04","guid":{"rendered":"https:\/\/www.go4dogs.de\/?post_type=product&#038;p=20155"},"modified":"2024-11-12T18:21:14","modified_gmt":"2024-11-12T16:21:14","slug":"zauberleine-zum-annyx-geschirr-protect-orange","status":"publish","type":"product","link":"https:\/\/www.go4dogs.de\/?product=zauberleine-zum-annyx-geschirr-protect-orange","title":{"rendered":"Zauberleine zum annyX-Geschirr protect orange"},"content":{"rendered":"<p>Hier findet ihr unsere Zauberleine zum annyX-Geschirr in braun\/orange<\/p>\n<p>Zauberleine?? ja&#8230; EINE Leine f\u00fcr alles, sei es Handgriff am Geschirr, 5m Leine mit und ohne Handschlaufe oder 2m-F\u00fchrleine. Lass dich \u00fcberzeugen wie praktisch und toll diese Leine ist.<br \/>\n<a href=\"https:\/\/www.go4dogs.de\/?attachment_id=20134\" rel=\"attachment wp-att-20134\"><img fetchpriority=\"high\" decoding=\"async\" class=\"alignnone  wp-image-20134\" src=\"https:\/\/www.go4dogs.de\/wp-content\/uploads\/2022\/03\/FC5284AE-CB7E-41EA-AD71-0B978A647CED-scaled.jpeg\" alt=\"\" width=\"606\" height=\"808\" srcset=\"https:\/\/www.go4dogs.de\/wp-content\/uploads\/2022\/03\/FC5284AE-CB7E-41EA-AD71-0B978A647CED-scaled.jpeg 1920w, https:\/\/www.go4dogs.de\/wp-content\/uploads\/2022\/03\/FC5284AE-CB7E-41EA-AD71-0B978A647CED-225x300.jpeg 225w, https:\/\/www.go4dogs.de\/wp-content\/uploads\/2022\/03\/FC5284AE-CB7E-41EA-AD71-0B978A647CED-768x1024.jpeg 768w, https:\/\/www.go4dogs.de\/wp-content\/uploads\/2022\/03\/FC5284AE-CB7E-41EA-AD71-0B978A647CED-1152x1536.jpeg 1152w, https:\/\/www.go4dogs.de\/wp-content\/uploads\/2022\/03\/FC5284AE-CB7E-41EA-AD71-0B978A647CED-1536x2048.jpeg 1536w, https:\/\/www.go4dogs.de\/wp-content\/uploads\/2022\/03\/FC5284AE-CB7E-41EA-AD71-0B978A647CED-555x740.jpeg 555w\" sizes=\"(max-width: 606px) 100vw, 606px\" \/><\/a><\/p>\n<div style=\"width: 480px;\" class=\"wp-video\"><!--[if lt IE 9]><script>document.createElement('video');<\/script><![endif]-->\n<video class=\"wp-video-shortcode\" id=\"video-20155-1\" width=\"480\" height=\"480\" preload=\"metadata\" controls=\"controls\"><source type=\"video\/mp4\" src=\"https:\/\/www.go4dogs.de\/wp-content\/uploads\/2022\/03\/275732838_407572247723370_5819370138363422095_n.mp4?_=1\" \/><a href=\"https:\/\/www.go4dogs.de\/wp-content\/uploads\/2022\/03\/275732838_407572247723370_5819370138363422095_n.mp4\">https:\/\/www.go4dogs.de\/wp-content\/uploads\/2022\/03\/275732838_407572247723370_5819370138363422095_n.mp4<\/a><\/video><\/div>\n<div style=\"width: 480px;\" class=\"wp-video\"><video class=\"wp-video-shortcode\" id=\"video-20155-2\" width=\"480\" height=\"480\" preload=\"metadata\" controls=\"controls\"><source type=\"video\/mp4\" src=\"https:\/\/www.go4dogs.de\/wp-content\/uploads\/2022\/03\/275617163_388527539310285_5403405309217134618_n.mp4?_=2\" \/><a href=\"https:\/\/www.go4dogs.de\/wp-content\/uploads\/2022\/03\/275617163_388527539310285_5403405309217134618_n.mp4\">https:\/\/www.go4dogs.de\/wp-content\/uploads\/2022\/03\/275617163_388527539310285_5403405309217134618_n.mp4<\/a><\/video><\/div>\n<p>&nbsp;<\/p>\n<p>Die Leine wird aus braunem PPM-Tau gefertigt (10mm) und wird orange getakelt. Verwendete Karabiner und Ringe sind silber.<\/p>\n<p>Was macht die Zauberleine so besonders:<\/p>\n<ul>\n<li>sie besteht aus zwei Teilen:\n<ul>\n<li>einer Handschlaufe mit Karabiner (ca. 25cm lang)<\/li>\n<li>dem Leinenteil von ca. 4,70m L\u00e4nge<\/li>\n<\/ul>\n<\/li>\n<li>wie kannst du sie nutzen:\n<ul>\n<li>du kannst die Handschlaufe solo am Geschirr nutzen und hast somit immer eine bequeme Variante deinen Hund mal kurz &#8220;an die Leine&#8221; zu nehmen<\/li>\n<li>mittels der Zauberleinentechnik kannst du beide Ringe an der Handschlaufe befestigen und hast eine ca. 2m lange F\u00fchrleine (das Tau zum Hund hin ist dann &#8220;dreifach)<br \/>\n<a href=\"https:\/\/www.go4dogs.de\/?attachment_id=20140\" rel=\"attachment wp-att-20140\"><img decoding=\"async\" class=\"alignnone wp-image-20140\" src=\"https:\/\/www.go4dogs.de\/wp-content\/uploads\/2022\/03\/13ACB68E-1B01-4983-B805-D7B5A8CC68DA-scaled.jpeg\" alt=\"\" width=\"342\" height=\"456\" srcset=\"https:\/\/www.go4dogs.de\/wp-content\/uploads\/2022\/03\/13ACB68E-1B01-4983-B805-D7B5A8CC68DA-scaled.jpeg 1920w, https:\/\/www.go4dogs.de\/wp-content\/uploads\/2022\/03\/13ACB68E-1B01-4983-B805-D7B5A8CC68DA-225x300.jpeg 225w, https:\/\/www.go4dogs.de\/wp-content\/uploads\/2022\/03\/13ACB68E-1B01-4983-B805-D7B5A8CC68DA-768x1024.jpeg 768w, https:\/\/www.go4dogs.de\/wp-content\/uploads\/2022\/03\/13ACB68E-1B01-4983-B805-D7B5A8CC68DA-1152x1536.jpeg 1152w, https:\/\/www.go4dogs.de\/wp-content\/uploads\/2022\/03\/13ACB68E-1B01-4983-B805-D7B5A8CC68DA-1536x2048.jpeg 1536w, https:\/\/www.go4dogs.de\/wp-content\/uploads\/2022\/03\/13ACB68E-1B01-4983-B805-D7B5A8CC68DA-555x740.jpeg 555w\" sizes=\"(max-width: 342px) 100vw, 342px\" \/><\/a> <a href=\"https:\/\/www.go4dogs.de\/?attachment_id=20145\" rel=\"attachment wp-att-20145\"><img decoding=\"async\" class=\"alignnone wp-image-20145\" src=\"https:\/\/www.go4dogs.de\/wp-content\/uploads\/2022\/03\/7E90D1A0-CF39-4972-8B1A-FE7B551A0E8D-scaled.jpeg\" alt=\"\" width=\"342\" height=\"456\" srcset=\"https:\/\/www.go4dogs.de\/wp-content\/uploads\/2022\/03\/7E90D1A0-CF39-4972-8B1A-FE7B551A0E8D-scaled.jpeg 1920w, https:\/\/www.go4dogs.de\/wp-content\/uploads\/2022\/03\/7E90D1A0-CF39-4972-8B1A-FE7B551A0E8D-225x300.jpeg 225w, https:\/\/www.go4dogs.de\/wp-content\/uploads\/2022\/03\/7E90D1A0-CF39-4972-8B1A-FE7B551A0E8D-768x1024.jpeg 768w, https:\/\/www.go4dogs.de\/wp-content\/uploads\/2022\/03\/7E90D1A0-CF39-4972-8B1A-FE7B551A0E8D-1152x1536.jpeg 1152w, https:\/\/www.go4dogs.de\/wp-content\/uploads\/2022\/03\/7E90D1A0-CF39-4972-8B1A-FE7B551A0E8D-1536x2048.jpeg 1536w, https:\/\/www.go4dogs.de\/wp-content\/uploads\/2022\/03\/7E90D1A0-CF39-4972-8B1A-FE7B551A0E8D-555x740.jpeg 555w\" sizes=\"(max-width: 342px) 100vw, 342px\" \/><\/a><\/li>\n<li>l\u00f6se einen Ring an der Handschlaufe und du hast eine 5m-Schleppleine mit Handschlaufe zum Hund hin<br \/>\n<a href=\"https:\/\/www.go4dogs.de\/?attachment_id=20139\" rel=\"attachment wp-att-20139\"><img loading=\"lazy\" decoding=\"async\" class=\"alignnone wp-image-20139\" src=\"https:\/\/www.go4dogs.de\/wp-content\/uploads\/2022\/03\/7D7242DF-C9DC-452E-A9A8-3B5CDA93F407-scaled.jpeg\" alt=\"\" width=\"339\" height=\"452\" srcset=\"https:\/\/www.go4dogs.de\/wp-content\/uploads\/2022\/03\/7D7242DF-C9DC-452E-A9A8-3B5CDA93F407-scaled.jpeg 1920w, https:\/\/www.go4dogs.de\/wp-content\/uploads\/2022\/03\/7D7242DF-C9DC-452E-A9A8-3B5CDA93F407-225x300.jpeg 225w, https:\/\/www.go4dogs.de\/wp-content\/uploads\/2022\/03\/7D7242DF-C9DC-452E-A9A8-3B5CDA93F407-768x1024.jpeg 768w, https:\/\/www.go4dogs.de\/wp-content\/uploads\/2022\/03\/7D7242DF-C9DC-452E-A9A8-3B5CDA93F407-1152x1536.jpeg 1152w, https:\/\/www.go4dogs.de\/wp-content\/uploads\/2022\/03\/7D7242DF-C9DC-452E-A9A8-3B5CDA93F407-1536x2048.jpeg 1536w, https:\/\/www.go4dogs.de\/wp-content\/uploads\/2022\/03\/7D7242DF-C9DC-452E-A9A8-3B5CDA93F407-555x740.jpeg 555w\" sizes=\"(max-width: 339px) 100vw, 339px\" \/><\/a><\/li>\n<li>entferne die Handschlaufe und du hast eine 5m-Schleppleine zum Hund hin<br \/>\n<a href=\"https:\/\/www.go4dogs.de\/?attachment_id=20138\" rel=\"attachment wp-att-20138\"><img loading=\"lazy\" decoding=\"async\" class=\"alignnone wp-image-20138\" src=\"https:\/\/www.go4dogs.de\/wp-content\/uploads\/2022\/03\/BFB27133-1376-4E45-AE88-F1E9862BA71F-scaled.jpeg\" alt=\"\" width=\"344\" height=\"458\" srcset=\"https:\/\/www.go4dogs.de\/wp-content\/uploads\/2022\/03\/BFB27133-1376-4E45-AE88-F1E9862BA71F-scaled.jpeg 1920w, https:\/\/www.go4dogs.de\/wp-content\/uploads\/2022\/03\/BFB27133-1376-4E45-AE88-F1E9862BA71F-225x300.jpeg 225w, https:\/\/www.go4dogs.de\/wp-content\/uploads\/2022\/03\/BFB27133-1376-4E45-AE88-F1E9862BA71F-768x1024.jpeg 768w, https:\/\/www.go4dogs.de\/wp-content\/uploads\/2022\/03\/BFB27133-1376-4E45-AE88-F1E9862BA71F-1152x1536.jpeg 1152w, https:\/\/www.go4dogs.de\/wp-content\/uploads\/2022\/03\/BFB27133-1376-4E45-AE88-F1E9862BA71F-1536x2048.jpeg 1536w, https:\/\/www.go4dogs.de\/wp-content\/uploads\/2022\/03\/BFB27133-1376-4E45-AE88-F1E9862BA71F-555x740.jpeg 555w\" sizes=\"(max-width: 344px) 100vw, 344px\" \/><\/a><\/li>\n<\/ul>\n<\/li>\n<\/ul>\n<p>&nbsp;<\/p>\n<p>Die Zauberleine gibt es aktuell nur in dieser L\u00e4ngenkombination. F\u00fcr abweichende Wunschfarben w\u00e4hle die Wunschzauberleine und stell sie dir selbst zusammen.<\/p>\n<p>&nbsp;<\/p>\n","protected":false},"excerpt":{"rendered":"<p>Hier findet ihr unsere Zauberleine zum annyX-Geschirr in braun\/orange Zauberleine?? ja&#8230; EINE Leine f\u00fcr alles, sei es Handgriff am Geschirr, 5m Leine mit und ohne Handschlaufe oder 2m-F\u00fchrleine. Lass dich \u00fcberzeugen wie praktisch und toll diese Leine ist. &nbsp; Die Leine wird aus braunem PPM-Tau gefertigt (10mm) und wird orange getakelt. Verwendete Karabiner und Ringe [&hellip;]<\/p>\n","protected":false},"featured_media":20134,"comment_status":"closed","ping_status":"closed","template":"","meta":[],"product_brand":[],"product_cat":[284],"product_tag":[],"class_list":{"0":"post-20155","1":"product","2":"type-product","3":"status-publish","4":"has-post-thumbnail","6":"product_cat-hier-findest-du-unsere-zauberleine-aus-tau","7":"tm-has-options","9":"first","10":"instock","11":"taxable","12":"shipping-taxable","13":"product-type-simple"},"supplier_id":null,"supplier_sku":"","barcode":null,"atum_controlled":true,"out_stock_date":null,"out_stock_threshold":null,"inheritable":false,"inbound_stock":0,"stock_on_hold":0,"sold_today":0,"sales_last_days":0,"reserved_stock":0,"customer_returns":0,"warehouse_damage":0,"lost_in_post":0,"other_logs":0,"out_stock_days":0,"lost_sales":0,"has_location":false,"update_date":"2024-11-12T16:21:25","atum_locations":[],"atum_stock_status":"instock","restock_status":false,"low_stock_amount":"","sales_update_date":"2023-07-06T06:24:46","calc_backorders":null,"jetpack_sharing_enabled":true,"_links":{"self":[{"href":"https:\/\/www.go4dogs.de\/index.php?rest_route=\/wp\/v2\/product\/20155","targetHints":{"allow":["GET"]}}],"collection":[{"href":"https:\/\/www.go4dogs.de\/index.php?rest_route=\/wp\/v2\/product"}],"about":[{"href":"https:\/\/www.go4dogs.de\/index.php?rest_route=\/wp\/v2\/types\/product"}],"replies":[{"embeddable":true,"href":"https:\/\/www.go4dogs.de\/index.php?rest_route=%2Fwp%2Fv2%2Fcomments&post=20155"}],"wp:featuredmedia":[{"embeddable":true,"href":"https:\/\/www.go4dogs.de\/index.php?rest_route=\/wp\/v2\/media\/20134"}],"wp:attachment":[{"href":"https:\/\/www.go4dogs.de\/index.php?rest_route=%2Fwp%2Fv2%2Fmedia&parent=20155"}],"wp:term":[{"taxonomy":"product_brand","embeddable":true,"href":"https:\/\/www.go4dogs.de\/index.php?rest_route=%2Fwp%2Fv2%2Fproduct_brand&post=20155"},{"taxonomy":"product_cat","embeddable":true,"href":"https:\/\/www.go4dogs.de\/index.php?rest_route=%2Fwp%2Fv2%2Fproduct_cat&post=20155"},{"taxonomy":"product_tag","embeddable":true,"href":"https:\/\/www.go4dogs.de\/index.php?rest_route=%2Fwp%2Fv2%2Fproduct_tag&post=20155"}],"curies":[{"name":"wp","href":"https:\/\/api.w.org\/{rel}","templated":true}]}}