{"id":20037,"date":"2022-02-03T17:58:41","date_gmt":"2022-02-03T15:58:41","guid":{"rendered":"https:\/\/www.go4dogs.de\/?post_type=product&#038;p=20037"},"modified":"2024-11-12T18:21:14","modified_gmt":"2024-11-12T16:21:14","slug":"tauprodukte-zum-annyx-farbe-oliv-braun-camouflage-tau","status":"publish","type":"product","link":"https:\/\/www.go4dogs.de\/?product=tauprodukte-zum-annyx-farbe-oliv-braun-camouflage-tau","title":{"rendered":"Tauprodukte zum AnnyX &#8211; Farbe oliv\/braun (camouflage Tau)"},"content":{"rendered":"<p><strong>Hier findest du die passenden Tauprodukte zum AnnyX in der Farbe oliv\/braun<\/strong><\/p>\n<p>Unsere Tauprodukte bestehen aus PPM-Tau in Camouflage (8 oder 10mm) und olivem Takel!<br \/>\nJe nach Produkt werden Ringe, Karabiner und Endkappen in silber verarbeitet.<\/p>\n<ul>\n<li>verstellbare F\u00fchrleine in 2m-L\u00e4nge mit drei verstellbaren Ringen<\/li>\n<li>F\u00fchrleine in 1,20m-L\u00e4nge mit Handschlaufe<\/li>\n<li>Retrieverleine mit verstellbarem Halsung \u2013 die mitwachsende Leine. Durch die Knoten ist eine Verstellung auf die Halsgr\u00f6\u00dfe eures Hundes m\u00f6glich. Ideal auch f\u00fcr Welpen \u2013 die Leine w\u00e4chst mit dem heranwachsenden Hund mit<\/li>\n<li>Halsband in fixer L\u00e4nge, 2faches Tau (16mm oder 20mm Halsbandbreite) mit Ring und Karabiner<\/li>\n<\/ul>\n<p>H\u00e4ttest du diese Produkte gerne abgewandelt bzgl. der Karabinerfarben oder Takelfarben gehe bitte \u00fcber die entsprechende Taufarbe in den Wunschleinen.<\/p>\n<p>Waschbar in der Waschmaschine bei 30 Grad. Ein W\u00e4sches\u00e4ckchen empfehlen wir dir.<\/p>\n<p>Diese Produkte werden nach deiner Bestellung speziell f\u00fcr dich per Hand gefertigt. Sie sind daher von der R\u00fcckgabe ausgeschlossen.<\/p>\n","protected":false},"excerpt":{"rendered":"<p>Hier findest du die passenden Tauprodukte zum AnnyX in der Farbe oliv\/braun Unsere Tauprodukte bestehen aus PPM-Tau in Camouflage (8 oder 10mm) und olivem Takel! Je nach Produkt werden Ringe, Karabiner und Endkappen in silber verarbeitet. verstellbare F\u00fchrleine in 2m-L\u00e4nge mit drei verstellbaren Ringen F\u00fchrleine in 1,20m-L\u00e4nge mit Handschlaufe Retrieverleine mit verstellbarem Halsung \u2013 die [&hellip;]<\/p>\n","protected":false},"featured_media":20036,"comment_status":"closed","ping_status":"closed","template":"","meta":[],"product_brand":[],"product_cat":[213,274],"product_tag":[],"class_list":{"0":"post-20037","1":"product","2":"type-product","3":"status-publish","4":"has-post-thumbnail","6":"product_cat-deine-tauprodukte-zum-annyx","7":"product_cat-tauleinen-zum-annyx","8":"tm-has-options","10":"first","11":"instock","12":"taxable","13":"shipping-taxable","14":"product-type-simple"},"supplier_id":null,"supplier_sku":"","barcode":null,"atum_controlled":true,"out_stock_date":null,"out_stock_threshold":null,"inheritable":false,"inbound_stock":0,"stock_on_hold":0,"sold_today":0,"sales_last_days":1,"reserved_stock":0,"customer_returns":0,"warehouse_damage":0,"lost_in_post":0,"other_logs":0,"out_stock_days":0,"lost_sales":0,"has_location":false,"update_date":"2024-11-12T16:21:25","atum_locations":[],"atum_stock_status":"instock","restock_status":false,"low_stock_amount":"","sales_update_date":"2024-03-07T08:33:25","calc_backorders":null,"jetpack_sharing_enabled":true,"_links":{"self":[{"href":"https:\/\/www.go4dogs.de\/index.php?rest_route=\/wp\/v2\/product\/20037","targetHints":{"allow":["GET"]}}],"collection":[{"href":"https:\/\/www.go4dogs.de\/index.php?rest_route=\/wp\/v2\/product"}],"about":[{"href":"https:\/\/www.go4dogs.de\/index.php?rest_route=\/wp\/v2\/types\/product"}],"replies":[{"embeddable":true,"href":"https:\/\/www.go4dogs.de\/index.php?rest_route=%2Fwp%2Fv2%2Fcomments&post=20037"}],"wp:featuredmedia":[{"embeddable":true,"href":"https:\/\/www.go4dogs.de\/index.php?rest_route=\/wp\/v2\/media\/20036"}],"wp:attachment":[{"href":"https:\/\/www.go4dogs.de\/index.php?rest_route=%2Fwp%2Fv2%2Fmedia&parent=20037"}],"wp:term":[{"taxonomy":"product_brand","embeddable":true,"href":"https:\/\/www.go4dogs.de\/index.php?rest_route=%2Fwp%2Fv2%2Fproduct_brand&post=20037"},{"taxonomy":"product_cat","embeddable":true,"href":"https:\/\/www.go4dogs.de\/index.php?rest_route=%2Fwp%2Fv2%2Fproduct_cat&post=20037"},{"taxonomy":"product_tag","embeddable":true,"href":"https:\/\/www.go4dogs.de\/index.php?rest_route=%2Fwp%2Fv2%2Fproduct_tag&post=20037"}],"curies":[{"name":"wp","href":"https:\/\/api.w.org\/{rel}","templated":true}]}}