{"id":20000,"date":"2022-01-22T10:12:32","date_gmt":"2022-01-22T08:12:32","guid":{"rendered":"https:\/\/www.go4dogs.de\/?post_type=product&#038;p=20000"},"modified":"2024-12-05T16:25:21","modified_gmt":"2024-12-05T14:25:21","slug":"wolters-cleankeeper-dry-bone","status":"publish","type":"product","link":"https:\/\/www.go4dogs.de\/?product=wolters-cleankeeper-dry-bone","title":{"rendered":"WOLTERS Cleankeeper Dry Bone"},"content":{"rendered":"<div class=\"h3 product-detail-description-title\">Cleankeeper Dry Bone<\/div>\n<h4>DAMIT IST DEIN HUND SAUBER IN SEKUNDEN<\/h4>\n<p>Der WOLTERS Cleankeeper Dry Bone ist ein praktisches Handtuch zur Reinigung deines Hundes. Nach einem ausgiebigen Bad im See oder Spaziergang im Regen, wird das Fell des Vierbeiners durch den Dry Bone schnell wieder trocken und sauber. Zahlreiche weiche Mikrofaserstr\u00e4nge saugen den Dreck und w\u00e4ssrigen Schmutz im Nu auf und trocknen den Hund deutlich schneller ab als ein herk\u00f6mmliches Handtuch. Besonders praktisch sind die zwei Eingriffe, welche den H\u00e4nden Halt beim Abrubbeln bieten.<\/p>\n<div class=\"product-detail-properties\">\n<div class=\"row product-detail-properties-container mt-3\">\n<div class=\"col-12\">\n<table class=\"table table-striped product-detail-properties-table\">\n<tbody>\n<tr class=\"properties-row\">\n<th class=\"properties-label\">Farbe:<\/th>\n<td class=\"properties-value\">grau, braun<\/td>\n<\/tr>\n<tr class=\"properties-row\">\n<th class=\"properties-label\">Kategorie:<\/th>\n<td class=\"properties-value\">Fellpflege<\/td>\n<\/tr>\n<tr class=\"properties-row\">\n<th class=\"properties-label\">Material:<\/th>\n<td class=\"properties-value\">Polyamid, Polyester<\/td>\n<\/tr>\n<tr class=\"properties-row\">\n<th class=\"properties-label\">Produkttyp:<\/th>\n<td class=\"properties-value\">Handtuch<\/td>\n<\/tr>\n<tr class=\"properties-row\">\n<th class=\"properties-label\">Gr\u00f6\u00dfe:<\/th>\n<td class=\"properties-value\">79 x 33 x 3 cm<\/td>\n<\/tr>\n<\/tbody>\n<\/table>\n<div class=\"product-details-tip\">\n<h4>REINIGUNGS-TIPP:<\/h4>\n<p>Pflegehinweis: Der Dry Bone ist einzeln im Schonwaschgang bei 30 \u00b0C in der Maschine waschbar. Er sollte lufttrocknen und nicht in den Trockner gegeben werden.<\/p>\n<\/div>\n<div class=\"product-details-details mt-4\">\n<h4>PRODUKTDETAILS<\/h4>\n<ul>\n<li>Praktisches Handtuch zur Reinigung des Hundes<\/li>\n<li>Besonders wasser- und schmutzaufsaugend<\/li>\n<li>Optimal nach einem ausgiebigen Bad im See oder Spaziergang im Regen<\/li>\n<li>Trocknet den Hund deutlich schneller als ein normales Handtuch<\/li>\n<li>Besteht aus zahlreichen weichen Mikrofaserstr\u00e4ngen, die im Nu Schlamm, Staub und Wasser absorbieren<\/li>\n<li>Mit zwei Eingriffen f\u00fcr die H\u00e4nde<\/li>\n<li>Mit praktischer Schlaufe zum Aufh\u00e4ngen<\/li>\n<li>waschbar<\/li>\n<\/ul>\n<\/div>\n<\/div>\n<\/div>\n<\/div>\n","protected":false},"excerpt":{"rendered":"<p>Cleankeeper Dry Bone DAMIT IST DEIN HUND SAUBER IN SEKUNDEN Der WOLTERS Cleankeeper Dry Bone ist ein praktisches Handtuch zur Reinigung deines Hundes. Nach einem ausgiebigen Bad im See oder Spaziergang im Regen, wird das Fell des Vierbeiners durch den Dry Bone schnell wieder trocken und sauber. Zahlreiche weiche Mikrofaserstr\u00e4nge saugen den Dreck und w\u00e4ssrigen [&hellip;]<\/p>\n","protected":false},"featured_media":20004,"comment_status":"closed","ping_status":"closed","template":"","meta":[],"product_brand":[],"product_cat":[230,235,271],"product_tag":[],"class_list":{"0":"post-20000","1":"product","2":"type-product","3":"status-publish","4":"has-post-thumbnail","6":"product_cat-maentel-bademaentel-pullover","7":"product_cat-alles-fuer-die-pflege","8":"product_cat-wolters","9":"tm-no-options","11":"first","12":"instock","13":"taxable","14":"shipping-taxable","15":"product-type-variable"},"supplier_id":null,"supplier_sku":"","barcode":null,"atum_controlled":true,"out_stock_date":null,"out_stock_threshold":null,"inheritable":true,"inbound_stock":0,"stock_on_hold":0,"sold_today":0,"sales_last_days":1,"reserved_stock":0,"customer_returns":0,"warehouse_damage":0,"lost_in_post":0,"other_logs":0,"out_stock_days":null,"lost_sales":0,"has_location":false,"update_date":"2024-12-05T14:25:22","atum_locations":[],"atum_stock_status":"instock","restock_status":false,"low_stock_amount":"","sales_update_date":"2022-12-15T08:32:07","calc_backorders":null,"jetpack_sharing_enabled":true,"_links":{"self":[{"href":"https:\/\/www.go4dogs.de\/index.php?rest_route=\/wp\/v2\/product\/20000","targetHints":{"allow":["GET"]}}],"collection":[{"href":"https:\/\/www.go4dogs.de\/index.php?rest_route=\/wp\/v2\/product"}],"about":[{"href":"https:\/\/www.go4dogs.de\/index.php?rest_route=\/wp\/v2\/types\/product"}],"replies":[{"embeddable":true,"href":"https:\/\/www.go4dogs.de\/index.php?rest_route=%2Fwp%2Fv2%2Fcomments&post=20000"}],"wp:featuredmedia":[{"embeddable":true,"href":"https:\/\/www.go4dogs.de\/index.php?rest_route=\/wp\/v2\/media\/20004"}],"wp:attachment":[{"href":"https:\/\/www.go4dogs.de\/index.php?rest_route=%2Fwp%2Fv2%2Fmedia&parent=20000"}],"wp:term":[{"taxonomy":"product_brand","embeddable":true,"href":"https:\/\/www.go4dogs.de\/index.php?rest_route=%2Fwp%2Fv2%2Fproduct_brand&post=20000"},{"taxonomy":"product_cat","embeddable":true,"href":"https:\/\/www.go4dogs.de\/index.php?rest_route=%2Fwp%2Fv2%2Fproduct_cat&post=20000"},{"taxonomy":"product_tag","embeddable":true,"href":"https:\/\/www.go4dogs.de\/index.php?rest_route=%2Fwp%2Fv2%2Fproduct_tag&post=20000"}],"curies":[{"name":"wp","href":"https:\/\/api.w.org\/{rel}","templated":true}]}}