{"id":19910,"date":"2021-12-05T20:38:31","date_gmt":"2021-12-05T18:38:31","guid":{"rendered":"https:\/\/www.go4dogs.de\/?post_type=product&#038;p=19910"},"modified":"2025-11-29T06:41:54","modified_gmt":"2025-11-29T04:41:54","slug":"anny-x-mantelgeschirr-inlet-schwarz","status":"publish","type":"product","link":"https:\/\/www.go4dogs.de\/?product=anny-x-mantelgeschirr-inlet-schwarz","title":{"rendered":"Anny X-Mantelgeschirr Inlet schwarz"},"content":{"rendered":"<p><span style=\"font-family: Calibri;\">MANTELGESCHIRR INLET<\/span><\/p>\n<p><span style=\"font-family: Calibri;\">RUNDUM SCHUTZ F\u00dcR KALTE WINTERTAGE<\/span><\/p>\n<p><span style=\"font-family: Calibri;\">Das anny\u00b7x Mantelgeschirr Inlet \u00fcberzeugt auf ganzer Linie. Wer seinen Vierbeiner f\u00fcr die k\u00e4lteren Wintertage zus\u00e4tzlich vor K\u00e4lte sch\u00fctzen m\u00f6chte, macht mit dem Mantelgeschirr Inlet alles richtig. Durch eine speziell f\u00fcr Arbeitskleidung entwickelte Isolierung, die aus einer hochwertigen und gepr\u00fcften Isolationswatte besteht wird Ihr Hund auch bei winter\u00e4hnlichen Temperaturen gut gesch\u00fctzt. Das Inlet ist leicht, angenehm weich und die thermofixierte Faserf\u00fcllung erm\u00f6glicht zudem ein langanhaltendes W\u00e4rmer\u00fcckhalteverm\u00f6gen. Die ideale Erg\u00e4nzung zu unserem Mantelgeschirr.<\/span><\/p>\n<p><span style=\"font-family: Calibri;\">\u00a0<\/span><\/p>\n<p><b>Alles auf einen Blick<\/b><\/p>\n<ul>\n<li>Material: Oberstoff 100% PES nach ISO 14001 und 9001 zertifiziert<\/li>\n<li>100g thermofixierte Faserf\u00fcllung f\u00fcr kalte Tage geeignet<\/li>\n<li>Mantelgeschirr Inlet Gr\u00f6\u00dfen entsprechen dem anny\u00b7x Mantelgeschirr Atlantic (XS 34 bis XL 84)<\/li>\n<li>Waschbar bei 40\u00b0<\/li>\n<li>Stufenlose und Hundehaar-freundliche Verstellm\u00f6glichkeit im Brustbereich<\/li>\n<li>Weitenregulierung im Halsloch \u00fcber Kordel und Kordelstopper<\/li>\n<\/ul>\n","protected":false},"excerpt":{"rendered":"<p>MANTELGESCHIRR INLET RUNDUM SCHUTZ F\u00dcR KALTE WINTERTAGE Das anny\u00b7x Mantelgeschirr Inlet \u00fcberzeugt auf ganzer Linie. Wer seinen Vierbeiner f\u00fcr die k\u00e4lteren Wintertage zus\u00e4tzlich vor K\u00e4lte sch\u00fctzen m\u00f6chte, macht mit dem Mantelgeschirr Inlet alles richtig. Durch eine speziell f\u00fcr Arbeitskleidung entwickelte Isolierung, die aus einer hochwertigen und gepr\u00fcften Isolationswatte besteht wird Ihr Hund auch bei winter\u00e4hnlichen [&hellip;]<\/p>\n","protected":false},"featured_media":19927,"comment_status":"closed","ping_status":"closed","template":"","meta":[],"product_brand":[],"product_cat":[209],"product_tag":[],"class_list":{"0":"post-19910","1":"product","2":"type-product","3":"status-publish","4":"has-post-thumbnail","6":"product_cat-mantel-geschirre","7":"tm-no-options","9":"first","10":"instock","11":"sale","12":"taxable","13":"shipping-taxable","14":"product-type-variable"},"supplier_id":null,"supplier_sku":"","barcode":null,"atum_controlled":true,"out_stock_date":null,"out_stock_threshold":null,"inheritable":false,"inbound_stock":0,"stock_on_hold":0,"sold_today":2,"sales_last_days":5,"reserved_stock":0,"customer_returns":0,"warehouse_damage":0,"lost_in_post":0,"other_logs":0,"out_stock_days":null,"lost_sales":0,"has_location":false,"update_date":"2025-11-29T16:32:40","atum_locations":[],"atum_stock_status":"instock","restock_status":false,"low_stock_amount":"","sales_update_date":"2023-08-09T16:36:34","calc_backorders":null,"jetpack_sharing_enabled":true,"_links":{"self":[{"href":"https:\/\/www.go4dogs.de\/index.php?rest_route=\/wp\/v2\/product\/19910","targetHints":{"allow":["GET"]}}],"collection":[{"href":"https:\/\/www.go4dogs.de\/index.php?rest_route=\/wp\/v2\/product"}],"about":[{"href":"https:\/\/www.go4dogs.de\/index.php?rest_route=\/wp\/v2\/types\/product"}],"replies":[{"embeddable":true,"href":"https:\/\/www.go4dogs.de\/index.php?rest_route=%2Fwp%2Fv2%2Fcomments&post=19910"}],"wp:featuredmedia":[{"embeddable":true,"href":"https:\/\/www.go4dogs.de\/index.php?rest_route=\/wp\/v2\/media\/19927"}],"wp:attachment":[{"href":"https:\/\/www.go4dogs.de\/index.php?rest_route=%2Fwp%2Fv2%2Fmedia&parent=19910"}],"wp:term":[{"taxonomy":"product_brand","embeddable":true,"href":"https:\/\/www.go4dogs.de\/index.php?rest_route=%2Fwp%2Fv2%2Fproduct_brand&post=19910"},{"taxonomy":"product_cat","embeddable":true,"href":"https:\/\/www.go4dogs.de\/index.php?rest_route=%2Fwp%2Fv2%2Fproduct_cat&post=19910"},{"taxonomy":"product_tag","embeddable":true,"href":"https:\/\/www.go4dogs.de\/index.php?rest_route=%2Fwp%2Fv2%2Fproduct_tag&post=19910"}],"curies":[{"name":"wp","href":"https:\/\/api.w.org\/{rel}","templated":true}]}}