{"id":19814,"date":"2021-10-27T10:36:51","date_gmt":"2021-10-27T08:36:51","guid":{"rendered":"https:\/\/www.go4dogs.de\/?post_type=product&#038;p=19814"},"modified":"2025-10-30T13:07:25","modified_gmt":"2025-10-30T11:07:25","slug":"cloud7-leckerli-beutel-waschbares-papier-kiesel","status":"publish","type":"product","link":"https:\/\/www.go4dogs.de\/?product=cloud7-leckerli-beutel-waschbares-papier-kiesel","title":{"rendered":"Cloud7 Leckerli Beutel Waschbares Papier Kiesel"},"content":{"rendered":"<div class=\"product attribute description\">\n<div class=\"value\">\n<div class=\"first-description-pragraph\">\n<p>Ob als praktische Tasche f\u00fcr Snacks beim Hundespaziergang oder f\u00fcr Herrchen und Frauchen auf Reisen: Der Leckerli Beutel aus besonders spannendem Material \u2013 n\u00e4mlich waschbarem Papier \u2013 bietet unendlich viele Einsatzm\u00f6glichkeiten und einen gezielt minimalistischen Look. Eine stabile und dennoch knautschige Haptik sowie durchdachte Details wie eine Schlaufe zur Befestigung am G\u00fcrtel runden diese absolut zeitgem\u00e4\u00dfe Leckerli Tasche ab.<\/p>\n<ul class=\"description-checklist\">\n<li class=\"description-checklist-item\">waschbar<\/li>\n<li>inklusive G\u00fcrtelschlaufe<\/li>\n<li>perfekt f\u00fcr unterwegs<\/li>\n<\/ul>\n<\/div>\n<\/div>\n<\/div>\n<div class=\"cl7-product-color-swatches\">Material:<\/div>\n<div class=\"second-description-pragraph\">\n<p>100% \u201cstone washed\u201d Papier<\/p>\n<div class=\"second-description-title\">Pflege:<\/div>\n<p><span lang=\"EN-US\">Feinw\u00e4sche 30 Grad<\/span><\/p>\n<div class=\"second-description-title\">Gr\u00f6\u00dfe:<\/div>\n<p>15 x 10 x 5\u00a0cm (L x B\u00a0x T)<\/p>\n<\/div>\n","protected":false},"excerpt":{"rendered":"<p>Ob als praktische Tasche f\u00fcr Snacks beim Hundespaziergang oder f\u00fcr Herrchen und Frauchen auf Reisen: Der Leckerli Beutel aus besonders spannendem Material \u2013 n\u00e4mlich waschbarem Papier \u2013 bietet unendlich viele Einsatzm\u00f6glichkeiten und einen gezielt minimalistischen Look. Eine stabile und dennoch knautschige Haptik sowie durchdachte Details wie eine Schlaufe zur Befestigung am G\u00fcrtel runden diese absolut [&hellip;]<\/p>\n","protected":false},"featured_media":19813,"comment_status":"closed","ping_status":"closed","template":"","meta":[],"product_brand":[],"product_cat":[227,270,335],"product_tag":[],"class_list":{"0":"post-19814","1":"product","2":"type-product","3":"status-publish","4":"has-post-thumbnail","6":"product_cat-leckerliebeutel","7":"product_cat-cloud7","8":"product_cat-cloud7-taschen-und-leckerlibeutel","9":"tm-no-options","11":"first","12":"outofstock","13":"taxable","14":"shipping-taxable","15":"product-type-simple"},"supplier_id":null,"supplier_sku":"","barcode":null,"atum_controlled":true,"out_stock_date":"2025-10-30 13:07:23","out_stock_threshold":null,"inheritable":false,"inbound_stock":0,"stock_on_hold":0,"sold_today":0,"sales_last_days":0,"reserved_stock":0,"customer_returns":0,"warehouse_damage":0,"lost_in_post":0,"other_logs":0,"out_stock_days":0,"lost_sales":0,"has_location":false,"update_date":"2025-10-30T11:07:26","atum_locations":[],"atum_stock_status":"outofstock","restock_status":false,"low_stock_amount":"","sales_update_date":"2024-09-26T13:51:51","calc_backorders":null,"jetpack_sharing_enabled":true,"_links":{"self":[{"href":"https:\/\/www.go4dogs.de\/index.php?rest_route=\/wp\/v2\/product\/19814","targetHints":{"allow":["GET"]}}],"collection":[{"href":"https:\/\/www.go4dogs.de\/index.php?rest_route=\/wp\/v2\/product"}],"about":[{"href":"https:\/\/www.go4dogs.de\/index.php?rest_route=\/wp\/v2\/types\/product"}],"replies":[{"embeddable":true,"href":"https:\/\/www.go4dogs.de\/index.php?rest_route=%2Fwp%2Fv2%2Fcomments&post=19814"}],"wp:featuredmedia":[{"embeddable":true,"href":"https:\/\/www.go4dogs.de\/index.php?rest_route=\/wp\/v2\/media\/19813"}],"wp:attachment":[{"href":"https:\/\/www.go4dogs.de\/index.php?rest_route=%2Fwp%2Fv2%2Fmedia&parent=19814"}],"wp:term":[{"taxonomy":"product_brand","embeddable":true,"href":"https:\/\/www.go4dogs.de\/index.php?rest_route=%2Fwp%2Fv2%2Fproduct_brand&post=19814"},{"taxonomy":"product_cat","embeddable":true,"href":"https:\/\/www.go4dogs.de\/index.php?rest_route=%2Fwp%2Fv2%2Fproduct_cat&post=19814"},{"taxonomy":"product_tag","embeddable":true,"href":"https:\/\/www.go4dogs.de\/index.php?rest_route=%2Fwp%2Fv2%2Fproduct_tag&post=19814"}],"curies":[{"name":"wp","href":"https:\/\/api.w.org\/{rel}","templated":true}]}}