{"id":19693,"date":"2021-10-17T10:56:11","date_gmt":"2021-10-17T08:56:11","guid":{"rendered":"https:\/\/www.go4dogs.de\/?post_type=product&#038;p=19693"},"modified":"2024-11-12T18:35:47","modified_gmt":"2024-11-12T16:35:47","slug":"cloud7-hundemantel-alaska-olive-modell-2021","status":"publish","type":"product","link":"https:\/\/www.go4dogs.de\/?product=cloud7-hundemantel-alaska-olive-modell-2021","title":{"rendered":"Cloud7 Hundemantel Alaska Olive (Modell 2021)"},"content":{"rendered":"<p>Der weltweit erste Hundemantel aus 100% nachhaltigen Materialien ist zur\u00fcck \u2014 und dieses Mal mit einer noch besseren Passform. Dank neuester Technologien besteht das warme Eco-Daunen-Innenfutter allein aus recycelten PET-Flaschen. Das hoch-innovative Produkt samt wasserabweisendem Oberstoff spendet zudem durchg\u00e4ngig W\u00e4rme, sodass Ihr Hund auch an besonders kalten Tagen ideal von frostigen Temperaturen isoliert ist. Die allseits beliebten Klettverschl\u00fcsse mit reflektierendem Logo-Detail sorgen f\u00fcr schnelles An- und Ausziehen, gleichzeitig bringen sie eine extra Portion W\u00e4rme in den empfindlichen Brustbereich.<\/p>\n<ul class=\"description-checklist\">\n<li class=\"description-checklist-item\">100% nachhaltiger Hundemante<\/li>\n<li class=\"description-checklist-item\">optimierte Passform<\/li>\n<li class=\"description-checklist-item\">stark wasserabweisend<\/li>\n<li class=\"description-checklist-item\">ideale W\u00e4rmeverteilung<\/li>\n<\/ul>\n<p>BEACHTET BITTE DIE UNTERSCHIEDLICHEN GR\u00d6SSEN ZUM 2020er-MODELL!!<\/p>\n<p>&nbsp;<\/p>\n<div class=\"second-description-title\">\n<div class=\"second-description-title\">\n<div class=\"second-description-title\">Materialien:<\/div>\n<div class=\"second-description-cat\"><span class=\"second-description-cat-title\">Au\u00dfenmaterial:<\/span>100% recyceltes\u00a0Polyester<\/div>\n<div class=\"second-description-cat\"><span class=\"second-description-cat-title\">Wattierung:<\/span>100% recyceltes\u00a0Polyester<\/div>\n<div class=\"second-description-cat\"><span class=\"second-description-cat-title\">Innenfutter:<\/span>100% recyceltes\u00a0Polyester<\/div>\n<div class=\"second-description-title\">Pflege:<\/div>\n<p><strong>Waschen:\u00a0<\/strong>Vor dem Waschen Rei\u00df- und Klettverschl\u00fcsse verschlie\u00dfen \/ Waschmaschine nur locker bef\u00fcllen \/ Tennisb\u00e4lle mit in die Maschine geben, um Verklumpen der Daunen zu vermeiden \/ Daunen- oder Feinwaschmittel verwenden, Fein- oder Wollwaschgang mit max. 30 Grad \/ Keinen Weichsp\u00fcler verwenden! \/ Mit max. 600 Touren schleudern<\/p>\n<p><strong>Trocknen:\u00a0<\/strong>Den Mantel im Liegen trocknen \/ Mehrmals kr\u00e4ftig sch\u00fctteln, damit die Daunen nicht verklumpen \/ Nachtr\u00e4gliches Impr\u00e4gnieren ist m\u00f6glich<\/p>\n<\/div>\n<\/div>\n","protected":false},"excerpt":{"rendered":"<p>Der weltweit erste Hundemantel aus 100% nachhaltigen Materialien ist zur\u00fcck \u2014 und dieses Mal mit einer noch besseren Passform. Dank neuester Technologien besteht das warme Eco-Daunen-Innenfutter allein aus recycelten PET-Flaschen. Das hoch-innovative Produkt samt wasserabweisendem Oberstoff spendet zudem durchg\u00e4ngig W\u00e4rme, sodass Ihr Hund auch an besonders kalten Tagen ideal von frostigen Temperaturen isoliert ist. Die [&hellip;]<\/p>\n","protected":false},"featured_media":19705,"comment_status":"closed","ping_status":"closed","template":"","meta":[],"product_brand":[],"product_cat":[230,270,334],"product_tag":[],"class_list":{"0":"post-19693","1":"product","2":"type-product","3":"status-publish","4":"has-post-thumbnail","6":"product_cat-maentel-bademaentel-pullover","7":"product_cat-cloud7","8":"product_cat-cloud7-maentel","9":"tm-no-options","11":"first","12":"outofstock","13":"taxable","14":"shipping-taxable","15":"product-type-variable"},"supplier_id":null,"supplier_sku":"","barcode":null,"atum_controlled":true,"out_stock_date":null,"out_stock_threshold":null,"inheritable":false,"inbound_stock":0,"stock_on_hold":0,"sold_today":null,"sales_last_days":null,"reserved_stock":0,"customer_returns":0,"warehouse_damage":0,"lost_in_post":0,"other_logs":0,"out_stock_days":null,"lost_sales":null,"has_location":false,"update_date":"2024-11-12T16:35:54","atum_locations":[],"atum_stock_status":"outofstock","restock_status":false,"low_stock_amount":"","sales_update_date":"2024-10-04T12:43:16","calc_backorders":null,"jetpack_sharing_enabled":true,"_links":{"self":[{"href":"https:\/\/www.go4dogs.de\/index.php?rest_route=\/wp\/v2\/product\/19693","targetHints":{"allow":["GET"]}}],"collection":[{"href":"https:\/\/www.go4dogs.de\/index.php?rest_route=\/wp\/v2\/product"}],"about":[{"href":"https:\/\/www.go4dogs.de\/index.php?rest_route=\/wp\/v2\/types\/product"}],"replies":[{"embeddable":true,"href":"https:\/\/www.go4dogs.de\/index.php?rest_route=%2Fwp%2Fv2%2Fcomments&post=19693"}],"wp:featuredmedia":[{"embeddable":true,"href":"https:\/\/www.go4dogs.de\/index.php?rest_route=\/wp\/v2\/media\/19705"}],"wp:attachment":[{"href":"https:\/\/www.go4dogs.de\/index.php?rest_route=%2Fwp%2Fv2%2Fmedia&parent=19693"}],"wp:term":[{"taxonomy":"product_brand","embeddable":true,"href":"https:\/\/www.go4dogs.de\/index.php?rest_route=%2Fwp%2Fv2%2Fproduct_brand&post=19693"},{"taxonomy":"product_cat","embeddable":true,"href":"https:\/\/www.go4dogs.de\/index.php?rest_route=%2Fwp%2Fv2%2Fproduct_cat&post=19693"},{"taxonomy":"product_tag","embeddable":true,"href":"https:\/\/www.go4dogs.de\/index.php?rest_route=%2Fwp%2Fv2%2Fproduct_tag&post=19693"}],"curies":[{"name":"wp","href":"https:\/\/api.w.org\/{rel}","templated":true}]}}