{"id":19643,"date":"2021-10-01T14:48:18","date_gmt":"2021-10-01T12:48:18","guid":{"rendered":"https:\/\/www.go4dogs.de\/?post_type=product&#038;p=19643"},"modified":"2025-03-22T14:45:51","modified_gmt":"2025-03-22T12:45:51","slug":"wolfsblut-squashies-wild-duck-small-breed-entenfleisch-suesskartoffel-350g","status":"publish","type":"product","link":"https:\/\/www.go4dogs.de\/?product=wolfsblut-squashies-wild-duck-small-breed-entenfleisch-suesskartoffel-350g","title":{"rendered":"Wolfsblut Squashies Wild Duck Small Breed &#8211; Entenfleisch &#038; S\u00fc\u00dfkartoffel 350g"},"content":{"rendered":"<p><strong>Squashies Wild Duck Small Breed<\/strong><br \/>\nSofte Hundesnacks mit Entenfleisch und S\u00fc\u00dfkartoffel f\u00fcr kleine Hunderassen<\/p>\n<p>Der softe Hundesnack von WOLFSBLUT &#8211; ein Leckerli und Trainingssnack im praktischen, wiederverschlie\u00dfbaren Beutel.<\/p>\n<p><strong>Auf einen Blick<\/strong><\/p>\n<blockquote>\n<ul>\n<li>Nur nat\u00fcrliche Inhaltsstoffe<\/li>\n<li>Entenfleisch ist Hauptbestandteil. Das Fleisch hat Lebensmittelqualit\u00e4t, stammt aus b\u00e4uerlicher Freilandhaltung (keine Masttiere) und ist frei von Hormonen und Medikamenten<\/li>\n<li>Mit S\u00fc\u00dfkartoffeln &#8211; nach der amerikanischen Gesundheitsbeh\u00f6rde CSPI eines der n\u00e4hrstoffreichsten Gem\u00fcse<\/li>\n<li>Mit dem Superfood-Komplex der Wildpflanzen L\u00f6wenzahn, Brennnessel und Moringa oleifera<\/li>\n<li>Ohne Getreide, da Getreide keine nat\u00fcrliche Nahrung f\u00fcr Fleischfresser ist und zu den h\u00e4ufigsten Allergieausl\u00f6sern bei Hunden z\u00e4hlt<\/li>\n<li>Ohne Gluten, Mais, Soja, Geschmacksverst\u00e4rker, chemische Farbstoffe und k\u00fcnstliche Konservierungsmittel, denn Nahrung dient dem langfristigen Erhalt der Gesundheit<\/li>\n<li>Geeignet auch f\u00fcr Allergiker und allergiegef\u00e4hrdete Hunde<\/li>\n<\/ul>\n<\/blockquote>\n<p>Die Zusammensetzung von SQUASHIES WILD DUCK &#8211; Small Breed wurde gemeinsam mit Wissenschaftlern zusammengestellt, wodurch SQUASHIES WILD DUCK &#8211; Small Breed dem neuesten Wissensstand (\u00fcber die Ern\u00e4hrungsbed\u00fcrfnisse von Hunden) entspricht.<br \/>\nDazu tr\u00e4gt auch das Superfood Moringa oleifera bei.<\/p>\n<p>&#8211; Moringa<strong>\u00a0<\/strong>oleifera ist eine Pflanze aus der Familie der Bennuss Gew\u00e4chse, die aus der Himalaja-Region Nordwestindiens stammt. Sie kann antimikrobiell wirken, also das Wachstum von Mikroorganismen wie Bakterien hemmen.<\/p>\n<p>WOLFSBLUT verbindet das Urspr\u00fcngliche mit den Bed\u00fcrfnissen Ihres Hundes und erm\u00f6glicht so eine nat\u00fcrliche und artgerechte t\u00e4gliche Ern\u00e4hrung. Dabei dienen alle Zutaten dem Erhalt der Gesundheit Ihres Hundes.<\/p>\n<p>&nbsp;<\/p>\n<p>&nbsp;<\/p>\n<div class=\"row mb-3 pb-3\">\n<div class=\"col col-12 col-md-3\">Zusammensetzung:<\/div>\n<div class=\"col col-12 col-md-9\">Ente 40 % (davon getrocknete Ente 24 %, frische Ente 9 %, Entenfett 7 %), S\u00fc\u00dfkartoffeln 18 %, pflanzliches Glyzerin, Kartoffeln, Thymian, Majoran, Oregano, Petersilie, Salbei, Mineralien, Fenchel, Leinsamen, Pastinaken, Moringa, Kichererbsen, Tomaten, Brennnessel, Wei\u00dfdorn, L\u00f6wenzahn, Ginseng.<\/div>\n<\/div>\n<div class=\"row mb-3 pb-3\">\n<div><\/div>\n<div class=\"col col-12 col-md-3\">Analytische Bestandteile:<br \/>\nRohprotein 18 %, Rohfett 12 %, Rohasche 8 %, Rohfaser 1,5 %, Feuchte 18 %. Energiegehalt 301 kcal\/100 g.<\/div>\n<\/div>\n<div class=\"row mb-3 pb-3\">\n<div><\/div>\n<div class=\"col col-12 col-md-9\">Zwischendurch als Belohnung. Futtermenge nach Bedarf reduzieren. Stets frisches Wasser zur Verf\u00fcgung stellen.<\/div>\n<\/div>\n<div>\n<p>K\u00fchl und trocken aufbewahren.<\/p>\n<\/div>\n<div class=\"row mb-3 pb-3\">\n<div><\/div>\n<\/div>\n","protected":false},"excerpt":{"rendered":"<p>Squashies Wild Duck Small Breed Softe Hundesnacks mit Entenfleisch und S\u00fc\u00dfkartoffel f\u00fcr kleine Hunderassen Der softe Hundesnack von WOLFSBLUT &#8211; ein Leckerli und Trainingssnack im praktischen, wiederverschlie\u00dfbaren Beutel. Auf einen Blick Nur nat\u00fcrliche Inhaltsstoffe Entenfleisch ist Hauptbestandteil. Das Fleisch hat Lebensmittelqualit\u00e4t, stammt aus b\u00e4uerlicher Freilandhaltung (keine Masttiere) und ist frei von Hormonen und Medikamenten Mit [&hellip;]<\/p>\n","protected":false},"featured_media":19644,"comment_status":"closed","ping_status":"closed","template":"","meta":[],"product_brand":[],"product_cat":[233],"product_tag":[],"class_list":{"0":"post-19643","1":"product","2":"type-product","3":"status-publish","4":"has-post-thumbnail","6":"product_cat-leckerlies-von-wolfsblut","7":"tm-no-options","9":"first","10":"instock","11":"taxable","12":"shipping-taxable","13":"product-type-simple"},"supplier_id":null,"supplier_sku":"","barcode":null,"atum_controlled":true,"out_stock_date":null,"out_stock_threshold":null,"inheritable":false,"inbound_stock":null,"stock_on_hold":0,"sold_today":0,"sales_last_days":4,"reserved_stock":null,"customer_returns":null,"warehouse_damage":null,"lost_in_post":null,"other_logs":null,"out_stock_days":0,"lost_sales":0,"has_location":false,"update_date":"2025-08-27T08:52:06","atum_locations":[],"atum_stock_status":"instock","restock_status":false,"low_stock_amount":"","sales_update_date":"2025-08-27T08:52:06","calc_backorders":null,"jetpack_sharing_enabled":true,"_links":{"self":[{"href":"https:\/\/www.go4dogs.de\/index.php?rest_route=\/wp\/v2\/product\/19643","targetHints":{"allow":["GET"]}}],"collection":[{"href":"https:\/\/www.go4dogs.de\/index.php?rest_route=\/wp\/v2\/product"}],"about":[{"href":"https:\/\/www.go4dogs.de\/index.php?rest_route=\/wp\/v2\/types\/product"}],"replies":[{"embeddable":true,"href":"https:\/\/www.go4dogs.de\/index.php?rest_route=%2Fwp%2Fv2%2Fcomments&post=19643"}],"wp:featuredmedia":[{"embeddable":true,"href":"https:\/\/www.go4dogs.de\/index.php?rest_route=\/wp\/v2\/media\/19644"}],"wp:attachment":[{"href":"https:\/\/www.go4dogs.de\/index.php?rest_route=%2Fwp%2Fv2%2Fmedia&parent=19643"}],"wp:term":[{"taxonomy":"product_brand","embeddable":true,"href":"https:\/\/www.go4dogs.de\/index.php?rest_route=%2Fwp%2Fv2%2Fproduct_brand&post=19643"},{"taxonomy":"product_cat","embeddable":true,"href":"https:\/\/www.go4dogs.de\/index.php?rest_route=%2Fwp%2Fv2%2Fproduct_cat&post=19643"},{"taxonomy":"product_tag","embeddable":true,"href":"https:\/\/www.go4dogs.de\/index.php?rest_route=%2Fwp%2Fv2%2Fproduct_tag&post=19643"}],"curies":[{"name":"wp","href":"https:\/\/api.w.org\/{rel}","templated":true}]}}