{"id":19634,"date":"2021-10-01T11:48:00","date_gmt":"2021-10-01T09:48:00","guid":{"rendered":"https:\/\/www.go4dogs.de\/?post_type=product&#038;p=19634"},"modified":"2025-08-22T19:59:03","modified_gmt":"2025-08-22T17:59:03","slug":"wolfsblut-training-treats-dark-forest-wild-und-suesskartoffel-70g","status":"publish","type":"product","link":"https:\/\/www.go4dogs.de\/?product=wolfsblut-training-treats-dark-forest-wild-und-suesskartoffel-70g","title":{"rendered":"Wolfsblut Training Treats Dark Forest &#8211; Wild und S\u00fc\u00dfkartoffel 70g"},"content":{"rendered":"<p><strong>Wolfsblut Training Treats Dark Forest Snack\u00a0<\/strong><\/p>\n<p>Der softe Trainingssnack in Sternchenform mit Wild und S\u00fc\u00dfkartoffel und dem G\u00fctesigel des bekannten Welpentrainers Andr\u00e9 Vogt.<\/p>\n<p>Wir hatten die tolle M\u00f6glichkeit uns mit dem Hundeprofi Andr\u00e9 Vogt, bekannt aus sixx &#8220;Der Welpentrainer, \u00fcber den perfekten Snack auszutauschen und mit unserem Ern\u00e4hrungskonzept zu verbinden: Wertvolle und nat\u00fcrliche Zutaten mit viel Fleisch und einer getreidefreien Rezeptur f\u00fcr eine gute Vertr\u00e4glichkeit. Gemeinsam mit Andr\u00e9 Vogt, haben wir etwas ganz Besonderes entwickelt &#8211; die Wolfsblut Training Treats Dark Forest &#8211; speziell f\u00fcr das Hundetraining aller Altersstufen. Die softe Konsistenz und die Gr\u00f6\u00dfe der Snacks eignen sich besonders gut f\u00fcr viele Trainingszwecke, &#8211; ohne langes Kauen zu verursachen.<\/p>\n<p>Die Training Treats kommen im kleinen handlichen Format mit Wiederverschlussm\u00f6glichkeit, das sich ideal f\u00fcr das Training unterwegs eignet.<\/p>\n<p><strong>Die Snacks<\/strong>\u00a0<strong>Training Treats Dark Forest von Wolfsblut im \u00dcberblick:<\/strong><\/p>\n<blockquote>\n<ul>\n<li>Entwickelt mit dem bekannten Hundetrainer Andr\u00e9 Vogt, bekannt aus sixx &#8220;Der Welpentrainer&#8221;<\/li>\n<li>Snacks in kleiner Sternchenform mit softer Konsistenz, perfekt f\u00fcr viele Trainingszwecke, ohne langes Kauen, geeignet<\/li>\n<li>Rezeptur mit nat\u00fcrlichen Inhaltsstoffen &#8216;- Mit viel Wild als Hauptbestandteil der Rezeptur<\/li>\n<li>Mit wertvollen Superfoods wie S\u00fc\u00dfkartoffeln, Spirulina und Fenchel mit wertvollen Inhaltsstoffen<\/li>\n<li>Ohne Getreide, da es im nat\u00fcrlichen Beuteschema des Urahns des Hundes nicht vorkommt und zudem zu den h\u00e4ufigsten Allergieausl\u00f6sern bei Hunden z\u00e4hlt<\/li>\n<li>Ohne Zucker, Soja, Geschmacksverst\u00e4rkern &amp; k\u00fcnstlichen Zus\u00e4tzen (ausgenommen Vitamin C)<\/li>\n<li>Ohne Tierversuche<\/li>\n<li>Praktische und handliche Packung mit Wiederverschluss, die in jede Jackentasche passt<\/li>\n<li>F\u00fcr alle Altersstufen und Hundegr\u00f6\u00dfen geeignet<\/li>\n<\/ul>\n<\/blockquote>\n<p>&nbsp;<\/p>\n<div class=\"row mb-3 pb-3\">\n<div class=\"col col-12 col-md-3\">Zusammensetzung:<\/div>\n<div class=\"col col-12 col-md-9\">Getrocknetes Wild 35 %, S\u00fc\u00dfkartoffeln 17 %, pflanzliches Glycerin, frisches Lamm 14 %, hydrolisierte Leber 7 %, Kollagen 4 %, Erbsenprotein, Schwarze Johannisbeeren, Thymian, Spirulina, Fenchel, Zimt, Seetang.<\/div>\n<\/div>\n<div class=\"row mb-3 pb-3\">\n<div><\/div>\n<div class=\"col col-12 col-md-3\">Analytische Bestandteile:<br \/>\nRohprotein 31 %, Rohfett 6 %, Rohasche 9,5 %, Rohfaser 1 %, Feuchte 17 %, Calcium 1,5 %, Phosphor 1,1 %, Natrium 0,4 %. Energiegehalt 311kcal\/100g.<\/div>\n<\/div>\n<div class=\"row mb-3 pb-3\">\n<div><\/div>\n<div class=\"col col-12 col-md-3\">Zusatzstoffe je kg:<\/div>\n<div class=\"col col-12 col-md-9\">Vitamin C 100 mg.<\/div>\n<\/div>\n<div><\/div>\n<div>Als Belohnung w\u00e4hrend des Trainings oder kleine Zwischenmahlzeit. Nicht \u00fcberf\u00fcttern. Frisches Wasser sollte stets zur Verf\u00fcgung stehen. Ohne Zugabe k\u00fcnstlicher Antioxidantien, Farb- und Konservierungsstoffe.<\/div>\n<div class=\"row mb-3 pb-3\">\n<div><\/div>\n<\/div>\n","protected":false},"excerpt":{"rendered":"<p>Wolfsblut Training Treats Dark Forest Snack\u00a0 Der softe Trainingssnack in Sternchenform mit Wild und S\u00fc\u00dfkartoffel und dem G\u00fctesigel des bekannten Welpentrainers Andr\u00e9 Vogt. Wir hatten die tolle M\u00f6glichkeit uns mit dem Hundeprofi Andr\u00e9 Vogt, bekannt aus sixx &#8220;Der Welpentrainer, \u00fcber den perfekten Snack auszutauschen und mit unserem Ern\u00e4hrungskonzept zu verbinden: Wertvolle und nat\u00fcrliche Zutaten mit [&hellip;]<\/p>\n","protected":false},"featured_media":19636,"comment_status":"closed","ping_status":"closed","template":"","meta":[],"product_brand":[],"product_cat":[233],"product_tag":[],"class_list":{"0":"post-19634","1":"product","2":"type-product","3":"status-publish","4":"has-post-thumbnail","6":"product_cat-leckerlies-von-wolfsblut","7":"tm-no-options","9":"first","10":"instock","11":"taxable","12":"shipping-taxable","13":"product-type-simple"},"supplier_id":null,"supplier_sku":"","barcode":null,"atum_controlled":true,"out_stock_date":null,"out_stock_threshold":null,"inheritable":false,"inbound_stock":0,"stock_on_hold":0,"sold_today":0,"sales_last_days":0,"reserved_stock":0,"customer_returns":0,"warehouse_damage":0,"lost_in_post":0,"other_logs":0,"out_stock_days":0,"lost_sales":0,"has_location":false,"update_date":"2025-08-22T17:59:05","atum_locations":[],"atum_stock_status":"instock","restock_status":false,"low_stock_amount":"","sales_update_date":"2022-11-15T08:10:29","calc_backorders":null,"jetpack_sharing_enabled":true,"_links":{"self":[{"href":"https:\/\/www.go4dogs.de\/index.php?rest_route=\/wp\/v2\/product\/19634","targetHints":{"allow":["GET"]}}],"collection":[{"href":"https:\/\/www.go4dogs.de\/index.php?rest_route=\/wp\/v2\/product"}],"about":[{"href":"https:\/\/www.go4dogs.de\/index.php?rest_route=\/wp\/v2\/types\/product"}],"replies":[{"embeddable":true,"href":"https:\/\/www.go4dogs.de\/index.php?rest_route=%2Fwp%2Fv2%2Fcomments&post=19634"}],"wp:featuredmedia":[{"embeddable":true,"href":"https:\/\/www.go4dogs.de\/index.php?rest_route=\/wp\/v2\/media\/19636"}],"wp:attachment":[{"href":"https:\/\/www.go4dogs.de\/index.php?rest_route=%2Fwp%2Fv2%2Fmedia&parent=19634"}],"wp:term":[{"taxonomy":"product_brand","embeddable":true,"href":"https:\/\/www.go4dogs.de\/index.php?rest_route=%2Fwp%2Fv2%2Fproduct_brand&post=19634"},{"taxonomy":"product_cat","embeddable":true,"href":"https:\/\/www.go4dogs.de\/index.php?rest_route=%2Fwp%2Fv2%2Fproduct_cat&post=19634"},{"taxonomy":"product_tag","embeddable":true,"href":"https:\/\/www.go4dogs.de\/index.php?rest_route=%2Fwp%2Fv2%2Fproduct_tag&post=19634"}],"curies":[{"name":"wp","href":"https:\/\/api.w.org\/{rel}","templated":true}]}}