{"id":19494,"date":"2021-08-24T16:30:47","date_gmt":"2021-08-24T14:30:47","guid":{"rendered":"https:\/\/www.go4dogs.de\/?post_type=product&#038;p=19494"},"modified":"2025-11-26T17:28:40","modified_gmt":"2025-11-26T15:28:40","slug":"annyx-futterbeutel-leuchtorange","status":"publish","type":"product","link":"https:\/\/www.go4dogs.de\/?product=annyx-futterbeutel-leuchtorange","title":{"rendered":"annyx Futterbeutel leuchtorange"},"content":{"rendered":"<p><span style=\"font-family: Calibri;\">Der Futterbeutel kann wunderbar f\u00fcr Such- und Apportierspiele sowie spielerisches Belohnen eingesetzt werden.<\/span><\/p>\n<p><span style=\"font-family: Calibri;\">Die Beutel bestehen aus\u00a0einem\u00a0abriebfesten Material und sind innen mit N\u00e4sse abweisendem Stoff gef\u00fcttert, so dass auch Nassfutter oder Fleisch im Beutel transportiert werden k\u00f6nnen.<\/span><\/p>\n<p>Der besonders stabile Rei\u00dfverschluss und die dar\u00fcberliegende Stofflasche sorgen daf\u00fcr, dass zum einen alle N\u00e4hte vor spitzen Hundez\u00e4hnen gesch\u00fctzt sind. Zum anderen k\u00f6nnen die Hunde so schnell und effektiv belohnt werden, denn der Halter bekommt hier die M\u00f6glichkeit sekundenschnell zu Belohnen.<\/p>\n<p>An der seitlich befindlichen \u00d6se kann der Beutel mit einem Karabiner versehen werden, um ihn bequem einer G\u00fcrtelschlaufe zu befestigen.<\/p>\n<div class=\"panel panel-default\">\n<div class=\"panel-heading\">\n<h3 class=\"panel-title\">Pflegehinweise<\/h3>\n<\/div>\n<div id=\"tab-tab2-name\" class=\"panel-body\">Der Beutel kann bei 30 Grad in der Waschmaschine gewaschen werden.<\/div>\n<\/div>\n<div class=\"panel panel-default\">\n<div class=\"panel-heading\">\n<h3 class=\"panel-title\">Masstabelle<\/h3>\n<\/div>\n<div id=\"tab-tab3-name\" class=\"panel-body\">\n<p>&nbsp;<\/p>\n<table class=\"data-table\">\n<tbody>\n<tr>\n<th>Leckerchenbeutel<\/th>\n<th>\u00a0 Gr\u00f6\u00dfe XXS<\/th>\n<th>\u00a0\u00a0 Gr\u00f6\u00dfe XS<\/th>\n<th>\u00a0\u00a0 Gr\u00f6\u00dfe S<\/th>\n<th>\u00a0 \u00a0Gr\u00f6\u00dfe M<\/th>\n<th>\u00a0\u00a0 Gr\u00f6\u00dfe L<\/th>\n<th>\u00a0\u00a0 Gr\u00f6\u00dfe XL<\/th>\n<\/tr>\n<tr class=\"even\">\n<td><\/td>\n<td><\/td>\n<td><\/td>\n<td><\/td>\n<td><\/td>\n<td><\/td>\n<\/tr>\n<tr>\n<td>\u00a0\u00a0\u00a0\u00a0 L\u00e4nge in cm<\/td>\n<td>\u00a0\u00a0\u00a0\u00a0\u00a0\u00a0\u00a0 7,5<\/td>\n<td>\u00a0\u00a0\u00a0\u00a0\u00a0 \u00a0\u00a0 12<\/td>\n<td>\u00a0\u00a0\u00a0\u00a0\u00a0\u00a0 15<\/td>\n<td>\u00a0\u00a0\u00a0\u00a0\u00a0\u00a0 20<\/td>\n<td>\u00a0\u00a0\u00a0\u00a0\u00a0 \u00a020<\/td>\n<td>\u00a0\u00a0\u00a0\u00a0\u00a0\u00a0 28<\/td>\n<\/tr>\n<tr>\n<td>\u00a0\u00a0\u00a0\u00a0 Umfang in cm<\/td>\n<td>\u00a0\u00a0\u00a0\u00a0\u00a0\u00a0\u00a0 10<\/td>\n<td>\u00a0\u00a0\u00a0\u00a0\u00a0\u00a0\u00a0\u00a0 14<\/td>\n<td>\u00a0\u00a0\u00a0\u00a0\u00a0\u00a0 20<\/td>\n<td>\u00a0\u00a0\u00a0\u00a0\u00a0\u00a0 20<\/td>\n<td>\u00a0\u00a0\u00a0\u00a0\u00a0 \u00a030<\/td>\n<td>\u00a0\u00a0\u00a0\u00a0\u00a0\u00a0 30<\/td>\n<\/tr>\n<\/tbody>\n<\/table>\n<\/div>\n<\/div>\n","protected":false},"excerpt":{"rendered":"<p>Der Futterbeutel kann wunderbar f\u00fcr Such- und Apportierspiele sowie spielerisches Belohnen eingesetzt werden. Die Beutel bestehen aus\u00a0einem\u00a0abriebfesten Material und sind innen mit N\u00e4sse abweisendem Stoff gef\u00fcttert, so dass auch Nassfutter oder Fleisch im Beutel transportiert werden k\u00f6nnen. Der besonders stabile Rei\u00dfverschluss und die dar\u00fcberliegende Stofflasche sorgen daf\u00fcr, dass zum einen alle N\u00e4hte vor spitzen Hundez\u00e4hnen [&hellip;]<\/p>\n","protected":false},"featured_media":19493,"comment_status":"closed","ping_status":"closed","template":"","meta":[],"product_brand":[],"product_cat":[206,207,208,209,218,219],"product_tag":[],"class_list":{"0":"post-19494","1":"product","2":"type-product","3":"status-publish","4":"has-post-thumbnail","6":"product_cat-fun-geschirre","7":"product_cat-protect-geschirre","8":"product_cat-safety-geschirre","9":"product_cat-mantel-geschirre","10":"product_cat-zum-werfen-zerren-jagen","11":"product_cat-zum-beschaeftigen","12":"tm-no-options","14":"first","15":"outofstock","16":"taxable","17":"shipping-taxable","18":"product-type-variable"},"supplier_id":null,"supplier_sku":"","barcode":null,"atum_controlled":true,"out_stock_date":null,"out_stock_threshold":null,"inheritable":false,"inbound_stock":0,"stock_on_hold":1,"sold_today":0,"sales_last_days":1,"reserved_stock":0,"customer_returns":0,"warehouse_damage":0,"lost_in_post":0,"other_logs":0,"out_stock_days":null,"lost_sales":0,"has_location":false,"update_date":"2024-11-12T07:47:59","atum_locations":[],"atum_stock_status":"instock","restock_status":false,"low_stock_amount":"","sales_update_date":"2024-07-06T06:58:17","calc_backorders":null,"jetpack_sharing_enabled":true,"_links":{"self":[{"href":"https:\/\/www.go4dogs.de\/index.php?rest_route=\/wp\/v2\/product\/19494","targetHints":{"allow":["GET"]}}],"collection":[{"href":"https:\/\/www.go4dogs.de\/index.php?rest_route=\/wp\/v2\/product"}],"about":[{"href":"https:\/\/www.go4dogs.de\/index.php?rest_route=\/wp\/v2\/types\/product"}],"replies":[{"embeddable":true,"href":"https:\/\/www.go4dogs.de\/index.php?rest_route=%2Fwp%2Fv2%2Fcomments&post=19494"}],"wp:featuredmedia":[{"embeddable":true,"href":"https:\/\/www.go4dogs.de\/index.php?rest_route=\/wp\/v2\/media\/19493"}],"wp:attachment":[{"href":"https:\/\/www.go4dogs.de\/index.php?rest_route=%2Fwp%2Fv2%2Fmedia&parent=19494"}],"wp:term":[{"taxonomy":"product_brand","embeddable":true,"href":"https:\/\/www.go4dogs.de\/index.php?rest_route=%2Fwp%2Fv2%2Fproduct_brand&post=19494"},{"taxonomy":"product_cat","embeddable":true,"href":"https:\/\/www.go4dogs.de\/index.php?rest_route=%2Fwp%2Fv2%2Fproduct_cat&post=19494"},{"taxonomy":"product_tag","embeddable":true,"href":"https:\/\/www.go4dogs.de\/index.php?rest_route=%2Fwp%2Fv2%2Fproduct_tag&post=19494"}],"curies":[{"name":"wp","href":"https:\/\/api.w.org\/{rel}","templated":true}]}}